{"id":9511,"date":"2026-04-10T20:22:59","date_gmt":"2026-04-10T20:22:59","guid":{"rendered":"https:\/\/ncse.ie\/?page_id=9511"},"modified":"2026-04-10T20:24:28","modified_gmt":"2026-04-10T20:24:28","slug":"paipear-comhairle-beartais-suntasach-maidir-le-scoileanna-agus-ranganna-speisialta-foilsithe-ag-cnos","status":"publish","type":"page","link":"https:\/\/www.ncse.ie\/ga\/cnos\/comhairle-beartais\/paipear-comhairle-beartais-suntasach-maidir-le-scoileanna-agus-ranganna-speisialta-foilsithe-ag-cnos\/","title":{"rendered":"P\u00e1ip\u00e9ar comhairle beartais suntasach maidir le scoileanna agus ranganna speisialta foilsithe ag CNOS"},"content":{"rendered":"<div\n\tclass=\"_es__wrapper\/base scroll-my-80 overflow-x-hidden selection:bg-primary-50 selection:text-white dark:selection:bg-neutral-5 dark:selection:text-primary-90 block-inset-x bg-primary-80 dark\"\n\t\t>\n\t<div class=\"_es__main-section\/base col-span-full pb-20 sm:pb-32 md:pb-40\">\n\t<div class=\"_es__breadcrumbs\/base flex flex-wrap gap-8 text-primary-70 dark:text-neutral-5 _es__main-section\/breadcrumbs py-12 sm:py-16\">\n\t<a\n\t\tclass=\"_es__breadcrumbs\/home hover:text-primary-40 dark:hover:text-neutral-20 focus-visible:text-primary-40 dark:focus-visible:text-neutral-20 focus-visible:outline-3 outline-offset-3 outline-primary-50 dark:outline-neutral-40 rounded-xs transition\"\n\t\thref=\"https:\/\/www.ncse.ie\/ga\/\">\n\t\t<svg width='24' height='24' viewBox='0 0 24 24' fill='none' xmlns='http:\/\/www.w3.org\/2000\/svg'><path d='M19 17.5C19 18.6046 18.1046 19.5 17 19.5H7C5.89543 19.5 5 18.6046 5 17.5V11.8721C5 11.316 5.23156 10.785 5.6391 10.4066L10.6391 5.76369C11.4065 5.05114 12.5935 5.05114 13.3609 5.76369L18.3609 10.4066C18.7684 10.785 19 11.316 19 11.8721L19 17.5Z' stroke='currentColor' stroke-width='1.5' stroke-linejoin='round'\/><\/svg>\t<\/a>\n\n\t<svg class=\"text-neutral-60 dark:text-neutral-40 select-none pointer-events-none\" width='24' height='24' viewBox='0 0 24 24' fill='none' xmlns='http:\/\/www.w3.org\/2000\/svg'><path d='M9 6L15.3667 12.3667L9 18.7333' stroke='currentColor' stroke-width='1.5' stroke-miterlimit='10' stroke-linecap='round' stroke-linejoin='round'\/><\/svg>\n\t\t\t<a\n\t\t\tclass=\"_es__breadcrumbs\/link underline underline-offset-3 hover:text-primary-40 dark:hover:text-neutral-20 focus-visible:text-primary-60 dark:focus-visible:text-neutral-5 focus-visible:outline-3 outline-offset-3 outline-primary-50 dark:outline-neutral-40 rounded-xs transition\"\n\t\t\thref=\"https:\/\/www.ncse.ie\/ga\/cnos\/\">\n\t\t\tCNOS\t\t<\/a>\n\t\n\t<svg class=\"text-neutral-60 dark:text-neutral-40 select-none pointer-events-none\" width='24' height='24' viewBox='0 0 24 24' fill='none' xmlns='http:\/\/www.w3.org\/2000\/svg'><path d='M9 6L15.3667 12.3667L9 18.7333' stroke='currentColor' stroke-width='1.5' stroke-miterlimit='10' stroke-linecap='round' stroke-linejoin='round'\/><\/svg>\n\t\n\t\n\t\t\t<a\n\t\t\tclass=\"_es__breadcrumbs\/link underline underline-offset-3 hover:text-primary-40 dark:hover:text-neutral-20 focus-visible:text-primary-60 dark:focus-visible:text-neutral-5 focus-visible:outline-3 outline-offset-3 outline-primary-50 dark:outline-neutral-40 rounded-xs transition\"\n\t\t\thref=\"https:\/\/www.ncse.ie\/ga\/cnos\/comhairle-beartais\/\">\n\t\t\tComhairle Beartais\t\t<\/a>\n\t\n\t<svg class=\"text-neutral-60 dark:text-neutral-40 select-none pointer-events-none\" width='24' height='24' viewBox='0 0 24 24' fill='none' xmlns='http:\/\/www.w3.org\/2000\/svg'><path d='M9 6L15.3667 12.3667L9 18.7333' stroke='currentColor' stroke-width='1.5' stroke-miterlimit='10' stroke-linecap='round' stroke-linejoin='round'\/><\/svg>\n\t<span class=\"select-none basis-full sm:basis-auto\">\n\t\tP\u00e1ip\u00e9ar comhairle beartais suntasach maidir le scoileanna agus ranganna speisialta foilsithe ag CNOS\t<\/span>\n<\/div>\n\t<div class=\"_es__main-section\/content space-y-24 sm:space-y-16 sm:w-6\/8 md:w-8\/12 pt-24 sm:pt-32\">\n\t\t<h2\t\t\tclass=\"_es__main-section\/heading text-primary-90 dark:text-white text-balance text-h3 sm:text-h2\"\n\t\t>\n\t\t\tP\u00e1ip\u00e9ar comhairle beartais suntasach maidir le scoileanna agus ranganna speisialta foilsithe ag CNOS\t\t<\/h2>\n\n\t\t\t<\/div>\n<\/div><\/div>\n\n<div\n\tclass=\"_es__wrapper\/base scroll-my-80 overflow-x-hidden selection:bg-primary-50 selection:text-white dark:selection:bg-neutral-5 dark:selection:text-primary-90 block-inset-x\"\n\t\t>\n\t<div class=\"_es__quote\/base p-32 sm:p-40 md:p-48 rounded-sm my-20 sm:my-32 md:my-48 bg-neutral-5 w-full sm:w-9\/10 md:w-9\/12 mt-80 mb-80\">\n\t<div class=\"_es__quote\/content flex flex-col sm:flex-row gap-32 sm:gap-40 md:gap-48 sm:flex-wrap md:flex-nowrap\">\n\t\t\n\t\t<blockquote class=\"_es__quote\/blockquote max-w-2xl\">\n\t\t\t<p class=\"_es__quote\/text text-primary-90 dark:text-white text-h5 sm:text-h4\">\n\t\t\t\t<strong><em>Oideachas Ionchuimsitheach do Shocha\u00ed Ionchuimsitheach<\/em><\/strong>\t\t\t<\/p>\n\n\t\t\t\t\t<\/blockquote>\n\n\t<\/div>\n<\/div><\/div>\n\n<div\n\tclass=\"_es__wrapper\/base scroll-my-80 overflow-x-hidden selection:bg-primary-50 selection:text-white dark:selection:bg-neutral-5 dark:selection:text-primary-90 block-inset-x base-grid\"\n\t\t>\n\t<p class=\"_es__body-text\/base col-span-3 sm:col-span-5 md:col-span-7 col-start-1 text-primary-90 dark:text-neutral-5 text-lg sm:text-xl pt-40 pb-40\">\n\t<strong>Molta\u00ed suntasacha ina leagtar b\u00e9im ar:<\/strong><\/p><\/div>\n\n<div\n\tclass=\"_es__wrapper\/base scroll-my-80 overflow-x-hidden selection:bg-primary-50 selection:text-white dark:selection:bg-neutral-5 dark:selection:text-primary-90 block-inset-x\"\n\t\t>\n\t<ul\tclass=\"_es__list\/base ml-[1.5em] [&amp;_:where(ul,ol)]:ml-[1.5em] [&amp;_:where(li)]:pl-[0.5rem] md:[&amp;_:where(li)]:pl-[1rem] text-primary-90 dark:text-neutral-5 list-disc text-lg sm:text-xl\"\n\t\t>\n\t\n<li>\n\tCos\u00e1n for\u00e1sach i dtreo ch\u00f3ras oideachais n\u00edos ionchuimsith\u00ed d&#8217;\u00c9irinn<\/li>\n\n<li>\n\tPr\u00edomhfheabhs\u00fach\u00e1in chun c\u00f3ras oideachais ionchuimsitheach a chur chun cinn<\/li>\n\n<li>\n\tSeirbh\u00eds\u00ed a theasta\u00edonn chun freastal ar riachtanais dalta\u00ed i dtimpeallachta\u00ed \u00e9ags\u00fala<\/li>\n\n<li>\n\tRochtain ar dheiseanna oideachais fi\u00fantacha ardchaighde\u00e1in do dhalta\u00ed ina bpobal f\u00e9in in \u00e9ineacht lena gcairde agus lena gcomhaoiseanna<\/li>\n\n<li>\n\tT\u00e1bhacht na scoileanna agus na ranganna speisialta i dtaobh oideachas a chur ar a gcuid dalta\u00ed agus aire a thabhairt d\u00f3ibh<\/li>\n<\/ul><\/div>\n\n<div\n\tclass=\"_es__wrapper\/base scroll-my-80 overflow-x-hidden selection:bg-primary-50 selection:text-white dark:selection:bg-neutral-5 dark:selection:text-primary-90 block-inset-x base-grid\"\n\t\t>\n\t<p class=\"_es__body-text\/base col-span-3 sm:col-span-5 md:col-span-7 col-start-1 text-primary-90 dark:text-neutral-5 text-lg sm:text-xl pt-40 pb-40\">\n\t <strong> 16 Ean\u00e1ir 2024: <\/strong>D&#8217;fhoilsigh an Chomhairle N\u00e1isi\u00fanta um Oideachas Speisialta inniu a p\u00e1ip\u00e9ar comhairle beartais maidir le scoileanna agus ranganna speisialta dar teideal <em>\u201cOideachas Ionchuimsitheach do Shocha\u00ed Ionchuimsitheach\u201d. <\/em>Tagann seo tar \u00e9is iarratas i nDeireadh F\u00f3mhair 2018, \u00f3n Aire Oideachais agus Scileanna ag an am, comhairle a thabhairt maidir leis an sol\u00e1thar oideachais do dhalta\u00ed i scoileanna agus ranganna speisialta agus molta\u00ed a dh\u00e9anamh faoin sol\u00e1thar a theasta\u00edonn amach anseo chun go mbainfidh siad tortha\u00ed n\u00edos fearr amach. Bh\u00ed s\u00e9 mar aidhm ag comhairle beartais CNOS an chaoi a bhf\u00e9adfa\u00ed dea-chleachtais reatha a chomhth\u00e1th\u00fa agus a fhorbairt tuilleadh i leagan amach c\u00f3rais oideachais ionchuimsithigh ina mbeadh deis ag leana\u00ed foghlaim ina scoil \u00e1iti\u00fail lena sibl\u00edn\u00ed agus lena gcomhghleacaithe. <br><br>Moltar sa ph\u00e1ip\u00e9ar beartais forbairt ch\u00e9imnitheach ar r\u00e9ad\u00fa for\u00e1sach c\u00f3rais oideachais ionchuimsithigh d&#8217;\u00c9irinn. T\u00e1 s\u00e9 beartaithe an c\u00f3ras seo a bhun\u00fa ar Airteagail \u00e1bhartha Choinbhinsi\u00fan na N\u00e1isi\u00fan Aontaithe ar Chearta Daoine faoi Mh\u00edchumas (UNCRPD), a dhaingnigh \u00c9ire in 2018, agus ail\u00ednithe leis. Molann an chomhairle aistri\u00fa c\u00e9imnitheach ina mbeadh athruithe incriminteacha ag tarl\u00fa thar roinnt blianta, agus scoileanna agus ranganna speisialta f\u00f3s ina rogha t\u00e1bhachtach socr\u00fach\u00e1in do dhalta\u00ed agus do thuismitheoir\u00ed. Molann an chomhairle gur cheart don Roinn Oideachais agus do CNOS forbairt c\u00f3rais oideachais a lorg at\u00e1 d\u00edrithe go sonrach ar chomhth\u00e9acs na h\u00c9ireann. Ba cheart go nglacfa\u00ed san \u00e1ireamh sa ch\u00f3ras at\u00e1 ag teacht chun cinn dea-chleachtais reatha sa ch\u00f3ras oideachais agus go gcuirfeadh s\u00e9 borradh faoi acmhainn\u00ed reatha le m\u00e9ad\u00fa suntasach a chur na taca\u00edochta\u00ed s\u00edceola\u00edochta agus teiripeacha at\u00e1 ar f\u00e1il.    <br><br>Chuir John Kearney, Pr\u00edomhfheidhmeannach CNOS, b\u00e9im ar: \u201c<em>Is \u00e9 aidhm na comhairle seo feabhas a chur ar thortha\u00ed oideachais agus saoil gach dalta. Baintear tortha\u00ed amach do dhalta\u00ed nuair a bh\u00edonn n\u00edos m\u00f3 taca\u00edochta\u00ed teiripeacha agus s\u00edceola\u00edochta ar f\u00e1il sna scoileanna. Saibhr\u00edtear eisp\u00e9iris foghlama dalta\u00ed le foghlaim ghairmi\u00fail fheabhsaithe do mh\u00fainteoir\u00ed agus feabhsuithe ar fhoirgnimh scoileanna. Oibreoidh CNOS le gach gn\u00edomhaireacht chun saincheisteanna a r\u00e9iteach nuair a bh\u00edonn ar dhalta\u00ed achair fhada a thaisteal chun oideachas a fh\u00e1il lasmuigh d\u00e1 bpobal f\u00e9in. Tac\u00f3idh CNOS le ceannair\u00ed scoile leis an treoir a theasta\u00edonn uathu chun cleachtais ionchuimsitheacha a nead\u00fa do gach dalta. Aithn\u00edonn CNOS go mbeidh d\u00fashl\u00e1in mh\u00f3ra ann chun spriocanna uaillmhianacha na comhairle beartais seo a bhaint amach chun tortha\u00ed dalta\u00ed a fheabhs\u00fa.\u201d     <\/em><br><br>T\u00e1 an chomhairle bunaithe ar thaighde fairsing, comhairli\u00fach\u00e1n agus scr\u00fad\u00fa ar ch\u00f3rais oideachais idirn\u00e1isi\u00fanta den chine\u00e1l c\u00e9anna. Rinneadh anail\u00eds freisin ar chonair\u00ed chuig roghanna saoil iarscoile do dhalta\u00ed a bhfuil riachtanais speisialta oideachais acu. <br><br>T\u00e1 seacht bpr\u00edomh-mholadh sa chomhairle beartais:<\/p><\/div>\n\n<div\n\tclass=\"_es__wrapper\/base scroll-my-80 overflow-x-hidden selection:bg-primary-50 selection:text-white dark:selection:bg-neutral-5 dark:selection:text-primary-90 block-inset-x\"\n\t\t>\n\t<ul\tclass=\"_es__list\/base ml-[1.5em] [&amp;_:where(ul,ol)]:ml-[1.5em] [&amp;_:where(li)]:pl-[0.5rem] md:[&amp;_:where(li)]:pl-[1rem] text-primary-90 dark:text-neutral-5 list-disc text-lg sm:text-xl\"\n\t\t>\n\t\n<li>\n\tR\u00e9ad\u00fa for\u00e1sach c\u00f3rais Oideachais Ionchuimsithigh.<\/li>\n\n<li>\n\tRolladh Amach Taca\u00edochta\u00ed S\u00edceola\u00edochta, Teiripeacha agus Iompra\u00edochta do Scoileanna<\/li>\n\n<li>\n\tPlean forbartha gairmi\u00fala comhth\u00e1ite d&#8217;oideachas m\u00fainteoir\u00ed<\/li>\n\n<li>\n\tForbairt creata strucht\u00fartha do shocr\u00fach\u00e1n dalta\u00ed, sol\u00e1thar agus athbhreithni\u00fa<\/li>\n\n<li>\n\tSol\u00e1thar treorach agus comhairle do phobail scoile<\/li>\n\n<li>\n\tRochtain ar churaclam agus cl\u00e1ir mheas\u00fanaithe iomchu\u00ed<\/li>\n\n<li>\n\tCur i bhfeidhm cl\u00e1ir athch\u00f3irithe oideachais ionchuimsithigh le c\u00fanamh tr\u00ed Ionstraim Taca\u00edochta Teicni\u00fala an Choimisi\u00fain Eorpaigh.<\/li>\n<\/ul><\/div>\n\n<div\n\tclass=\"_es__wrapper\/base scroll-my-80 overflow-x-hidden selection:bg-primary-50 selection:text-white dark:selection:bg-neutral-5 dark:selection:text-primary-90 block-inset-x base-grid\"\n\t\t>\n\t<p class=\"_es__body-text\/base col-span-3 sm:col-span-5 md:col-span-7 col-start-1 text-primary-90 dark:text-neutral-5 text-lg sm:text-xl pt-40 pb-40\">\n\tT\u00e1 bonn l\u00e1idir ann chun c\u00f3ras oideachais ionchuimsithigh a fhorbairt in \u00c9irinn le hinfheist\u00edocht san oideachas speisialta cothrom le \u20ac2.6 billi\u00fan in aghaidh na bliana.<br><br>F\u00e1ilt\u00edonn CNOS go cu\u00ed roimh an sc\u00e9al go bhfuil iarratas d\u00e9anta go rath\u00fail cheana f\u00e9in ag an Roinn Oideachais ar Ionstraim Taca\u00edochta Teicni\u00fala (ITT) Oifig Athch\u00f3irithe DG an Choimisi\u00fain Eorpaigh. Cinnteoidh c\u00fanamh an ITT go mbeidh an raon athch\u00f3irithe a theasta\u00edonn chun samhail ionchuimsitheachta a leagan amach agus a fhorbairt do ch\u00f3ras oideachais na h\u00c9ireann bunaithe ar an dea-chleachtas Idirn\u00e1isi\u00fanta agus ar thaith\u00ed dl\u00edns\u00ed eile. <br><br>Is f\u00e9idir c\u00f3ip den tuarasc\u00e1il ioml\u00e1n, \u00e1bhar taca\u00edochta agus molta\u00ed a fh\u00e1il anseo <a href=\"https:\/\/www.ncse.ie\/policy-advice\">https:\/\/www.ncse.ie\/policy-advice<\/a><br><br>CR\u00cdOCH<\/p><\/div>","protected":false},"excerpt":{"rendered":"","protected":false},"author":6,"featured_media":0,"parent":6050,"menu_order":0,"comment_status":"closed","ping_status":"closed","template":"","meta":{"es_utils_meta_schema":"","footnotes":""},"class_list":["post-9511","page","type-page","status-publish","hentry"],"yoast_head":"<!-- This site is optimized with the Yoast SEO plugin v27.3 - https:\/\/yoast.com\/product\/yoast-seo-wordpress\/ -->\n<title>P\u00e1ip\u00e9ar comhairle beartais suntasach maidir le scoileanna agus ranganna speisialta foilsithe ag CNOS - NCSE<\/title>\n<meta name=\"robots\" content=\"index, follow, max-snippet:-1, max-image-preview:large, max-video-preview:-1\" \/>\n<link rel=\"canonical\" href=\"https:\/\/www.ncse.ie\/ga\/cnos\/comhairle-beartais\/paipear-comhairle-beartais-suntasach-maidir-le-scoileanna-agus-ranganna-speisialta-foilsithe-ag-cnos\/\" \/>\n<meta property=\"og:locale\" content=\"ga_IE\" \/>\n<meta property=\"og:type\" content=\"article\" \/>\n<meta property=\"og:title\" content=\"P\u00e1ip\u00e9ar comhairle beartais suntasach maidir le scoileanna agus ranganna speisialta foilsithe ag CNOS - NCSE\" \/>\n<meta property=\"og:url\" content=\"https:\/\/www.ncse.ie\/ga\/cnos\/comhairle-beartais\/paipear-comhairle-beartais-suntasach-maidir-le-scoileanna-agus-ranganna-speisialta-foilsithe-ag-cnos\/\" \/>\n<meta property=\"og:site_name\" content=\"NCSE\" \/>\n<meta property=\"article:modified_time\" content=\"2026-04-10T20:24:28+00:00\" \/>\n<meta name=\"twitter:card\" content=\"summary_large_image\" \/>\n<script type=\"application\/ld+json\" class=\"yoast-schema-graph\">{\"@context\":\"https:\\\/\\\/schema.org\",\"@graph\":[{\"@type\":\"WebPage\",\"@id\":\"https:\\\/\\\/www.ncse.ie\\\/ga\\\/cnos\\\/comhairle-beartais\\\/paipear-comhairle-beartais-suntasach-maidir-le-scoileanna-agus-ranganna-speisialta-foilsithe-ag-cnos\\\/\",\"url\":\"https:\\\/\\\/www.ncse.ie\\\/ga\\\/cnos\\\/comhairle-beartais\\\/paipear-comhairle-beartais-suntasach-maidir-le-scoileanna-agus-ranganna-speisialta-foilsithe-ag-cnos\\\/\",\"name\":\"P\u00e1ip\u00e9ar comhairle beartais suntasach maidir le scoileanna agus ranganna speisialta foilsithe ag CNOS - NCSE\",\"isPartOf\":{\"@id\":\"https:\\\/\\\/www.ncse.ie\\\/ga\\\/#website\"},\"datePublished\":\"2026-04-10T20:22:59+00:00\",\"dateModified\":\"2026-04-10T20:24:28+00:00\",\"breadcrumb\":{\"@id\":\"https:\\\/\\\/www.ncse.ie\\\/ga\\\/cnos\\\/comhairle-beartais\\\/paipear-comhairle-beartais-suntasach-maidir-le-scoileanna-agus-ranganna-speisialta-foilsithe-ag-cnos\\\/#breadcrumb\"},\"inLanguage\":\"ga-IE\",\"potentialAction\":[{\"@type\":\"ReadAction\",\"target\":[\"https:\\\/\\\/www.ncse.ie\\\/ga\\\/cnos\\\/comhairle-beartais\\\/paipear-comhairle-beartais-suntasach-maidir-le-scoileanna-agus-ranganna-speisialta-foilsithe-ag-cnos\\\/\"]}]},{\"@type\":\"BreadcrumbList\",\"@id\":\"https:\\\/\\\/www.ncse.ie\\\/ga\\\/cnos\\\/comhairle-beartais\\\/paipear-comhairle-beartais-suntasach-maidir-le-scoileanna-agus-ranganna-speisialta-foilsithe-ag-cnos\\\/#breadcrumb\",\"itemListElement\":[{\"@type\":\"ListItem\",\"position\":1,\"name\":\"Home\",\"item\":\"https:\\\/\\\/www.ncse.ie\\\/ga\\\/\"},{\"@type\":\"ListItem\",\"position\":2,\"name\":\"CNOS\",\"item\":\"https:\\\/\\\/www.ncse.ie\\\/ga\\\/ncse\\\/\"},{\"@type\":\"ListItem\",\"position\":3,\"name\":\"Comhairle Beartais\",\"item\":\"https:\\\/\\\/www.ncse.ie\\\/ga\\\/ncse\\\/policy-advice\\\/\"},{\"@type\":\"ListItem\",\"position\":4,\"name\":\"P\u00e1ip\u00e9ar comhairle beartais suntasach maidir le scoileanna agus ranganna speisialta foilsithe ag CNOS\"}]},{\"@type\":\"WebSite\",\"@id\":\"https:\\\/\\\/www.ncse.ie\\\/ga\\\/#website\",\"url\":\"https:\\\/\\\/www.ncse.ie\\\/ga\\\/\",\"name\":\"NCSE\",\"description\":\"National Council for Special Education\",\"potentialAction\":[{\"@type\":\"SearchAction\",\"target\":{\"@type\":\"EntryPoint\",\"urlTemplate\":\"https:\\\/\\\/www.ncse.ie\\\/ga\\\/?s={search_term_string}\"},\"query-input\":{\"@type\":\"PropertyValueSpecification\",\"valueRequired\":true,\"valueName\":\"search_term_string\"}}],\"inLanguage\":\"ga-IE\"}]}<\/script>\n<!-- \/ Yoast SEO plugin. -->","yoast_head_json":{"title":"P\u00e1ip\u00e9ar comhairle beartais suntasach maidir le scoileanna agus ranganna speisialta foilsithe ag CNOS - NCSE","robots":{"index":"index","follow":"follow","max-snippet":"max-snippet:-1","max-image-preview":"max-image-preview:large","max-video-preview":"max-video-preview:-1"},"canonical":"https:\/\/www.ncse.ie\/ga\/cnos\/comhairle-beartais\/paipear-comhairle-beartais-suntasach-maidir-le-scoileanna-agus-ranganna-speisialta-foilsithe-ag-cnos\/","og_locale":"ga_IE","og_type":"article","og_title":"P\u00e1ip\u00e9ar comhairle beartais suntasach maidir le scoileanna agus ranganna speisialta foilsithe ag CNOS - NCSE","og_url":"https:\/\/www.ncse.ie\/ga\/cnos\/comhairle-beartais\/paipear-comhairle-beartais-suntasach-maidir-le-scoileanna-agus-ranganna-speisialta-foilsithe-ag-cnos\/","og_site_name":"NCSE","article_modified_time":"2026-04-10T20:24:28+00:00","twitter_card":"summary_large_image","schema":{"@context":"https:\/\/schema.org","@graph":[{"@type":"WebPage","@id":"https:\/\/www.ncse.ie\/ga\/cnos\/comhairle-beartais\/paipear-comhairle-beartais-suntasach-maidir-le-scoileanna-agus-ranganna-speisialta-foilsithe-ag-cnos\/","url":"https:\/\/www.ncse.ie\/ga\/cnos\/comhairle-beartais\/paipear-comhairle-beartais-suntasach-maidir-le-scoileanna-agus-ranganna-speisialta-foilsithe-ag-cnos\/","name":"P\u00e1ip\u00e9ar comhairle beartais suntasach maidir le scoileanna agus ranganna speisialta foilsithe ag CNOS - NCSE","isPartOf":{"@id":"https:\/\/www.ncse.ie\/ga\/#website"},"datePublished":"2026-04-10T20:22:59+00:00","dateModified":"2026-04-10T20:24:28+00:00","breadcrumb":{"@id":"https:\/\/www.ncse.ie\/ga\/cnos\/comhairle-beartais\/paipear-comhairle-beartais-suntasach-maidir-le-scoileanna-agus-ranganna-speisialta-foilsithe-ag-cnos\/#breadcrumb"},"inLanguage":"ga-IE","potentialAction":[{"@type":"ReadAction","target":["https:\/\/www.ncse.ie\/ga\/cnos\/comhairle-beartais\/paipear-comhairle-beartais-suntasach-maidir-le-scoileanna-agus-ranganna-speisialta-foilsithe-ag-cnos\/"]}]},{"@type":"BreadcrumbList","@id":"https:\/\/www.ncse.ie\/ga\/cnos\/comhairle-beartais\/paipear-comhairle-beartais-suntasach-maidir-le-scoileanna-agus-ranganna-speisialta-foilsithe-ag-cnos\/#breadcrumb","itemListElement":[{"@type":"ListItem","position":1,"name":"Home","item":"https:\/\/www.ncse.ie\/ga\/"},{"@type":"ListItem","position":2,"name":"CNOS","item":"https:\/\/www.ncse.ie\/ga\/ncse\/"},{"@type":"ListItem","position":3,"name":"Comhairle Beartais","item":"https:\/\/www.ncse.ie\/ga\/ncse\/policy-advice\/"},{"@type":"ListItem","position":4,"name":"P\u00e1ip\u00e9ar comhairle beartais suntasach maidir le scoileanna agus ranganna speisialta foilsithe ag CNOS"}]},{"@type":"WebSite","@id":"https:\/\/www.ncse.ie\/ga\/#website","url":"https:\/\/www.ncse.ie\/ga\/","name":"NCSE","description":"National Council for Special Education","potentialAction":[{"@type":"SearchAction","target":{"@type":"EntryPoint","urlTemplate":"https:\/\/www.ncse.ie\/ga\/?s={search_term_string}"},"query-input":{"@type":"PropertyValueSpecification","valueRequired":true,"valueName":"search_term_string"}}],"inLanguage":"ga-IE"}]}},"_links":{"self":[{"href":"https:\/\/www.ncse.ie\/ga\/wp-json\/wp\/v2\/pages\/9511","targetHints":{"allow":["GET"]}}],"collection":[{"href":"https:\/\/www.ncse.ie\/ga\/wp-json\/wp\/v2\/pages"}],"about":[{"href":"https:\/\/www.ncse.ie\/ga\/wp-json\/wp\/v2\/types\/page"}],"author":[{"embeddable":true,"href":"https:\/\/www.ncse.ie\/ga\/wp-json\/wp\/v2\/users\/6"}],"replies":[{"embeddable":true,"href":"https:\/\/www.ncse.ie\/ga\/wp-json\/wp\/v2\/comments?post=9511"}],"version-history":[{"count":1,"href":"https:\/\/www.ncse.ie\/ga\/wp-json\/wp\/v2\/pages\/9511\/revisions"}],"predecessor-version":[{"id":9512,"href":"https:\/\/www.ncse.ie\/ga\/wp-json\/wp\/v2\/pages\/9511\/revisions\/9512"}],"up":[{"embeddable":true,"href":"https:\/\/www.ncse.ie\/ga\/wp-json\/wp\/v2\/pages\/6050"}],"wp:attachment":[{"href":"https:\/\/www.ncse.ie\/ga\/wp-json\/wp\/v2\/media?parent=9511"}],"curies":[{"name":"wp","href":"https:\/\/api.w.org\/{rel}","templated":true}]}}