{"id":9507,"date":"2026-04-10T20:18:19","date_gmt":"2026-04-10T20:18:19","guid":{"rendered":"https:\/\/ncse.ie\/?page_id=9507"},"modified":"2026-04-10T20:18:20","modified_gmt":"2026-04-10T20:18:20","slug":"an-bhfuil-coras-scoile-lan-ionchuimsitheach-oiriunach-deirinn","status":"publish","type":"page","link":"https:\/\/www.ncse.ie\/ga\/cnos\/comhairle-beartais\/an-bhfuil-coras-scoile-lan-ionchuimsitheach-oiriunach-deirinn\/","title":{"rendered":"An bhfuil c\u00f3ras scoile l\u00e1n-ionchuimsitheach oiri\u00fanach d&#8217;\u00c9irinn?"},"content":{"rendered":"<div\n\tclass=\"_es__wrapper\/base scroll-my-80 overflow-x-hidden selection:bg-primary-50 selection:text-white dark:selection:bg-neutral-5 dark:selection:text-primary-90 block-inset-x bg-primary-80 dark\"\n\t\t>\n\t<div class=\"_es__main-section\/base col-span-full pb-20 sm:pb-32 md:pb-40\">\n\t<div class=\"_es__breadcrumbs\/base flex flex-wrap gap-8 text-primary-70 dark:text-neutral-5 _es__main-section\/breadcrumbs py-12 sm:py-16\">\n\t<a\n\t\tclass=\"_es__breadcrumbs\/home hover:text-primary-40 dark:hover:text-neutral-20 focus-visible:text-primary-40 dark:focus-visible:text-neutral-20 focus-visible:outline-3 outline-offset-3 outline-primary-50 dark:outline-neutral-40 rounded-xs transition\"\n\t\thref=\"https:\/\/www.ncse.ie\/ga\/\">\n\t\t<svg width='24' height='24' viewBox='0 0 24 24' fill='none' xmlns='http:\/\/www.w3.org\/2000\/svg'><path d='M19 17.5C19 18.6046 18.1046 19.5 17 19.5H7C5.89543 19.5 5 18.6046 5 17.5V11.8721C5 11.316 5.23156 10.785 5.6391 10.4066L10.6391 5.76369C11.4065 5.05114 12.5935 5.05114 13.3609 5.76369L18.3609 10.4066C18.7684 10.785 19 11.316 19 11.8721L19 17.5Z' stroke='currentColor' stroke-width='1.5' stroke-linejoin='round'\/><\/svg>\t<\/a>\n\n\t<svg class=\"text-neutral-60 dark:text-neutral-40 select-none pointer-events-none\" width='24' height='24' viewBox='0 0 24 24' fill='none' xmlns='http:\/\/www.w3.org\/2000\/svg'><path d='M9 6L15.3667 12.3667L9 18.7333' stroke='currentColor' stroke-width='1.5' stroke-miterlimit='10' stroke-linecap='round' stroke-linejoin='round'\/><\/svg>\n\t\t\t<a\n\t\t\tclass=\"_es__breadcrumbs\/link underline underline-offset-3 hover:text-primary-40 dark:hover:text-neutral-20 focus-visible:text-primary-60 dark:focus-visible:text-neutral-5 focus-visible:outline-3 outline-offset-3 outline-primary-50 dark:outline-neutral-40 rounded-xs transition\"\n\t\t\thref=\"https:\/\/www.ncse.ie\/ga\/cnos\/\">\n\t\t\tCNOS\t\t<\/a>\n\t\n\t<svg class=\"text-neutral-60 dark:text-neutral-40 select-none pointer-events-none\" width='24' height='24' viewBox='0 0 24 24' fill='none' xmlns='http:\/\/www.w3.org\/2000\/svg'><path d='M9 6L15.3667 12.3667L9 18.7333' stroke='currentColor' stroke-width='1.5' stroke-miterlimit='10' stroke-linecap='round' stroke-linejoin='round'\/><\/svg>\n\t\n\t\n\t\t\t<a\n\t\t\tclass=\"_es__breadcrumbs\/link underline underline-offset-3 hover:text-primary-40 dark:hover:text-neutral-20 focus-visible:text-primary-60 dark:focus-visible:text-neutral-5 focus-visible:outline-3 outline-offset-3 outline-primary-50 dark:outline-neutral-40 rounded-xs transition\"\n\t\t\thref=\"https:\/\/www.ncse.ie\/ga\/cnos\/comhairle-beartais\/\">\n\t\t\tComhairle Beartais\t\t<\/a>\n\t\n\t<svg class=\"text-neutral-60 dark:text-neutral-40 select-none pointer-events-none\" width='24' height='24' viewBox='0 0 24 24' fill='none' xmlns='http:\/\/www.w3.org\/2000\/svg'><path d='M9 6L15.3667 12.3667L9 18.7333' stroke='currentColor' stroke-width='1.5' stroke-miterlimit='10' stroke-linecap='round' stroke-linejoin='round'\/><\/svg>\n\t<span class=\"select-none basis-full sm:basis-auto\">\n\t\tAn bhfuil c\u00f3ras scoile l\u00e1n-ionchuimsitheach oiri\u00fanach d&#8217;\u00c9irinn?\t<\/span>\n<\/div>\n\t<div class=\"_es__main-section\/content space-y-24 sm:space-y-16 sm:w-6\/8 md:w-8\/12 pt-24 sm:pt-32\">\n\t\t<h2\t\t\tclass=\"_es__main-section\/heading text-primary-90 dark:text-white text-balance text-h3 sm:text-h2\"\n\t\t>\n\t\t\tAn bhfuil c\u00f3ras scoile l\u00e1n-ionchuimsitheach oiri\u00fanach d&#8217;\u00c9irinn?\t\t<\/h2>\n\n\t\t\t<\/div>\n<\/div><\/div>\n\n<div\n\tclass=\"_es__wrapper\/base scroll-my-80 overflow-x-hidden selection:bg-primary-50 selection:text-white dark:selection:bg-neutral-5 dark:selection:text-primary-90 block-inset-x base-grid\"\n\t\t>\n\t<p class=\"_es__body-text\/base col-span-3 sm:col-span-5 md:col-span-7 col-start-1 text-primary-90 dark:text-neutral-5 text-lg sm:text-xl pt-40 pb-40\">\n\t<strong> <\/strong>T\u00e1 go leor t\u00edortha ar fud an domhain ag smaoineamh ar bhogadh i dtreo oideachas a chur ar gach leanbh le ch\u00e9ile, \u00e1it a gcialla\u00edonn &#8216;gach leanbh&#8217; i nd\u00e1ir\u00edre gach leanbh, lena n-\u00e1ir\u00edtear dalta\u00ed a bhfuil riachtanais chasta fhisici\u00fala, chumars\u00e1ide agus foghlama acu.<br><br>Beidh an Chomhairle N\u00e1isi\u00fanta um Oideachas Speisialta ag dul i gcomhairle go luath ar chomhairli\u00fach\u00e1n chun dearcadh an phobail a fh\u00e1il maidir le cib\u00e9 ar cheart d&#8217;\u00c9irinn bogadh sa treo seo. Deir Teresa Griffin, Pr\u00edomhfheidhmeannach CNOS: <br><br><em>\u201cT\u00e1imid ag iarraidh go mbeadh na tortha\u00ed oideachais is fearr \u00e1 bhf\u00e1il ag leana\u00ed \u00c9ireannacha a bhfuil riachtanais bhreise chasta acu in\u00e1r scoileanna. Is f\u00e9idir le leana\u00ed a bhfuil riachtanais bhreise acu freastal ar scoileanna pr\u00edomhshrutha n\u00f3 ar ranganna speisialta n\u00f3 ar scoileanna speisialta. Ach an \u00e9 seo an strucht\u00far is fearr n\u00f3 an bhfuil beala\u00ed n\u00edos fearr eile ann? Chomh maith le taighde idirn\u00e1isi\u00fanta agus n\u00e1isi\u00fanta a bhreithni\u00fa, t\u00e1imid ag f\u00e9achaint ar ch\u00faige New Brunswick i gCeanada agus ar an bPortaing\u00e9il, a bhfuil scoileanna l\u00e1n-ionchuimsitheacha forbartha acu araon.\u201d<\/em><br><br><em>Foilseoidh CNOS tuarasc\u00e1il dul chun cinn D\u00e9 M\u00e1irt ar a cuid oibre go dt\u00ed seo maidir leis an gceist th\u00e1bhachtach seo. Fuarthas fianaise ar infheist\u00edocht shuntasach san oideachas speisialta \u2013 t\u00e9ann beagnach 18% de bhuis\u00e9ad ioml\u00e1n an oideachais anois i dteor tac\u00fa le dalta\u00ed a bhfuil riachtanais speisialta acu. <\/em><br><br><em>Mhol go leor san earn\u00e1il oideachais a rabhthas i mbun comhairle leo go dt\u00ed seo go n-oibr\u00edonn an d\u00e9-ch\u00f3ras scoile speisialta\/pr\u00edomhshrutha go maith go ginear\u00e1lta.<\/em><br><br><em>Bhraith daoine eile a rabhthas i gcomhairle leo gur cheart go mbeadh scoileanna speisialta ar an gcampas c\u00e9anna le scoileanna pr\u00edomhshrutha ach nach bhf\u00e9adfaid\u00eds c\u00f3ras a shamhl\u00fa in \u00c9irinn ina bhf\u00e9adfadh gach dalta \u2013 lena n-\u00e1ir\u00edtear iad si\u00fad a bhfuil na riachtanais foghlama, leighis agus\/n\u00f3 iompra\u00edochta is casta acu \u2013 foghlaim le ch\u00e9ile laistigh den scoil ch\u00e9anna. Chuir siad imn\u00ed in i\u00fal faoin tionchar a d&#8217;fh\u00e9adfadh a bheith aige sin ar oideachas dalta\u00ed eile nach bhfuil riachtanais den s\u00f3rt sin acu. <\/em><br><br><em>Bh\u00edothas ar aon intinn go gcaithf\u00ed gn\u00e9ithe den ch\u00f3ras reatha a athr\u00fa, m.sh. foghlaim ghairmi\u00fail m\u00fainteoir\u00ed, foirgnimh scoile, m\u00e9id na ranganna, agus taca\u00edochta\u00ed teiripe.<\/em><br><br><em>N\u00edl aon fhianaise shuntasach aimsithe go dt\u00ed ag CNOS go mb\u00edonn tortha\u00ed n\u00edos fearr ag dalta\u00ed a bhfuil riachtanais bhreise acu i scoileanna\/ranganna speisialta.<\/em><br><br>Leagtar amach sa tuarasc\u00e1il an baol go bhf\u00e9adfadh \u00c9ire a bheith ag s\u00e1r\u00fa Choinbhinsi\u00fan na N\u00e1isi\u00fan Aontaithe ar Chearta Daoine faoi Mh\u00edchumas a \u00e9il\u00edonn go bhf\u00e9adfaidh leana\u00ed faoi mh\u00edchumas rochtain a fh\u00e1il ar bhunoideachas agus me\u00e1noideachas ionchuimsitheach ar ardchaighde\u00e1n agus saor in aisce. T\u00e1 t\u00edortha eile c\u00e1inte ag coiste na NA de bharr nach bhfuil oideachas \u00e1 chur ar gach leanbh le ch\u00e9ile i ranganna pr\u00edomhshrutha laistigh d\u00e1 scoil \u00e1iti\u00fail. <br><br>Cr\u00edochn\u00f3idh CNOS a cuid oibre i m\u00ed an Mheithimh 2020. Agus an tuarasc\u00e1il \u00e1 cr\u00edochn\u00fa, is \u00e9 leas is fearr na leana\u00ed agus a gcuid riachtanas \u00e9 c\u00e9ad bhreithni\u00fa bun\u00fasach CNOS. <br><br>+++++++++++++++++++++++++++++++++++++++++++++++++++<br><br><strong>N\u00f3ta don eagarth\u00f3ir:<\/strong><br>Is \u00ed CNOS an ghn\u00edomhaireacht n\u00e1isi\u00fanta at\u00e1 freagrach as comhairle neamhsple\u00e1ch, shaineolach ar bheartas a chur ar f\u00e1il don Aire maidir le hoideachas a chur ar dhalta\u00ed a bhfuil riachtanais speisialta oideachais acu.<br><br>D&#8217;iarr an tAire ar CNOS a scr\u00fad\u00fa an bhfuil fianaise \u00e1iti\u00fail, n\u00f3 idirn\u00e1isi\u00fanta, ann go dtugann socr\u00fach\u00e1n i su\u00edomhanna speisialaithe tortha\u00ed agus eisp\u00e9iris oideachais feabhsaithe do dhalta\u00ed a bhfuil riachtanais speisialta oideachais acu.<br><br><strong>Cur Chuige CNOS<\/strong><br>B\u00edonn comhairle bheartais CNOS bunaithe i gc\u00f3na\u00ed ar an dea-chleachtas idirn\u00e1isi\u00fanta. Coimisi\u00fana\u00edonn agus\/n\u00f3 d\u00e9anann CNOS a taighde f\u00e9in; t\u00e9ann s\u00ed i mbun pr\u00f3iseas leathan comhairli\u00fach\u00e1in le p\u00e1irtithe leasmhara oideachais lena n-\u00e1ir\u00edtear dalta\u00ed, tuismitheoir\u00ed, m\u00fainteoir\u00ed, pr\u00edomhoid\u00ed, gr\u00fapa\u00ed abhc\u00f3ideachta, comhlachta\u00ed bainist\u00edochta scoile agus breithn\u00edonn s\u00ed an fhianaise uile at\u00e1 ar f\u00e1il sula gcuireann s\u00ed a comhairle bheartais i gcr\u00edch. <br><br><strong>Go dt\u00ed seo, t\u00e1 siad seo a lenas d\u00e9anta ag CNOS<\/strong>:<\/p><\/div>\n\n<div\n\tclass=\"_es__wrapper\/base scroll-my-80 overflow-x-hidden selection:bg-primary-50 selection:text-white dark:selection:bg-neutral-5 dark:selection:text-primary-90 block-inset-x\"\n\t\t>\n\t<ul\tclass=\"_es__list\/base ml-[1.5em] [&amp;_:where(ul,ol)]:ml-[1.5em] [&amp;_:where(li)]:pl-[0.5rem] md:[&amp;_:where(li)]:pl-[1rem] text-primary-90 dark:text-neutral-5 list-disc text-lg sm:text-xl\"\n\t\t>\n\t\n<li>\n\tAthbhreithni\u00fa ar an sol\u00e1thar oideachais reatha do dhalta\u00ed a bhfuil riachtanais bhreise acu in \u00c9irinn<\/li>\n\n<li>\n\tSeacht sn\u00e1ithe taighde ar leith, lena n-\u00e1ir\u00edtear athbhreithni\u00fa mionsonraithe litr\u00edochta<\/li>\n\n<li>\n\tCasta le breis agus 30 gr\u00fapa p\u00e1irtithe leasmhara \u00e9ags\u00fala<\/li>\n\n<li>\n\tCuairt tugtha ar 19 scoil \u00c9ireannacha<\/li>\n\n<li>\n\tBreathnaithe ar scoileanna l\u00e1n-ionchuimsitheacha i gc\u00faige New Brunswick i gCeanada agus i Liosp\u00f3in sa Phortaing\u00e9il.<\/li>\n<\/ul><\/div>\n\n<div\n\tclass=\"_es__wrapper\/base scroll-my-80 overflow-x-hidden selection:bg-primary-50 selection:text-white dark:selection:bg-neutral-5 dark:selection:text-primary-90 block-inset-x base-grid\"\n\t\t>\n\t<p class=\"_es__body-text\/base col-span-3 sm:col-span-5 md:col-span-7 col-start-1 text-primary-90 dark:text-neutral-5 text-lg sm:text-xl pt-40 pb-40\">\n\t<strong>Comhdh\u00e1il Taighde<\/strong><br>Beidh comhdh\u00e1il taighde bhliant\u00fail CNOS \u00e1 re\u00e1cht\u00e1il D\u00e9 M\u00e1irt an 19 Samhain agus meallann s\u00ed breis agus 200 p\u00e1irt\u00ed leasmhar oideachais. \u201cIonchuimsi\u00fa\u201d an t\u00e9ama agus f\u00e9achfaidh seisi\u00fan an tr\u00e1thn\u00f3na ar dh\u00e1 chuid den domhan ina bhfuil c\u00f3ras oideachais l\u00e1n-ionchuimsitheach i bhfeidhm cheana f\u00e9in \u2013 New Brunswick i gCeanada, agus ar an turas i dtreo ionchuimsi\u00fa ioml\u00e1n \u2013 an Phortaing\u00e9il. <br><br>In 2013, thug an tAire Oideachais ag an am i New Brunswick, Ceanada, Jody Carr, beartas ionchuimsithe ioml\u00e1in isteach, ina nd\u00e9antar oideachas a chur ar gach dalta\u00ed ina scoil phr\u00edomhshrutha \u00e1iti\u00fail: n\u00edl aon scoileanna speisialta n\u00e1 aon ranganna speisialta ann. Leagfaidh Jody amach na hathruithe i New Brunswick agus na pr\u00edomhcheachtanna a foghlaim\u00edodh do gach duine a bh\u00ed p\u00e1irteach san ionchuimsi\u00fa a chur i gcr\u00edch ar leibh\u00e9al c\u00f3rais. Leagfaidh a hiar-chomhghleaca\u00ed san obair seo, Kim Korotkov, \u00f3 Roinn an Oideachais, amach an r\u00f3l a bh\u00ed ag gr\u00fapa\u00ed \u00e9ags\u00fala chun c\u00f3ras oideachais l\u00e1n-ionchuimsitheach a chur i gcr\u00edch go praitici\u00fail.  <br><br>Is \u00e9 Jo\u00e3o Costa, R\u00fana\u00ed St\u00e1it na Portaing\u00e9ile don Oideachas, a dh\u00e9anfaidh an cur i l\u00e1thair deiridh. Tabharfaidh Jo\u00e3o l\u00e9argas d\u00fainn ar na forbairt\u00ed at\u00e1 ar si\u00fal sa Phortaing\u00e9il, at\u00e1 ag bogadh i dtreo c\u00f3ras oideachais l\u00e1n-ionchuimsitheach. Go h\u00e1irithe, f\u00e9achfaidh s\u00e9 ar an gcaoi ar f\u00e9idir tac\u00fa le m\u00fainteoir\u00ed chun oideachas a chur ar gach dalta i gc\u00f3ras at\u00e1 ag athr\u00fa.  <br><br>Cuirfidh Se\u00e1n \u00d3 Foghl\u00fa, Ard-R\u00fana\u00ed na Roinne Oideachais agus Scileanna, deireadh leis an seisi\u00fan lena \u00f3r\u00e1id chomhdh\u00e1la.<br><br>CR\u00cdOCH<\/p><\/div>","protected":false},"excerpt":{"rendered":"","protected":false},"author":6,"featured_media":0,"parent":6050,"menu_order":0,"comment_status":"closed","ping_status":"closed","template":"","meta":{"es_utils_meta_schema":"","footnotes":""},"class_list":["post-9507","page","type-page","status-publish","hentry"],"yoast_head":"<!-- This site is optimized with the Yoast SEO plugin v27.3 - https:\/\/yoast.com\/product\/yoast-seo-wordpress\/ -->\n<title>An bhfuil c\u00f3ras scoile l\u00e1n-ionchuimsitheach oiri\u00fanach d&#039;\u00c9irinn? - NCSE<\/title>\n<meta name=\"robots\" content=\"index, follow, max-snippet:-1, max-image-preview:large, max-video-preview:-1\" \/>\n<link rel=\"canonical\" href=\"https:\/\/www.ncse.ie\/ga\/cnos\/comhairle-beartais\/an-bhfuil-coras-scoile-lan-ionchuimsitheach-oiriunach-deirinn\/\" \/>\n<meta property=\"og:locale\" content=\"ga_IE\" \/>\n<meta property=\"og:type\" content=\"article\" \/>\n<meta property=\"og:title\" content=\"An bhfuil c\u00f3ras scoile l\u00e1n-ionchuimsitheach oiri\u00fanach d&#039;\u00c9irinn? - NCSE\" \/>\n<meta property=\"og:url\" content=\"https:\/\/www.ncse.ie\/ga\/cnos\/comhairle-beartais\/an-bhfuil-coras-scoile-lan-ionchuimsitheach-oiriunach-deirinn\/\" \/>\n<meta property=\"og:site_name\" content=\"NCSE\" \/>\n<meta property=\"article:modified_time\" content=\"2026-04-10T20:18:20+00:00\" \/>\n<meta name=\"twitter:card\" content=\"summary_large_image\" \/>\n<script type=\"application\/ld+json\" class=\"yoast-schema-graph\">{\"@context\":\"https:\\\/\\\/schema.org\",\"@graph\":[{\"@type\":\"WebPage\",\"@id\":\"https:\\\/\\\/www.ncse.ie\\\/ga\\\/cnos\\\/comhairle-beartais\\\/an-bhfuil-coras-scoile-lan-ionchuimsitheach-oiriunach-deirinn\\\/\",\"url\":\"https:\\\/\\\/www.ncse.ie\\\/ga\\\/cnos\\\/comhairle-beartais\\\/an-bhfuil-coras-scoile-lan-ionchuimsitheach-oiriunach-deirinn\\\/\",\"name\":\"An bhfuil c\u00f3ras scoile l\u00e1n-ionchuimsitheach oiri\u00fanach d'\u00c9irinn? - NCSE\",\"isPartOf\":{\"@id\":\"https:\\\/\\\/www.ncse.ie\\\/ga\\\/#website\"},\"datePublished\":\"2026-04-10T20:18:19+00:00\",\"dateModified\":\"2026-04-10T20:18:20+00:00\",\"breadcrumb\":{\"@id\":\"https:\\\/\\\/www.ncse.ie\\\/ga\\\/cnos\\\/comhairle-beartais\\\/an-bhfuil-coras-scoile-lan-ionchuimsitheach-oiriunach-deirinn\\\/#breadcrumb\"},\"inLanguage\":\"ga-IE\",\"potentialAction\":[{\"@type\":\"ReadAction\",\"target\":[\"https:\\\/\\\/www.ncse.ie\\\/ga\\\/cnos\\\/comhairle-beartais\\\/an-bhfuil-coras-scoile-lan-ionchuimsitheach-oiriunach-deirinn\\\/\"]}]},{\"@type\":\"BreadcrumbList\",\"@id\":\"https:\\\/\\\/www.ncse.ie\\\/ga\\\/cnos\\\/comhairle-beartais\\\/an-bhfuil-coras-scoile-lan-ionchuimsitheach-oiriunach-deirinn\\\/#breadcrumb\",\"itemListElement\":[{\"@type\":\"ListItem\",\"position\":1,\"name\":\"Home\",\"item\":\"https:\\\/\\\/www.ncse.ie\\\/ga\\\/\"},{\"@type\":\"ListItem\",\"position\":2,\"name\":\"CNOS\",\"item\":\"https:\\\/\\\/www.ncse.ie\\\/ga\\\/ncse\\\/\"},{\"@type\":\"ListItem\",\"position\":3,\"name\":\"Comhairle Beartais\",\"item\":\"https:\\\/\\\/www.ncse.ie\\\/ga\\\/ncse\\\/policy-advice\\\/\"},{\"@type\":\"ListItem\",\"position\":4,\"name\":\"An bhfuil c\u00f3ras scoile l\u00e1n-ionchuimsitheach oiri\u00fanach d&#8217;\u00c9irinn?\"}]},{\"@type\":\"WebSite\",\"@id\":\"https:\\\/\\\/www.ncse.ie\\\/ga\\\/#website\",\"url\":\"https:\\\/\\\/www.ncse.ie\\\/ga\\\/\",\"name\":\"NCSE\",\"description\":\"National Council for Special Education\",\"potentialAction\":[{\"@type\":\"SearchAction\",\"target\":{\"@type\":\"EntryPoint\",\"urlTemplate\":\"https:\\\/\\\/www.ncse.ie\\\/ga\\\/?s={search_term_string}\"},\"query-input\":{\"@type\":\"PropertyValueSpecification\",\"valueRequired\":true,\"valueName\":\"search_term_string\"}}],\"inLanguage\":\"ga-IE\"}]}<\/script>\n<!-- \/ Yoast SEO plugin. -->","yoast_head_json":{"title":"An bhfuil c\u00f3ras scoile l\u00e1n-ionchuimsitheach oiri\u00fanach d'\u00c9irinn? - NCSE","robots":{"index":"index","follow":"follow","max-snippet":"max-snippet:-1","max-image-preview":"max-image-preview:large","max-video-preview":"max-video-preview:-1"},"canonical":"https:\/\/www.ncse.ie\/ga\/cnos\/comhairle-beartais\/an-bhfuil-coras-scoile-lan-ionchuimsitheach-oiriunach-deirinn\/","og_locale":"ga_IE","og_type":"article","og_title":"An bhfuil c\u00f3ras scoile l\u00e1n-ionchuimsitheach oiri\u00fanach d'\u00c9irinn? - NCSE","og_url":"https:\/\/www.ncse.ie\/ga\/cnos\/comhairle-beartais\/an-bhfuil-coras-scoile-lan-ionchuimsitheach-oiriunach-deirinn\/","og_site_name":"NCSE","article_modified_time":"2026-04-10T20:18:20+00:00","twitter_card":"summary_large_image","schema":{"@context":"https:\/\/schema.org","@graph":[{"@type":"WebPage","@id":"https:\/\/www.ncse.ie\/ga\/cnos\/comhairle-beartais\/an-bhfuil-coras-scoile-lan-ionchuimsitheach-oiriunach-deirinn\/","url":"https:\/\/www.ncse.ie\/ga\/cnos\/comhairle-beartais\/an-bhfuil-coras-scoile-lan-ionchuimsitheach-oiriunach-deirinn\/","name":"An bhfuil c\u00f3ras scoile l\u00e1n-ionchuimsitheach oiri\u00fanach d'\u00c9irinn? - NCSE","isPartOf":{"@id":"https:\/\/www.ncse.ie\/ga\/#website"},"datePublished":"2026-04-10T20:18:19+00:00","dateModified":"2026-04-10T20:18:20+00:00","breadcrumb":{"@id":"https:\/\/www.ncse.ie\/ga\/cnos\/comhairle-beartais\/an-bhfuil-coras-scoile-lan-ionchuimsitheach-oiriunach-deirinn\/#breadcrumb"},"inLanguage":"ga-IE","potentialAction":[{"@type":"ReadAction","target":["https:\/\/www.ncse.ie\/ga\/cnos\/comhairle-beartais\/an-bhfuil-coras-scoile-lan-ionchuimsitheach-oiriunach-deirinn\/"]}]},{"@type":"BreadcrumbList","@id":"https:\/\/www.ncse.ie\/ga\/cnos\/comhairle-beartais\/an-bhfuil-coras-scoile-lan-ionchuimsitheach-oiriunach-deirinn\/#breadcrumb","itemListElement":[{"@type":"ListItem","position":1,"name":"Home","item":"https:\/\/www.ncse.ie\/ga\/"},{"@type":"ListItem","position":2,"name":"CNOS","item":"https:\/\/www.ncse.ie\/ga\/ncse\/"},{"@type":"ListItem","position":3,"name":"Comhairle Beartais","item":"https:\/\/www.ncse.ie\/ga\/ncse\/policy-advice\/"},{"@type":"ListItem","position":4,"name":"An bhfuil c\u00f3ras scoile l\u00e1n-ionchuimsitheach oiri\u00fanach d&#8217;\u00c9irinn?"}]},{"@type":"WebSite","@id":"https:\/\/www.ncse.ie\/ga\/#website","url":"https:\/\/www.ncse.ie\/ga\/","name":"NCSE","description":"National Council for Special Education","potentialAction":[{"@type":"SearchAction","target":{"@type":"EntryPoint","urlTemplate":"https:\/\/www.ncse.ie\/ga\/?s={search_term_string}"},"query-input":{"@type":"PropertyValueSpecification","valueRequired":true,"valueName":"search_term_string"}}],"inLanguage":"ga-IE"}]}},"_links":{"self":[{"href":"https:\/\/www.ncse.ie\/ga\/wp-json\/wp\/v2\/pages\/9507","targetHints":{"allow":["GET"]}}],"collection":[{"href":"https:\/\/www.ncse.ie\/ga\/wp-json\/wp\/v2\/pages"}],"about":[{"href":"https:\/\/www.ncse.ie\/ga\/wp-json\/wp\/v2\/types\/page"}],"author":[{"embeddable":true,"href":"https:\/\/www.ncse.ie\/ga\/wp-json\/wp\/v2\/users\/6"}],"replies":[{"embeddable":true,"href":"https:\/\/www.ncse.ie\/ga\/wp-json\/wp\/v2\/comments?post=9507"}],"version-history":[{"count":1,"href":"https:\/\/www.ncse.ie\/ga\/wp-json\/wp\/v2\/pages\/9507\/revisions"}],"predecessor-version":[{"id":9508,"href":"https:\/\/www.ncse.ie\/ga\/wp-json\/wp\/v2\/pages\/9507\/revisions\/9508"}],"up":[{"embeddable":true,"href":"https:\/\/www.ncse.ie\/ga\/wp-json\/wp\/v2\/pages\/6050"}],"wp:attachment":[{"href":"https:\/\/www.ncse.ie\/ga\/wp-json\/wp\/v2\/media?parent=9507"}],"curies":[{"name":"wp","href":"https:\/\/api.w.org\/{rel}","templated":true}]}}