{"id":8875,"date":"2026-01-19T10:47:47","date_gmt":"2026-01-19T10:47:47","guid":{"rendered":"https:\/\/ncse.ie\/?page_id=8875"},"modified":"2026-04-07T10:57:05","modified_gmt":"2026-04-07T10:57:05","slug":"tacaiocht-chomhairleora-ar-theanga-chomharthaiochta-na-heireann","status":"publish","type":"page","link":"https:\/\/www.ncse.ie\/ga\/ceannairi-scoile\/treoirlinte-agus-iarratais\/tacaiocht-chomhairleora-ar-theanga-chomharthaiochta-na-heireann\/","title":{"rendered":"Taca\u00edocht Chomhairleora ar Theanga Chomhartha\u00edochta na h\u00c9ireann"},"content":{"rendered":"<div\n\tclass=\"_es__wrapper\/base scroll-my-80 overflow-x-hidden selection:bg-primary-50 selection:text-white dark:selection:bg-neutral-5 dark:selection:text-primary-90 block-inset-x bg-primary-80 dark\"\n\t\t>\n\t<div class=\"_es__main-section\/base col-span-full pb-20 sm:pb-32 md:pb-40\">\n\t<div class=\"_es__breadcrumbs\/base flex flex-wrap gap-8 text-primary-70 dark:text-neutral-5 _es__main-section\/breadcrumbs py-12 sm:py-16\">\n\t<a\n\t\tclass=\"_es__breadcrumbs\/home hover:text-primary-40 dark:hover:text-neutral-20 focus-visible:text-primary-40 dark:focus-visible:text-neutral-20 focus-visible:outline-3 outline-offset-3 outline-primary-50 dark:outline-neutral-40 rounded-xs transition\"\n\t\thref=\"https:\/\/www.ncse.ie\/ga\/\">\n\t\t<svg width='24' height='24' viewBox='0 0 24 24' fill='none' xmlns='http:\/\/www.w3.org\/2000\/svg'><path d='M19 17.5C19 18.6046 18.1046 19.5 17 19.5H7C5.89543 19.5 5 18.6046 5 17.5V11.8721C5 11.316 5.23156 10.785 5.6391 10.4066L10.6391 5.76369C11.4065 5.05114 12.5935 5.05114 13.3609 5.76369L18.3609 10.4066C18.7684 10.785 19 11.316 19 11.8721L19 17.5Z' stroke='currentColor' stroke-width='1.5' stroke-linejoin='round'\/><\/svg>\t<\/a>\n\n\t<svg class=\"text-neutral-60 dark:text-neutral-40 select-none pointer-events-none\" width='24' height='24' viewBox='0 0 24 24' fill='none' xmlns='http:\/\/www.w3.org\/2000\/svg'><path d='M9 6L15.3667 12.3667L9 18.7333' stroke='currentColor' stroke-width='1.5' stroke-miterlimit='10' stroke-linecap='round' stroke-linejoin='round'\/><\/svg>\n\t\t\t<a\n\t\t\tclass=\"_es__breadcrumbs\/link underline underline-offset-3 hover:text-primary-40 dark:hover:text-neutral-20 focus-visible:text-primary-60 dark:focus-visible:text-neutral-5 focus-visible:outline-3 outline-offset-3 outline-primary-50 dark:outline-neutral-40 rounded-xs transition\"\n\t\t\thref=\"https:\/\/www.ncse.ie\/ga\/ceannairi-scoile\/\">\n\t\t\tCeannair\u00ed Scoile\t\t<\/a>\n\t\n\t<svg class=\"text-neutral-60 dark:text-neutral-40 select-none pointer-events-none\" width='24' height='24' viewBox='0 0 24 24' fill='none' xmlns='http:\/\/www.w3.org\/2000\/svg'><path d='M9 6L15.3667 12.3667L9 18.7333' stroke='currentColor' stroke-width='1.5' stroke-miterlimit='10' stroke-linecap='round' stroke-linejoin='round'\/><\/svg>\n\t\n\t\n\t\t\t<a\n\t\t\tclass=\"_es__breadcrumbs\/link underline underline-offset-3 hover:text-primary-40 dark:hover:text-neutral-20 focus-visible:text-primary-60 dark:focus-visible:text-neutral-5 focus-visible:outline-3 outline-offset-3 outline-primary-50 dark:outline-neutral-40 rounded-xs transition\"\n\t\t\thref=\"https:\/\/www.ncse.ie\/ga\/ceannairi-scoile\/treoirlinte-agus-iarratais\/\">\n\t\t\tTreoirl\u00ednte agus Iarratais\t\t<\/a>\n\t\n\t<svg class=\"text-neutral-60 dark:text-neutral-40 select-none pointer-events-none\" width='24' height='24' viewBox='0 0 24 24' fill='none' xmlns='http:\/\/www.w3.org\/2000\/svg'><path d='M9 6L15.3667 12.3667L9 18.7333' stroke='currentColor' stroke-width='1.5' stroke-miterlimit='10' stroke-linecap='round' stroke-linejoin='round'\/><\/svg>\n\t<span class=\"select-none basis-full sm:basis-auto\">\n\t\tTaca\u00edocht Chomhairleora ar Theanga Chomhartha\u00edochta na h\u00c9ireann\t<\/span>\n<\/div>\n\t<div class=\"_es__main-section\/content space-y-24 sm:space-y-16 sm:w-6\/8 md:w-8\/12 pt-24 sm:pt-32\">\n\t\t<h2\t\t\tclass=\"_es__main-section\/heading text-primary-90 dark:text-white text-balance text-h3 sm:text-h2\"\n\t\t>\n\t\t\tTaca\u00edocht Chomhairleora ar Theanga Chomhartha\u00edochta na h\u00c9ireann\t\t<\/h2>\n\n\t\t\t<\/div>\n<\/div><\/div><div\n\tclass=\"_es__wrapper\/base scroll-my-80 overflow-x-hidden selection:bg-primary-50 selection:text-white dark:selection:bg-neutral-5 dark:selection:text-primary-90 block-inset-x relative isolate bg-primary-60 dark\"\n\t\t>\n\t<div class=\"_es__call-to-action\/base col-span-full flex flex-col sm:flex-row items-start justify-between gap-24 sm:gap-32 md:gap-40 pt-56 sm:pt-80 pb-56 sm:pb-80\">\n\t\n\t<picture\n\t\t\t\tclass=\"_es__call-to-action\/mediaContainer w-full sm:w-1\/2 rounded-xs bg-neutral-10\"\n\t\t>\n\t\t<img\n\t\t\tsrc=\"https:\/\/ncseproductionsa.blob.core.windows.net\/assets\/2026\/01\/ISL-Male-Teacher.webp\"\n\t\t\talt=\"Adult and child using sign language in a classroom\"\n\t\t\tclass=\"_es__image\/base size-full rounded-xs object-cover aspect-3-2 _es__call-to-action\/image rounded-xs size-full\"\n\t\t\tloading=\"lazy\" \/>\n\t<\/picture>\n\t<div class=\"_es__call-to-action\/content space-y-8 sm:w-3\/8 md:w-1\/2\">\n\t\t\t<p class=\"_es__call-to-action\/eyebrow uppercase tracking-widest text-primary-60 dark:text-neutral-20 font-medium text-base mb-12\">\n\t\t\tTaca\u00edocht Chomhairleora ar Theanga Chomhartha\u00edochta na h\u00c9ireann\t\t<\/p>\n\t\n\t<h2\t\tclass=\"_es__call-to-action\/heading text-primary-90 dark:text-white text-h2 sm:text-h2 text-balance md:max-w-5\/6\"\n\t>\n\t\tCad is Comhairleoir TC\u00c9 ann?\t<\/h2>\n\n\t\t\t<p class=\"_es__call-to-action\/caption text-primary-90 dark:text-neutral-5 text-balance text-lg mt-12 sm:max-w-3\/4 md:max-w-4\/6\">\n\t\t\tD\u00edr\u00edonn comhairleoir TC\u00c9 ar thimpeallachta\u00ed ionchuimsitheacha a chur ar f\u00e1il do dhalta\u00ed tr\u00ed scileanna an phobail scoile ar fad in TC\u00c9 a fheabhs\u00fa. <br> <br>Oibr\u00edonn siad do CNOS agus t\u00e1 siad eagraithe i bhfoirne r\u00e9igi\u00fanacha. <br> <br>Leagtar amach a gcuid oibre ar an leathanach seo agus mar is f\u00e9idir leat a dtaca\u00edocht a iarraidh. \t\t<\/p>\n\t\n\t<div class=\"_es__call-to-action\/buttons flex flex-wrap items-center gap-16 mt-40 sm:mt-56 md:mt-80\">\n\t\t\t<\/div>\n<\/div><\/div><\/div><div\n\tclass=\"_es__wrapper\/base scroll-my-80 overflow-x-hidden selection:bg-primary-50 selection:text-white dark:selection:bg-neutral-5 dark:selection:text-primary-90 block-inset-x relative isolate bg-neutral-30\"\n\t\t>\n\t<div class=\"_es__call-to-action\/base col-span-full flex flex-col sm:flex-row items-start justify-between gap-24 sm:gap-32 md:gap-40 pt-56 sm:pt-80 pb-56 sm:pb-80\">\n\t<picture\n\t\t\t\tclass=\"_es__call-to-action\/mediaContainer w-full sm:w-1\/2 rounded-xs bg-neutral-10 sm:hidden\"\n\t\t>\n\t\t<img\n\t\t\tsrc=\"https:\/\/ncseproductionsa.blob.core.windows.net\/assets\/2026\/01\/Green_Circular_Cog_People.webp\"\n\t\t\talt=\"Red human icon as a gear tooth between two large teal gears\"\n\t\t\tclass=\"_es__image\/base size-full rounded-xs object-cover aspect-3-2 _es__call-to-action\/image rounded-xs size-full\"\n\t\t\tloading=\"lazy\" \/>\n\t<\/picture><div class=\"_es__call-to-action\/content space-y-8 sm:w-3\/8 md:w-1\/2\">\n\t\t\t<p class=\"_es__call-to-action\/eyebrow uppercase tracking-widest text-primary-60 dark:text-neutral-20 font-medium text-base mb-12\">\n\t\t\tTaca\u00edocht Chomhairleora ar Theanga Chomhartha\u00edochta na h\u00c9ireann\t\t<\/p>\n\t\n\t<h2\t\tclass=\"_es__call-to-action\/heading text-primary-90 dark:text-white text-h2 sm:text-h2 text-balance md:max-w-5\/6\"\n\t>\n\t\tCad \u00e9 r\u00f3l an Chomhairleora TC\u00c9?\t<\/h2>\n\n\t\t\t<p class=\"_es__call-to-action\/caption text-primary-90 dark:text-neutral-5 text-balance text-lg mt-12\">\n\t\t\t<br>B\u00edonn go leor c\u00faraim\u00ed \u00e9ags\u00fala ar chomhairleoir\u00ed TC\u00c9. <br><br>Oibr\u00edonn siad chun cabhr\u00fa le scoileanna freastal ar riachtanais dalta\u00ed Bodhra n\u00f3 Lag\u00e9isteachta a dh\u00e9anann cumars\u00e1id tr\u00ed TC\u00c9 den chuid is m\u00f3. <br><br>Oibr\u00edonn siad i gcomhar le foireann uile na scoile, lena n-\u00e1ir\u00edtear: <br>&#8211; Gach m\u00fainteoir, go h\u00e1irithe m\u00fainteoir\u00ed TC\u00c9 agus m\u00fainteoir\u00ed taca\u00edochta speisialaithe sa seomra ranga <br>&#8211; C\u00fant\u00f3ir\u00ed Riachtanas Speisialta <br>&#8211; An Bord Bainist\u00edochta <br><br>D\u00e9anfaidh an comhairleoir TC\u00c9: <br>\u2013 Cabhr\u00fa le cur chuige uile-scoile a fhorbairt chun tac\u00fa le dalta\u00ed <br><br>\u2013 Cl\u00e1r foghlama gairmi\u00fala a chur ar f\u00e1il do gach ball de phobal na scoile agus tac\u00fa leis an bpobal sin \t\t<\/p>\n\t\n\t<div class=\"_es__call-to-action\/buttons flex flex-wrap items-center gap-16 mt-40 sm:mt-56 md:mt-80\">\n\t\t\t<\/div>\n<\/div>\n\t<picture\n\t\t\t\tclass=\"_es__call-to-action\/mediaContainer w-full sm:w-1\/2 rounded-xs bg-neutral-10 hidden sm:block\"\n\t\t>\n\t\t<img\n\t\t\tsrc=\"https:\/\/ncseproductionsa.blob.core.windows.net\/assets\/2026\/01\/Green_Circular_Cog_People.webp\"\n\t\t\talt=\"Red human icon as a gear tooth between two large teal gears\"\n\t\t\tclass=\"_es__image\/base size-full rounded-xs object-cover aspect-3-2 _es__call-to-action\/image rounded-xs size-full\"\n\t\t\tloading=\"lazy\" \/>\n\t<\/picture>\n\t<\/div><\/div><div\n\tclass=\"_es__wrapper\/base scroll-my-80 overflow-x-hidden selection:bg-primary-50 selection:text-white dark:selection:bg-neutral-5 dark:selection:text-primary-90 block-inset-x relative isolate bg-neutral-30\"\n\t\t>\n\t<div class=\"_es__call-to-action\/base col-span-full flex flex-col sm:flex-row items-start justify-between gap-24 sm:gap-32 md:gap-40 pt-56 sm:pt-80 pb-56 sm:pb-80\">\n\t\n\t<picture\n\t\t\t\tclass=\"_es__call-to-action\/mediaContainer w-full sm:w-1\/2 rounded-xs bg-neutral-10\"\n\t\t>\n\t\t<img\n\t\t\tsrc=\"https:\/\/ncseproductionsa.blob.core.windows.net\/assets\/2026\/01\/Green_Circular_Cog_People.webp\"\n\t\t\talt=\"Red human icon as a gear tooth between two large teal gears\"\n\t\t\tclass=\"_es__image\/base size-full rounded-xs object-cover aspect-3-2 _es__call-to-action\/image rounded-xs size-full\"\n\t\t\tloading=\"lazy\" \/>\n\t<\/picture>\n\t<div class=\"_es__call-to-action\/content space-y-8 sm:w-3\/8 md:w-1\/2\">\n\t\t\t<p class=\"_es__call-to-action\/eyebrow uppercase tracking-widest text-primary-60 dark:text-neutral-20 font-medium text-base mb-12\">\n\t\t\tTaca\u00edocht Chomhairleora ar Theanga Chomhartha\u00edochta na h\u00c9ireann\t\t<\/p>\n\t\n\t<h2\t\tclass=\"_es__call-to-action\/heading text-primary-90 dark:text-white text-h2 sm:text-h2 text-balance md:max-w-5\/6\"\n\t>\n\t\tTuilleadh faoi r\u00f3l an Chomhairleora TC\u00c9\t<\/h2>\n\n\t\t\t<p class=\"_es__call-to-action\/caption text-primary-90 dark:text-neutral-5 text-balance text-lg mt-12\">\n\t\t\tForbr\u00f3idh an comhairleoir TC\u00c9 scileanna <br>phobal na scoile i TC\u00c9 chun cur ar a gcumas tac\u00fa le dalta\u00ed chun: <br>&#8211; Na tortha\u00ed oideachais is fearr a bhaint amach <br>&#8211; Eisp\u00e9iris dhearfacha foghlama a bheith acu <br>&#8211; Dul chun cinn a dh\u00e9anamh de r\u00e9ir a gcumas <br><br>Is f\u00e9idir le comhairleoir\u00ed TC\u00c9 tac\u00fa leis an scoil agus le gairmithe eile freisin maidir le haistrithe dalta\u00ed \u00f3 thimpeallacht oideachais amh\u00e1in go dt\u00ed an ch\u00e9ad cheann eile a phle\u00e1n\u00e1il. \t\t<\/p>\n\t\n\t<div class=\"_es__call-to-action\/buttons flex flex-wrap items-center gap-16 mt-40 sm:mt-56 md:mt-80\">\n\t\t\t<\/div>\n<\/div><\/div><\/div><div\n\tclass=\"_es__wrapper\/base scroll-my-80 overflow-x-hidden selection:bg-primary-50 selection:text-white dark:selection:bg-neutral-5 dark:selection:text-primary-90 block-inset-x relative isolate bg-neutral-5\"\n\t\t>\n\t<div class=\"_es__call-to-action\/base col-span-full flex flex-col sm:flex-row items-start justify-between gap-24 sm:gap-32 md:gap-40 pt-56 sm:pt-80 pb-56 sm:pb-80\">\n\t<picture\n\t\t\t\tclass=\"_es__call-to-action\/mediaContainer w-full sm:w-1\/2 rounded-xs bg-neutral-10 sm:hidden\"\n\t\t>\n\t\t<img\n\t\t\tsrc=\"https:\/\/ncseproductionsa.blob.core.windows.net\/assets\/2026\/01\/Laptop_Typing.webp\"\n\t\t\talt=\"Hands typing on a laptop keyboard\"\n\t\t\tclass=\"_es__image\/base size-full rounded-xs object-cover aspect-3-2 _es__call-to-action\/image rounded-xs size-full\"\n\t\t\tloading=\"lazy\" \/>\n\t<\/picture><div class=\"_es__call-to-action\/content space-y-8 sm:w-3\/8 md:w-1\/2\">\n\t\t\t<p class=\"_es__call-to-action\/eyebrow uppercase tracking-widest text-primary-60 dark:text-neutral-20 font-medium text-base mb-12\">\n\t\t\tTaca\u00edocht Chomhairleora ar Theanga Chomhartha\u00edochta na h\u00c9ireann\t\t<\/p>\n\t\n\t<h2\t\tclass=\"_es__call-to-action\/heading text-primary-90 dark:text-white text-h2 sm:text-h2 text-balance md:max-w-5\/6\"\n\t>\n\t\tCuir isteach d\u2019iarratas ar Thaca\u00edocht \u00f3 Chomhairleoir i dTeanga Chomhartha\u00edochta na h\u00c9ireann\t<\/h2>\n\n\t\t\t<p class=\"_es__call-to-action\/caption text-primary-90 dark:text-neutral-5 text-balance text-lg mt-12\">\n\t\t\tChun iarratas a dh\u00e9anamh ar thaca\u00edocht, d\u00e9an mar a leanas: <br>\u2013 Log\u00e1il isteach ar Thairseach Scoileanna CNOS <br>\u2013 Cruthaigh tic\u00e9ad taca\u00edochta nua <br>\u2013 Roghnaigh Taca\u00edocht \u00f3 Chomhairleoir i dTeanga Chomhartha\u00edochta na h\u00c9ireann \u00f3n roghchl\u00e1r cine\u00e1il <br>\u2013 L\u00edon isteach na r\u00e9ims\u00ed riachtanacha <br>\u2013 Clice\u00e1il cuir isteach <br><br>Nuair a bheidh an tic\u00e9ad faighte againn, d\u00e9anfaimid teagmh\u00e1il le do scoil tr\u00ed Thairseach Scoileanna CNOS n\u00f3 ar r\u00edomhphost n\u00f3 ar an nguth\u00e1n. \t\t<\/p>\n\t\n\t<div class=\"_es__call-to-action\/buttons flex flex-wrap items-center gap-16 mt-40 sm:mt-56 md:mt-80\">\n\t\t<a\t href='https:\/\/ncse.freshdesk.com\/support\/login' aria-label='Open NCSE School Portal' class='_es__button\/base border border-transparent py-12 focus:outline-hidden focus-visible:outline-solid focus-visible:outline-3 outline-transparent outline-offset-3 transition enabled:cursor-pointer flex items-center gap-12 w-fit text-white bg-primary-60 hover:bg-primary-70 active:bg-primary-80 focus-visible:bg-primary-80 focus-visible:outline-primary-50 disabled:bg-secondary-5 dark:text-primary-90 dark:bg-neutral-5 dark:hover:bg-neutral-30 dark:active:bg-neutral-40 dark:focus-visible:bg-neutral-40 dark:focus-visible:outline-neutral-5 dark:disabled:bg-secondary-40 dark:disabled:text-secondary-80 px-20 rounded-xs button'>\n\t\t\t<span>Tairseach Scoileanna CNOS<\/span>\n\t\n\t<svg aria-hidden=\"true\" class=\"_es__icon\/base size-24\" width='24' height='24' viewBox='0 0 24 24' fill='none' xmlns='http:\/\/www.w3.org\/2000\/svg'><path d='M14.283 5 21 12l-6.717 7' stroke='currentColor' stroke-width='2' stroke-linecap='round' stroke-linejoin='round' fill='none'\/><path stroke='currentColor' stroke-width='2' stroke-linecap='round' d='M19.733 12.032H4' fill='none'\/><\/svg><\/a>\t<\/div>\n<\/div>\n\t<picture\n\t\t\t\tclass=\"_es__call-to-action\/mediaContainer w-full sm:w-1\/2 rounded-xs bg-neutral-10 hidden sm:block\"\n\t\t>\n\t\t<img\n\t\t\tsrc=\"https:\/\/ncseproductionsa.blob.core.windows.net\/assets\/2026\/01\/Laptop_Typing.webp\"\n\t\t\talt=\"Hands typing on a laptop keyboard\"\n\t\t\tclass=\"_es__image\/base size-full rounded-xs object-cover aspect-3-2 _es__call-to-action\/image rounded-xs size-full\"\n\t\t\tloading=\"lazy\" \/>\n\t<\/picture>\n\t<\/div><\/div>","protected":false},"excerpt":{"rendered":"","protected":false},"author":6,"featured_media":0,"parent":6677,"menu_order":0,"comment_status":"closed","ping_status":"closed","template":"","meta":{"es_utils_meta_schema":"","footnotes":""},"class_list":["post-8875","page","type-page","status-publish","hentry"],"yoast_head":"<!-- This site is optimized with the Yoast SEO plugin v27.3 - https:\/\/yoast.com\/product\/yoast-seo-wordpress\/ -->\n<title>Taca\u00edocht Chomhairleora ar Theanga Chomhartha\u00edochta na h\u00c9ireann - NCSE<\/title>\n<meta name=\"robots\" content=\"index, follow, max-snippet:-1, max-image-preview:large, max-video-preview:-1\" \/>\n<link rel=\"canonical\" href=\"https:\/\/www.ncse.ie\/ga\/ceannairi-scoile\/treoirlinte-agus-iarratais\/tacaiocht-chomhairleora-ar-theanga-chomharthaiochta-na-heireann\/\" \/>\n<meta property=\"og:locale\" content=\"ga_IE\" \/>\n<meta property=\"og:type\" content=\"article\" \/>\n<meta property=\"og:title\" content=\"Taca\u00edocht Chomhairleora ar Theanga Chomhartha\u00edochta na h\u00c9ireann - NCSE\" \/>\n<meta property=\"og:url\" content=\"https:\/\/www.ncse.ie\/ga\/ceannairi-scoile\/treoirlinte-agus-iarratais\/tacaiocht-chomhairleora-ar-theanga-chomharthaiochta-na-heireann\/\" \/>\n<meta property=\"og:site_name\" content=\"NCSE\" \/>\n<meta property=\"article:modified_time\" content=\"2026-04-07T10:57:05+00:00\" \/>\n<meta name=\"twitter:card\" content=\"summary_large_image\" \/>\n<script type=\"application\/ld+json\" class=\"yoast-schema-graph\">{\"@context\":\"https:\\\/\\\/schema.org\",\"@graph\":[{\"@type\":\"WebPage\",\"@id\":\"https:\\\/\\\/www.ncse.ie\\\/ga\\\/ceannairi-scoile\\\/treoirlinte-agus-iarratais\\\/tacaiocht-chomhairleora-ar-theanga-chomharthaiochta-na-heireann\\\/\",\"url\":\"https:\\\/\\\/www.ncse.ie\\\/ga\\\/ceannairi-scoile\\\/treoirlinte-agus-iarratais\\\/tacaiocht-chomhairleora-ar-theanga-chomharthaiochta-na-heireann\\\/\",\"name\":\"Taca\u00edocht Chomhairleora ar Theanga Chomhartha\u00edochta na h\u00c9ireann - NCSE\",\"isPartOf\":{\"@id\":\"https:\\\/\\\/www.ncse.ie\\\/ga\\\/#website\"},\"datePublished\":\"2026-01-19T10:47:47+00:00\",\"dateModified\":\"2026-04-07T10:57:05+00:00\",\"breadcrumb\":{\"@id\":\"https:\\\/\\\/www.ncse.ie\\\/ga\\\/ceannairi-scoile\\\/treoirlinte-agus-iarratais\\\/tacaiocht-chomhairleora-ar-theanga-chomharthaiochta-na-heireann\\\/#breadcrumb\"},\"inLanguage\":\"ga-IE\",\"potentialAction\":[{\"@type\":\"ReadAction\",\"target\":[\"https:\\\/\\\/www.ncse.ie\\\/ga\\\/ceannairi-scoile\\\/treoirlinte-agus-iarratais\\\/tacaiocht-chomhairleora-ar-theanga-chomharthaiochta-na-heireann\\\/\"]}]},{\"@type\":\"BreadcrumbList\",\"@id\":\"https:\\\/\\\/www.ncse.ie\\\/ga\\\/ceannairi-scoile\\\/treoirlinte-agus-iarratais\\\/tacaiocht-chomhairleora-ar-theanga-chomharthaiochta-na-heireann\\\/#breadcrumb\",\"itemListElement\":[{\"@type\":\"ListItem\",\"position\":1,\"name\":\"Home\",\"item\":\"https:\\\/\\\/www.ncse.ie\\\/ga\\\/\"},{\"@type\":\"ListItem\",\"position\":2,\"name\":\"Ceannair\u00ed Scoile\",\"item\":\"https:\\\/\\\/www.ncse.ie\\\/ga\\\/ceannairi-scoile\\\/\"},{\"@type\":\"ListItem\",\"position\":3,\"name\":\"Treoirl\u00ednte agus Iarratais\",\"item\":\"https:\\\/\\\/www.ncse.ie\\\/ga\\\/school-leaders\\\/guidelines-and-applications\\\/\"},{\"@type\":\"ListItem\",\"position\":4,\"name\":\"Taca\u00edocht Chomhairleora ar Theanga Chomhartha\u00edochta na h\u00c9ireann\"}]},{\"@type\":\"WebSite\",\"@id\":\"https:\\\/\\\/www.ncse.ie\\\/ga\\\/#website\",\"url\":\"https:\\\/\\\/www.ncse.ie\\\/ga\\\/\",\"name\":\"NCSE\",\"description\":\"National Council for Special Education\",\"potentialAction\":[{\"@type\":\"SearchAction\",\"target\":{\"@type\":\"EntryPoint\",\"urlTemplate\":\"https:\\\/\\\/www.ncse.ie\\\/ga\\\/?s={search_term_string}\"},\"query-input\":{\"@type\":\"PropertyValueSpecification\",\"valueRequired\":true,\"valueName\":\"search_term_string\"}}],\"inLanguage\":\"ga-IE\"}]}<\/script>\n<!-- \/ Yoast SEO plugin. -->","yoast_head_json":{"title":"Taca\u00edocht Chomhairleora ar Theanga Chomhartha\u00edochta na h\u00c9ireann - NCSE","robots":{"index":"index","follow":"follow","max-snippet":"max-snippet:-1","max-image-preview":"max-image-preview:large","max-video-preview":"max-video-preview:-1"},"canonical":"https:\/\/www.ncse.ie\/ga\/ceannairi-scoile\/treoirlinte-agus-iarratais\/tacaiocht-chomhairleora-ar-theanga-chomharthaiochta-na-heireann\/","og_locale":"ga_IE","og_type":"article","og_title":"Taca\u00edocht Chomhairleora ar Theanga Chomhartha\u00edochta na h\u00c9ireann - NCSE","og_url":"https:\/\/www.ncse.ie\/ga\/ceannairi-scoile\/treoirlinte-agus-iarratais\/tacaiocht-chomhairleora-ar-theanga-chomharthaiochta-na-heireann\/","og_site_name":"NCSE","article_modified_time":"2026-04-07T10:57:05+00:00","twitter_card":"summary_large_image","schema":{"@context":"https:\/\/schema.org","@graph":[{"@type":"WebPage","@id":"https:\/\/www.ncse.ie\/ga\/ceannairi-scoile\/treoirlinte-agus-iarratais\/tacaiocht-chomhairleora-ar-theanga-chomharthaiochta-na-heireann\/","url":"https:\/\/www.ncse.ie\/ga\/ceannairi-scoile\/treoirlinte-agus-iarratais\/tacaiocht-chomhairleora-ar-theanga-chomharthaiochta-na-heireann\/","name":"Taca\u00edocht Chomhairleora ar Theanga Chomhartha\u00edochta na h\u00c9ireann - NCSE","isPartOf":{"@id":"https:\/\/www.ncse.ie\/ga\/#website"},"datePublished":"2026-01-19T10:47:47+00:00","dateModified":"2026-04-07T10:57:05+00:00","breadcrumb":{"@id":"https:\/\/www.ncse.ie\/ga\/ceannairi-scoile\/treoirlinte-agus-iarratais\/tacaiocht-chomhairleora-ar-theanga-chomharthaiochta-na-heireann\/#breadcrumb"},"inLanguage":"ga-IE","potentialAction":[{"@type":"ReadAction","target":["https:\/\/www.ncse.ie\/ga\/ceannairi-scoile\/treoirlinte-agus-iarratais\/tacaiocht-chomhairleora-ar-theanga-chomharthaiochta-na-heireann\/"]}]},{"@type":"BreadcrumbList","@id":"https:\/\/www.ncse.ie\/ga\/ceannairi-scoile\/treoirlinte-agus-iarratais\/tacaiocht-chomhairleora-ar-theanga-chomharthaiochta-na-heireann\/#breadcrumb","itemListElement":[{"@type":"ListItem","position":1,"name":"Home","item":"https:\/\/www.ncse.ie\/ga\/"},{"@type":"ListItem","position":2,"name":"Ceannair\u00ed Scoile","item":"https:\/\/www.ncse.ie\/ga\/ceannairi-scoile\/"},{"@type":"ListItem","position":3,"name":"Treoirl\u00ednte agus Iarratais","item":"https:\/\/www.ncse.ie\/ga\/school-leaders\/guidelines-and-applications\/"},{"@type":"ListItem","position":4,"name":"Taca\u00edocht Chomhairleora ar Theanga Chomhartha\u00edochta na h\u00c9ireann"}]},{"@type":"WebSite","@id":"https:\/\/www.ncse.ie\/ga\/#website","url":"https:\/\/www.ncse.ie\/ga\/","name":"NCSE","description":"National Council for Special Education","potentialAction":[{"@type":"SearchAction","target":{"@type":"EntryPoint","urlTemplate":"https:\/\/www.ncse.ie\/ga\/?s={search_term_string}"},"query-input":{"@type":"PropertyValueSpecification","valueRequired":true,"valueName":"search_term_string"}}],"inLanguage":"ga-IE"}]}},"_links":{"self":[{"href":"https:\/\/www.ncse.ie\/ga\/wp-json\/wp\/v2\/pages\/8875","targetHints":{"allow":["GET"]}}],"collection":[{"href":"https:\/\/www.ncse.ie\/ga\/wp-json\/wp\/v2\/pages"}],"about":[{"href":"https:\/\/www.ncse.ie\/ga\/wp-json\/wp\/v2\/types\/page"}],"author":[{"embeddable":true,"href":"https:\/\/www.ncse.ie\/ga\/wp-json\/wp\/v2\/users\/6"}],"replies":[{"embeddable":true,"href":"https:\/\/www.ncse.ie\/ga\/wp-json\/wp\/v2\/comments?post=8875"}],"version-history":[{"count":2,"href":"https:\/\/www.ncse.ie\/ga\/wp-json\/wp\/v2\/pages\/8875\/revisions"}],"predecessor-version":[{"id":8964,"href":"https:\/\/www.ncse.ie\/ga\/wp-json\/wp\/v2\/pages\/8875\/revisions\/8964"}],"up":[{"embeddable":true,"href":"https:\/\/www.ncse.ie\/ga\/wp-json\/wp\/v2\/pages\/6677"}],"wp:attachment":[{"href":"https:\/\/www.ncse.ie\/ga\/wp-json\/wp\/v2\/media?parent=8875"}],"curies":[{"name":"wp","href":"https:\/\/api.w.org\/{rel}","templated":true}]}}