{"id":8811,"date":"2025-11-20T08:45:32","date_gmt":"2025-11-20T08:45:32","guid":{"rendered":"https:\/\/ncse.ie\/?page_id=8811"},"modified":"2026-04-11T18:18:34","modified_gmt":"2026-04-11T18:18:34","slug":"rialachas-corparaideach","status":"publish","type":"page","link":"https:\/\/www.ncse.ie\/ga\/cnos\/foilseachain\/rialachas-corparaideach\/","title":{"rendered":"Rialachas Corpar\u00e1ideach"},"content":{"rendered":"<div\n\tclass=\"_es__wrapper\/base scroll-my-80 overflow-x-hidden selection:bg-primary-50 selection:text-white dark:selection:bg-neutral-5 dark:selection:text-primary-90 block-inset-x bg-primary-80 dark\"\n\t\t>\n\t<div class=\"_es__main-section\/base col-span-full pb-20 sm:pb-32 md:pb-40\">\n\t<div class=\"_es__breadcrumbs\/base flex flex-wrap gap-8 text-primary-70 dark:text-neutral-5 _es__main-section\/breadcrumbs py-12 sm:py-16\">\n\t<a\n\t\tclass=\"_es__breadcrumbs\/home hover:text-primary-40 dark:hover:text-neutral-20 focus-visible:text-primary-40 dark:focus-visible:text-neutral-20 focus-visible:outline-3 outline-offset-3 outline-primary-50 dark:outline-neutral-40 rounded-xs transition\"\n\t\thref=\"https:\/\/www.ncse.ie\/ga\/\">\n\t\t<svg width='24' height='24' viewBox='0 0 24 24' fill='none' xmlns='http:\/\/www.w3.org\/2000\/svg'><path d='M19 17.5C19 18.6046 18.1046 19.5 17 19.5H7C5.89543 19.5 5 18.6046 5 17.5V11.8721C5 11.316 5.23156 10.785 5.6391 10.4066L10.6391 5.76369C11.4065 5.05114 12.5935 5.05114 13.3609 5.76369L18.3609 10.4066C18.7684 10.785 19 11.316 19 11.8721L19 17.5Z' stroke='currentColor' stroke-width='1.5' stroke-linejoin='round'\/><\/svg>\t<\/a>\n\n\t<svg class=\"text-neutral-60 dark:text-neutral-40 select-none pointer-events-none\" width='24' height='24' viewBox='0 0 24 24' fill='none' xmlns='http:\/\/www.w3.org\/2000\/svg'><path d='M9 6L15.3667 12.3667L9 18.7333' stroke='currentColor' stroke-width='1.5' stroke-miterlimit='10' stroke-linecap='round' stroke-linejoin='round'\/><\/svg>\n\t\t\t<a\n\t\t\tclass=\"_es__breadcrumbs\/link underline underline-offset-3 hover:text-primary-40 dark:hover:text-neutral-20 focus-visible:text-primary-60 dark:focus-visible:text-neutral-5 focus-visible:outline-3 outline-offset-3 outline-primary-50 dark:outline-neutral-40 rounded-xs transition\"\n\t\t\thref=\"https:\/\/www.ncse.ie\/ga\/cnos\/\">\n\t\t\tCNOS\t\t<\/a>\n\t\n\t<svg class=\"text-neutral-60 dark:text-neutral-40 select-none pointer-events-none\" width='24' height='24' viewBox='0 0 24 24' fill='none' xmlns='http:\/\/www.w3.org\/2000\/svg'><path d='M9 6L15.3667 12.3667L9 18.7333' stroke='currentColor' stroke-width='1.5' stroke-miterlimit='10' stroke-linecap='round' stroke-linejoin='round'\/><\/svg>\n\t\n\t\n\t\t\t<a\n\t\t\tclass=\"_es__breadcrumbs\/link underline underline-offset-3 hover:text-primary-40 dark:hover:text-neutral-20 focus-visible:text-primary-60 dark:focus-visible:text-neutral-5 focus-visible:outline-3 outline-offset-3 outline-primary-50 dark:outline-neutral-40 rounded-xs transition\"\n\t\t\thref=\"https:\/\/www.ncse.ie\/ga\/cnos\/foilseachain\/\">\n\t\t\tFoilseach\u00e1in\t\t<\/a>\n\t\n\t<svg class=\"text-neutral-60 dark:text-neutral-40 select-none pointer-events-none\" width='24' height='24' viewBox='0 0 24 24' fill='none' xmlns='http:\/\/www.w3.org\/2000\/svg'><path d='M9 6L15.3667 12.3667L9 18.7333' stroke='currentColor' stroke-width='1.5' stroke-miterlimit='10' stroke-linecap='round' stroke-linejoin='round'\/><\/svg>\n\t<span class=\"select-none basis-full sm:basis-auto\">\n\t\tRialachas Corpar\u00e1ideach\t<\/span>\n<\/div>\n\t<div class=\"_es__main-section\/content space-y-24 sm:space-y-16 sm:w-6\/8 md:w-8\/12 pt-24 sm:pt-32\">\n\t\t<h2\t\t\tclass=\"_es__main-section\/heading text-primary-90 dark:text-white text-balance text-h3 sm:text-h2\"\n\t\t>\n\t\t\tRialachas Corpar\u00e1ideach\t\t<\/h2>\n\n\t\t\t<\/div>\n<\/div><\/div>\n\n<div\n\tclass=\"_es__wrapper\/base scroll-my-80 overflow-x-hidden selection:bg-primary-50 selection:text-white dark:selection:bg-neutral-5 dark:selection:text-primary-90 block-inset-x relative isolate bg-primary-60 dark\"\n\t\t>\n\t<div class=\"_es__call-to-action\/base col-span-full flex flex-col sm:flex-row items-start justify-between gap-24 sm:gap-32 md:gap-40 pt-56 sm:pt-80 pb-56 sm:pb-80\">\n\t\n\t<picture\n\t\t\t\tclass=\"_es__call-to-action\/mediaContainer w-full sm:w-1\/2 rounded-xs bg-neutral-10\"\n\t\t>\n\t\t<img\n\t\t\tsrc=\"https:\/\/ncseproductionsa.blob.core.windows.net\/assets\/2026\/04\/Corporate-Governance-Guide.webp\"\n\t\t\talt=\"Ceangl\u00f3ir f\u00e1inne ina bhfuil doicim\u00e9id\"\n\t\t\tclass=\"_es__image\/base size-full rounded-xs object-cover aspect-3-2 _es__call-to-action\/image rounded-xs size-full\"\n\t\t\tloading=\"lazy\" \/>\n\t<\/picture>\n\t<div class=\"_es__call-to-action\/content space-y-8 sm:w-3\/8 md:w-1\/2\">\n\t\t\t<p class=\"_es__call-to-action\/eyebrow uppercase tracking-widest text-primary-60 dark:text-neutral-20 font-medium text-base mb-12\">\n\t\t\tRialachas Corpar\u00e1ideach\t\t<\/p>\n\t\n\t<h2\t\tclass=\"_es__call-to-action\/heading text-primary-90 dark:text-white text-h2 sm:text-h2 text-balance md:max-w-5\/6\"\n\t>\n\t\tTreoir Rialachais Chorpar\u00e1idigh CNOS\t<\/h2>\n\n\t\t\t<p class=\"_es__call-to-action\/caption text-primary-90 dark:text-neutral-5 text-balance text-lg mt-12\">\n\t\t\tCuirtear achoimre shoil\u00e9ir ar f\u00e1il i dTreoir Rialachais Chorpar\u00e1idigh CNOS ar na pr\u00edomhghn\u00e9ithe rialachais chorpar\u00e1idigh laistigh den eagra\u00edocht. Cialla\u00edonn rialachas corpar\u00e1ideach an chaoi a chinnt\u00edonn an cheannaireacht go bhfuilimid ag clo\u00ed leis na caighde\u00e1in riachtanacha go l\u00e9ir san eagra\u00edocht ina hioml\u00e1ine.  <br>Is acmhainn phraitici\u00fail \u00e9ifeachtach \u00ed an Treoir do CNOS i gcoitinne agus do chomhalta\u00ed na Comhairle go h\u00e1irithe. <br> <br>L\u00e9ir\u00edtear sa Treoir na for\u00e1lacha lean\u00fanacha sa Ch\u00f3d Cleachtais chun Comhlachta\u00ed St\u00e1it a Rial\u00fa (L\u00fanasa 2016) agus athbhreithnithe\/nuashonruithe ar an gC\u00f3d n\u00f3 reachta\u00edocht nua \u00e1bhartha eile. Cuims\u00edtear inti freisin n\u00f3sanna imeachta agus beartais athbhreithnithe at\u00e1 ceadaithe ag Comhairle an CNOS chun comhl\u00edonadh an Ch\u00f3id a chinnti\u00fa, \u00f3n leagan roimhe seo. <br><br>Nuashonra\u00edodh an Treoir go deireanach i M\u00e1rta 2026.<br>Nuashonra\u00edodh na hIarscr\u00edbhinn\u00ed leis an Treoir go deireanach i L\u00fanasa 2024. \t\t<\/p>\n\t\n\t<div class=\"_es__call-to-action\/buttons flex flex-wrap items-center gap-16 mt-40 sm:mt-56 md:mt-80\">\n\t\t<a\t href='https:\/\/ncseproductionsa.blob.core.windows.net\/assets\/2026\/02\/NCSE_Corporate_Governance_Guide_Feb_2023.pdf' aria-label='View Corporate Governance Guide' class='_es__button\/base border border-transparent py-12 focus:outline-hidden focus-visible:outline-solid focus-visible:outline-3 outline-transparent outline-offset-3 transition enabled:cursor-pointer flex items-center gap-12 w-fit text-white bg-primary-60 hover:bg-primary-70 active:bg-primary-80 focus-visible:bg-primary-80 focus-visible:outline-primary-50 disabled:bg-secondary-5 dark:text-primary-90 dark:bg-neutral-5 dark:hover:bg-neutral-30 dark:active:bg-neutral-40 dark:focus-visible:bg-neutral-40 dark:focus-visible:outline-neutral-5 dark:disabled:bg-secondary-40 dark:disabled:text-secondary-80 px-20 rounded-xs button'>\n\t\t\t<span>An Treoir Rialachais Chorpar\u00e1idigh<\/span>\n\t\n\t<svg aria-hidden=\"true\" class=\"_es__icon\/base size-24\" width='24' height='24' viewBox='0 0 24 24' fill='none' xmlns='http:\/\/www.w3.org\/2000\/svg'><path d='M14.283 5 21 12l-6.717 7' stroke='currentColor' stroke-width='2' stroke-linecap='round' stroke-linejoin='round' fill='none'\/><path stroke='currentColor' stroke-width='2' stroke-linecap='round' d='M19.733 12.032H4' fill='none'\/><\/svg><\/a><a\t href='https:\/\/ncseproductionsa.blob.core.windows.net\/assets\/2026\/02\/NCSE-Corporate-Governance-guide-appendices-update-Aug-2024.pdf' aria-label='View Appendices to Corporate Governance Guide' class='_es__button\/base border border-transparent py-12 focus:outline-hidden focus-visible:outline-solid focus-visible:outline-3 outline-transparent outline-offset-3 transition enabled:cursor-pointer flex items-center gap-12 w-fit text-primary-90 not-dark:border-primary-20 hover:bg-primary-10 hover:border-primary-60 active:bg-primary-20 active:border-primary-80 focus-visible:bg-primary-10 focus-visible:border-transparent focus-visible:outline-primary-50 disabled:text-secondary-40 disabled:border-secondary-40 disabled:bg-transparent dark:text-neutral-5 dark:bg-transparent dark:border-neutral-5 dark:hover:bg-primary-70 dark:hover:border-neutral-5 dark:active:bg-primary-80 dark:active:border-white dark:focus-visible:bg-primary-80 dark:focus-visible:border-neutral-5 dark:focus-visible:outline-neutral-5 dark:disabled:bg-secondary-5 dark:disabled:border-secondary-5 dark:disabled:bg-transparent px-20 rounded-xs button'>\n\t\t\t<span>Aguis\u00edn\u00ed leis an Treoir Rialachais Chorpar\u00e1idigh<\/span>\n\t\n\t<svg aria-hidden=\"true\" class=\"_es__icon\/base size-24\" width='24' height='24' viewBox='0 0 24 24' fill='none' xmlns='http:\/\/www.w3.org\/2000\/svg'><path d='M14.283 5 21 12l-6.717 7' stroke='currentColor' stroke-width='2' stroke-linecap='round' stroke-linejoin='round' fill='none'\/><path stroke='currentColor' stroke-width='2' stroke-linecap='round' d='M19.733 12.032H4' fill='none'\/><\/svg><\/a>\t<\/div>\n<\/div><\/div><\/div>\n\n<div\n\tclass=\"_es__wrapper\/base scroll-my-80 overflow-x-hidden selection:bg-primary-50 selection:text-white dark:selection:bg-neutral-5 dark:selection:text-primary-90 block-inset-x relative isolate bg-neutral-30\"\n\t\t>\n\t<div class=\"_es__call-to-action\/base col-span-full flex flex-col sm:flex-row items-start justify-between gap-24 sm:gap-32 md:gap-40 pt-56 sm:pt-80 pb-56 sm:pb-80\">\n\t<picture\n\t\t\t\tclass=\"_es__call-to-action\/mediaContainer w-full sm:w-1\/2 rounded-xs bg-neutral-10 sm:hidden\"\n\t\t>\n\t\t<img\n\t\t\tsrc=\"https:\/\/ncseproductionsa.blob.core.windows.net\/assets\/2026\/02\/Procurement_Plan.webp\"\n\t\t\talt=\"Magnifying glass focusing on a target icon surrounded by corporate symbols.\"\n\t\t\tclass=\"_es__image\/base size-full rounded-xs object-cover aspect-3-2 _es__call-to-action\/image rounded-xs size-full\"\n\t\t\tloading=\"lazy\" \/>\n\t<\/picture><div class=\"_es__call-to-action\/content space-y-8 sm:w-3\/8 md:w-1\/2\">\n\t\t\t<p class=\"_es__call-to-action\/eyebrow uppercase tracking-widest text-primary-60 dark:text-neutral-20 font-medium text-base mb-12\">\n\t\t\tRialachas Corpar\u00e1ideach\t\t<\/p>\n\t\n\t<h2\t\tclass=\"_es__call-to-action\/heading text-primary-90 dark:text-white text-h2 sm:text-h2 text-balance md:max-w-5\/6\"\n\t>\n\t\tPlean Sol\u00e1thair Chorpar\u00e1idigh CNOS 2024 &#8211; 2026\t<\/h2>\n\n\t\t\t<p class=\"_es__call-to-action\/caption text-primary-90 dark:text-neutral-5 text-balance text-lg mt-12\">\n\t\t\tLeagtar amach i bPlean Sol\u00e1thair Corpar\u00e1idigh (PSC) CNOS 2024-2026 na cusp\u00f3ir\u00ed agus na spriocanna chun gn\u00edomha\u00edocht sol\u00e1thair laistigh de CNOS a threor\u00fa sna blianta amach romhainn. Cl\u00fada\u00edonn s\u00e9 seo an chaoi a gceanna\u00edmid earra\u00ed agus seirbh\u00eds\u00ed.  <br> <br>Ullmha\u00edtear an plean de r\u00e9ir an cheanglais go mbeadh PSC ag gach comhlacht st\u00e1it neamhthr\u00e1cht\u00e1la. T\u00e1 an ceanglas seo ag teacht leis: <br>&#8211; An gC\u00f3d Cleachtais chun Comhlachta\u00ed St\u00e1it a Rial\u00fa <br>&#8211; An gCreat N\u00e1isi\u00fanta um Shol\u00e1thar Beartais Phoibl\u00ed  \t\t<\/p>\n\t\n\t<div class=\"_es__call-to-action\/buttons flex flex-wrap items-center gap-16 mt-40 sm:mt-56 md:mt-80\">\n\t\t<a\t href='https:\/\/www.ncse.ie\/ncse_corporate_procurement_plan_2024-2026_\/' aria-label='View NCSE Corporate Procurement Plan ' class='_es__button\/base border border-transparent py-12 focus:outline-hidden focus-visible:outline-solid focus-visible:outline-3 outline-transparent outline-offset-3 transition enabled:cursor-pointer flex items-center gap-12 w-fit text-white bg-primary-60 hover:bg-primary-70 active:bg-primary-80 focus-visible:bg-primary-80 focus-visible:outline-primary-50 disabled:bg-secondary-5 dark:text-primary-90 dark:bg-neutral-5 dark:hover:bg-neutral-30 dark:active:bg-neutral-40 dark:focus-visible:bg-neutral-40 dark:focus-visible:outline-neutral-5 dark:disabled:bg-secondary-40 dark:disabled:text-secondary-80 px-20 rounded-xs button'>\n\t\t\t<span>Plean Sol\u00e1thair Chorpar\u00e1idigh CNOS <\/span>\n\t\n\t<svg aria-hidden=\"true\" class=\"_es__icon\/base size-24\" width='24' height='24' viewBox='0 0 24 24' fill='none' xmlns='http:\/\/www.w3.org\/2000\/svg'><path d='M14.283 5 21 12l-6.717 7' stroke='currentColor' stroke-width='2' stroke-linecap='round' stroke-linejoin='round' fill='none'\/><path stroke='currentColor' stroke-width='2' stroke-linecap='round' d='M19.733 12.032H4' fill='none'\/><\/svg><\/a>\t<\/div>\n<\/div>\n\t<picture\n\t\t\t\tclass=\"_es__call-to-action\/mediaContainer w-full sm:w-1\/2 rounded-xs bg-neutral-10 hidden sm:block\"\n\t\t>\n\t\t<img\n\t\t\tsrc=\"https:\/\/ncseproductionsa.blob.core.windows.net\/assets\/2026\/02\/Procurement_Plan.webp\"\n\t\t\talt=\"Magnifying glass focusing on a target icon surrounded by corporate symbols.\"\n\t\t\tclass=\"_es__image\/base size-full rounded-xs object-cover aspect-3-2 _es__call-to-action\/image rounded-xs size-full\"\n\t\t\tloading=\"lazy\" \/>\n\t<\/picture>\n\t<\/div><\/div>","protected":false},"excerpt":{"rendered":"","protected":false},"author":14,"featured_media":0,"parent":6393,"menu_order":0,"comment_status":"closed","ping_status":"closed","template":"","meta":{"es_utils_meta_schema":"","footnotes":""},"class_list":["post-8811","page","type-page","status-publish","hentry"],"yoast_head":"<!-- This site is optimized with the Yoast SEO plugin v27.3 - https:\/\/yoast.com\/product\/yoast-seo-wordpress\/ -->\n<title>Rialachas Corpar\u00e1ideach - NCSE<\/title>\n<meta name=\"robots\" content=\"index, follow, max-snippet:-1, max-image-preview:large, max-video-preview:-1\" \/>\n<link rel=\"canonical\" href=\"https:\/\/www.ncse.ie\/ga\/cnos\/foilseachain\/rialachas-corparaideach\/\" \/>\n<meta property=\"og:locale\" content=\"ga_IE\" \/>\n<meta property=\"og:type\" content=\"article\" \/>\n<meta property=\"og:title\" content=\"Rialachas Corpar\u00e1ideach - NCSE\" \/>\n<meta property=\"og:url\" content=\"https:\/\/www.ncse.ie\/ga\/cnos\/foilseachain\/rialachas-corparaideach\/\" \/>\n<meta property=\"og:site_name\" content=\"NCSE\" \/>\n<meta property=\"article:modified_time\" content=\"2026-04-11T18:18:34+00:00\" \/>\n<meta name=\"twitter:card\" content=\"summary_large_image\" \/>\n<script type=\"application\/ld+json\" class=\"yoast-schema-graph\">{\"@context\":\"https:\\\/\\\/schema.org\",\"@graph\":[{\"@type\":\"WebPage\",\"@id\":\"https:\\\/\\\/www.ncse.ie\\\/ga\\\/cnos\\\/foilseachain\\\/rialachas-corparaideach\\\/\",\"url\":\"https:\\\/\\\/www.ncse.ie\\\/ga\\\/cnos\\\/foilseachain\\\/rialachas-corparaideach\\\/\",\"name\":\"Rialachas Corpar\u00e1ideach - NCSE\",\"isPartOf\":{\"@id\":\"https:\\\/\\\/www.ncse.ie\\\/ga\\\/#website\"},\"datePublished\":\"2025-11-20T08:45:32+00:00\",\"dateModified\":\"2026-04-11T18:18:34+00:00\",\"breadcrumb\":{\"@id\":\"https:\\\/\\\/www.ncse.ie\\\/ga\\\/cnos\\\/foilseachain\\\/rialachas-corparaideach\\\/#breadcrumb\"},\"inLanguage\":\"ga-IE\",\"potentialAction\":[{\"@type\":\"ReadAction\",\"target\":[\"https:\\\/\\\/www.ncse.ie\\\/ga\\\/cnos\\\/foilseachain\\\/rialachas-corparaideach\\\/\"]}]},{\"@type\":\"BreadcrumbList\",\"@id\":\"https:\\\/\\\/www.ncse.ie\\\/ga\\\/cnos\\\/foilseachain\\\/rialachas-corparaideach\\\/#breadcrumb\",\"itemListElement\":[{\"@type\":\"ListItem\",\"position\":1,\"name\":\"Home\",\"item\":\"https:\\\/\\\/www.ncse.ie\\\/ga\\\/\"},{\"@type\":\"ListItem\",\"position\":2,\"name\":\"CNOS\",\"item\":\"https:\\\/\\\/www.ncse.ie\\\/ga\\\/ncse\\\/\"},{\"@type\":\"ListItem\",\"position\":3,\"name\":\"Foilseach\u00e1in\",\"item\":\"https:\\\/\\\/www.ncse.ie\\\/ga\\\/ncse\\\/publications\\\/\"},{\"@type\":\"ListItem\",\"position\":4,\"name\":\"Rialachas Corpar\u00e1ideach\"}]},{\"@type\":\"WebSite\",\"@id\":\"https:\\\/\\\/www.ncse.ie\\\/ga\\\/#website\",\"url\":\"https:\\\/\\\/www.ncse.ie\\\/ga\\\/\",\"name\":\"NCSE\",\"description\":\"National Council for Special Education\",\"potentialAction\":[{\"@type\":\"SearchAction\",\"target\":{\"@type\":\"EntryPoint\",\"urlTemplate\":\"https:\\\/\\\/www.ncse.ie\\\/ga\\\/?s={search_term_string}\"},\"query-input\":{\"@type\":\"PropertyValueSpecification\",\"valueRequired\":true,\"valueName\":\"search_term_string\"}}],\"inLanguage\":\"ga-IE\"}]}<\/script>\n<!-- \/ Yoast SEO plugin. -->","yoast_head_json":{"title":"Rialachas Corpar\u00e1ideach - NCSE","robots":{"index":"index","follow":"follow","max-snippet":"max-snippet:-1","max-image-preview":"max-image-preview:large","max-video-preview":"max-video-preview:-1"},"canonical":"https:\/\/www.ncse.ie\/ga\/cnos\/foilseachain\/rialachas-corparaideach\/","og_locale":"ga_IE","og_type":"article","og_title":"Rialachas Corpar\u00e1ideach - NCSE","og_url":"https:\/\/www.ncse.ie\/ga\/cnos\/foilseachain\/rialachas-corparaideach\/","og_site_name":"NCSE","article_modified_time":"2026-04-11T18:18:34+00:00","twitter_card":"summary_large_image","schema":{"@context":"https:\/\/schema.org","@graph":[{"@type":"WebPage","@id":"https:\/\/www.ncse.ie\/ga\/cnos\/foilseachain\/rialachas-corparaideach\/","url":"https:\/\/www.ncse.ie\/ga\/cnos\/foilseachain\/rialachas-corparaideach\/","name":"Rialachas Corpar\u00e1ideach - NCSE","isPartOf":{"@id":"https:\/\/www.ncse.ie\/ga\/#website"},"datePublished":"2025-11-20T08:45:32+00:00","dateModified":"2026-04-11T18:18:34+00:00","breadcrumb":{"@id":"https:\/\/www.ncse.ie\/ga\/cnos\/foilseachain\/rialachas-corparaideach\/#breadcrumb"},"inLanguage":"ga-IE","potentialAction":[{"@type":"ReadAction","target":["https:\/\/www.ncse.ie\/ga\/cnos\/foilseachain\/rialachas-corparaideach\/"]}]},{"@type":"BreadcrumbList","@id":"https:\/\/www.ncse.ie\/ga\/cnos\/foilseachain\/rialachas-corparaideach\/#breadcrumb","itemListElement":[{"@type":"ListItem","position":1,"name":"Home","item":"https:\/\/www.ncse.ie\/ga\/"},{"@type":"ListItem","position":2,"name":"CNOS","item":"https:\/\/www.ncse.ie\/ga\/ncse\/"},{"@type":"ListItem","position":3,"name":"Foilseach\u00e1in","item":"https:\/\/www.ncse.ie\/ga\/ncse\/publications\/"},{"@type":"ListItem","position":4,"name":"Rialachas Corpar\u00e1ideach"}]},{"@type":"WebSite","@id":"https:\/\/www.ncse.ie\/ga\/#website","url":"https:\/\/www.ncse.ie\/ga\/","name":"NCSE","description":"National Council for Special Education","potentialAction":[{"@type":"SearchAction","target":{"@type":"EntryPoint","urlTemplate":"https:\/\/www.ncse.ie\/ga\/?s={search_term_string}"},"query-input":{"@type":"PropertyValueSpecification","valueRequired":true,"valueName":"search_term_string"}}],"inLanguage":"ga-IE"}]}},"_links":{"self":[{"href":"https:\/\/www.ncse.ie\/ga\/wp-json\/wp\/v2\/pages\/8811","targetHints":{"allow":["GET"]}}],"collection":[{"href":"https:\/\/www.ncse.ie\/ga\/wp-json\/wp\/v2\/pages"}],"about":[{"href":"https:\/\/www.ncse.ie\/ga\/wp-json\/wp\/v2\/types\/page"}],"author":[{"embeddable":true,"href":"https:\/\/www.ncse.ie\/ga\/wp-json\/wp\/v2\/users\/14"}],"replies":[{"embeddable":true,"href":"https:\/\/www.ncse.ie\/ga\/wp-json\/wp\/v2\/comments?post=8811"}],"version-history":[{"count":3,"href":"https:\/\/www.ncse.ie\/ga\/wp-json\/wp\/v2\/pages\/8811\/revisions"}],"predecessor-version":[{"id":9546,"href":"https:\/\/www.ncse.ie\/ga\/wp-json\/wp\/v2\/pages\/8811\/revisions\/9546"}],"up":[{"embeddable":true,"href":"https:\/\/www.ncse.ie\/ga\/wp-json\/wp\/v2\/pages\/6393"}],"wp:attachment":[{"href":"https:\/\/www.ncse.ie\/ga\/wp-json\/wp\/v2\/media?parent=8811"}],"curies":[{"name":"wp","href":"https:\/\/api.w.org\/{rel}","templated":true}]}}