{"id":8802,"date":"2026-02-24T10:33:07","date_gmt":"2026-02-24T10:33:07","guid":{"rendered":"https:\/\/ncse.ie\/?page_id=8802"},"modified":"2026-04-09T09:12:16","modified_gmt":"2026-04-09T09:12:16","slug":"aiseolas","status":"publish","type":"page","link":"https:\/\/www.ncse.ie\/ga\/cnos\/foilseachain\/cairt-custaimeiri\/aiseolas\/","title":{"rendered":"Aiseolas"},"content":{"rendered":"<div\n\tclass=\"_es__wrapper\/base scroll-my-80 overflow-x-hidden selection:bg-primary-50 selection:text-white dark:selection:bg-neutral-5 dark:selection:text-primary-90 block-inset-x bg-primary-80 dark\"\n\t\t>\n\t<div class=\"_es__main-section\/base col-span-full pb-20 sm:pb-32 md:pb-40\">\n\t<div class=\"_es__breadcrumbs\/base flex flex-wrap gap-8 text-primary-70 dark:text-neutral-5 _es__main-section\/breadcrumbs py-12 sm:py-16\">\n\t<a\n\t\tclass=\"_es__breadcrumbs\/home hover:text-primary-40 dark:hover:text-neutral-20 focus-visible:text-primary-40 dark:focus-visible:text-neutral-20 focus-visible:outline-3 outline-offset-3 outline-primary-50 dark:outline-neutral-40 rounded-xs transition\"\n\t\thref=\"https:\/\/www.ncse.ie\/ga\/\">\n\t\t<svg width='24' height='24' viewBox='0 0 24 24' fill='none' xmlns='http:\/\/www.w3.org\/2000\/svg'><path d='M19 17.5C19 18.6046 18.1046 19.5 17 19.5H7C5.89543 19.5 5 18.6046 5 17.5V11.8721C5 11.316 5.23156 10.785 5.6391 10.4066L10.6391 5.76369C11.4065 5.05114 12.5935 5.05114 13.3609 5.76369L18.3609 10.4066C18.7684 10.785 19 11.316 19 11.8721L19 17.5Z' stroke='currentColor' stroke-width='1.5' stroke-linejoin='round'\/><\/svg>\t<\/a>\n\n\t<svg class=\"text-neutral-60 dark:text-neutral-40 select-none pointer-events-none\" width='24' height='24' viewBox='0 0 24 24' fill='none' xmlns='http:\/\/www.w3.org\/2000\/svg'><path d='M9 6L15.3667 12.3667L9 18.7333' stroke='currentColor' stroke-width='1.5' stroke-miterlimit='10' stroke-linecap='round' stroke-linejoin='round'\/><\/svg>\n\t\t\t<a\n\t\t\tclass=\"_es__breadcrumbs\/link underline underline-offset-3 hover:text-primary-40 dark:hover:text-neutral-20 focus-visible:text-primary-60 dark:focus-visible:text-neutral-5 focus-visible:outline-3 outline-offset-3 outline-primary-50 dark:outline-neutral-40 rounded-xs transition\"\n\t\t\thref=\"https:\/\/www.ncse.ie\/ga\/cnos\/\">\n\t\t\tCNOS\t\t<\/a>\n\t\n\t<svg class=\"text-neutral-60 dark:text-neutral-40 select-none pointer-events-none\" width='24' height='24' viewBox='0 0 24 24' fill='none' xmlns='http:\/\/www.w3.org\/2000\/svg'><path d='M9 6L15.3667 12.3667L9 18.7333' stroke='currentColor' stroke-width='1.5' stroke-miterlimit='10' stroke-linecap='round' stroke-linejoin='round'\/><\/svg>\n\t\n\t\t\t<a\n\t\t\tclass=\"_es__breadcrumbs\/link underline underline-offset-3 hover:text-primary-40 dark:hover:text-neutral-20 focus-visible:text-primary-60 dark:focus-visible:text-neutral-5 focus-visible:outline-3 outline-offset-3 outline-primary-50 dark:outline-neutral-40 rounded-xs transition\"\n\t\t\thref=\"https:\/\/www.ncse.ie\/ga\/cnos\/foilseachain\/\">\n\t\t\tFoilseach\u00e1in\t\t<\/a>\n\n\t\t<svg class=\"text-neutral-60 dark:text-neutral-40 select-none pointer-events-none\" width='24' height='24' viewBox='0 0 24 24' fill='none' xmlns='http:\/\/www.w3.org\/2000\/svg'><path d='M9 6L15.3667 12.3667L9 18.7333' stroke='currentColor' stroke-width='1.5' stroke-miterlimit='10' stroke-linecap='round' stroke-linejoin='round'\/><\/svg>\t\n\t\t\t<a\n\t\t\tclass=\"_es__breadcrumbs\/link underline underline-offset-3 hover:text-primary-40 dark:hover:text-neutral-20 focus-visible:text-primary-60 dark:focus-visible:text-neutral-5 focus-visible:outline-3 outline-offset-3 outline-primary-50 dark:outline-neutral-40 rounded-xs transition\"\n\t\t\thref=\"https:\/\/www.ncse.ie\/ga\/cnos\/foilseachain\/cairt-custaimeiri\/\">\n\t\t\tCairt Custaim\u00e9ir\u00ed\t\t<\/a>\n\t\n\t<svg class=\"text-neutral-60 dark:text-neutral-40 select-none pointer-events-none\" width='24' height='24' viewBox='0 0 24 24' fill='none' xmlns='http:\/\/www.w3.org\/2000\/svg'><path d='M9 6L15.3667 12.3667L9 18.7333' stroke='currentColor' stroke-width='1.5' stroke-miterlimit='10' stroke-linecap='round' stroke-linejoin='round'\/><\/svg>\n\t<span class=\"select-none basis-full sm:basis-auto\">\n\t\tAiseolas\t<\/span>\n<\/div>\n\t<div class=\"_es__main-section\/content space-y-24 sm:space-y-16 sm:w-6\/8 md:w-8\/12 pt-24 sm:pt-32\">\n\t\t<h2\t\t\tclass=\"_es__main-section\/heading text-primary-90 dark:text-white text-balance text-h3 sm:text-h2\"\n\t\t>\n\t\t\tAiseolas agus Gear\u00e1in \u00f3 Chustaim\u00e9ir\u00ed\t\t<\/h2>\n\n\t\t\t<\/div>\n<\/div><\/div>\n\n<div\n\tclass=\"_es__wrapper\/base scroll-my-80 overflow-x-hidden selection:bg-primary-50 selection:text-white dark:selection:bg-neutral-5 dark:selection:text-primary-90 block-inset-x relative isolate bg-primary-60 dark\"\n\t\t>\n\t<div class=\"_es__call-to-action\/base col-span-full flex flex-col sm:flex-row items-start justify-between gap-24 sm:gap-32 md:gap-40 pt-56 sm:pt-80 pb-56 sm:pb-80\">\n\t\n\t<picture\n\t\t\t\tclass=\"_es__call-to-action\/mediaContainer w-full sm:w-1\/2 rounded-xs bg-neutral-10\"\n\t\t>\n\t\t<img\n\t\t\tsrc=\"https:\/\/ncseproductionsa.blob.core.windows.net\/assets\/2026\/02\/Feedback.webp\"\n\t\t\talt=\"A speech\u2011bubble\u2011shaped sign on a stick displaying the word \u201cFEEDBACK\u201d with two curved arrows above and below the text, set against a plain grey background.\"\n\t\t\tclass=\"_es__image\/base size-full rounded-xs object-cover aspect-3-2 _es__call-to-action\/image rounded-xs size-full\"\n\t\t\tloading=\"lazy\" \/>\n\t<\/picture>\n\t<div class=\"_es__call-to-action\/content space-y-8 sm:w-3\/8 md:w-1\/2\">\n\t\t\t<p class=\"_es__call-to-action\/eyebrow uppercase tracking-widest text-primary-60 dark:text-neutral-20 font-medium text-base mb-12\">\n\t\t\tAiseolas\t\t<\/p>\n\t\n\t<h2\t\tclass=\"_es__call-to-action\/heading text-primary-90 dark:text-white text-h2 sm:text-h2 text-balance md:max-w-5\/6\"\n\t>\n\t\tAn n\u00f3s imeachta maidir le haiseolas agus gear\u00e1in \u00f3 chustaim\u00e9ir\u00ed\t<\/h2>\n\n\t\t\t<p class=\"_es__call-to-action\/caption text-primary-90 dark:text-neutral-5 text-balance text-lg mt-12\">\n\t\t\t<br>Leagtar amach sa n\u00f3s imeachta maidir le haiseolas agus gear\u00e1in \u00f3 chustaim\u00e9ir\u00ed amach na pr\u00f3isis at\u00e1 i bhfeidhm chun go nd\u00e9ile\u00e1laimid le haon imn\u00ed n\u00f3 aiseolas a d&#8217;fh\u00e9adfadh a bheith agat faoin\u00e1r gcuid oibre.\t\t<\/p>\n\t\n\t<div class=\"_es__call-to-action\/buttons flex flex-wrap items-center gap-16 mt-40 sm:mt-56 md:mt-80\">\n\t\t<a\t href='https:\/\/ncseproductionsa.blob.core.windows.net\/assets\/2026\/02\/NCSE-Feedback-and-Complaints-Procedure-July-2024.pdf' aria-label='View Customer feedback and complaints procedure ' class='_es__button\/base border border-transparent py-12 focus:outline-hidden focus-visible:outline-solid focus-visible:outline-3 outline-transparent outline-offset-3 transition enabled:cursor-pointer flex items-center gap-12 w-fit text-white bg-primary-60 hover:bg-primary-70 active:bg-primary-80 focus-visible:bg-primary-80 focus-visible:outline-primary-50 disabled:bg-secondary-5 dark:text-primary-90 dark:bg-neutral-5 dark:hover:bg-neutral-30 dark:active:bg-neutral-40 dark:focus-visible:bg-neutral-40 dark:focus-visible:outline-neutral-5 dark:disabled:bg-secondary-40 dark:disabled:text-secondary-80 px-20 rounded-xs button'>\n\t\t\t<span>An n\u00f3s imeachta maidir le haiseolas agus gear\u00e1in \u00f3 chustaim\u00e9ir\u00ed <\/span>\n\t\n\t<svg aria-hidden=\"true\" class=\"_es__icon\/base size-24\" width='24' height='24' viewBox='0 0 24 24' fill='none' xmlns='http:\/\/www.w3.org\/2000\/svg'><path d='M14.283 5 21 12l-6.717 7' stroke='currentColor' stroke-width='2' stroke-linecap='round' stroke-linejoin='round' fill='none'\/><path stroke='currentColor' stroke-width='2' stroke-linecap='round' d='M19.733 12.032H4' fill='none'\/><\/svg><\/a>\t<\/div>\n<\/div><\/div><\/div>\n\n<div\n\tclass=\"_es__wrapper\/base scroll-my-80 overflow-x-hidden selection:bg-primary-50 selection:text-white dark:selection:bg-neutral-5 dark:selection:text-primary-90 block-inset-x relative isolate bg-neutral-30\"\n\t\t>\n\t<div class=\"_es__call-to-action\/base col-span-full flex flex-col sm:flex-row items-start justify-between gap-24 sm:gap-32 md:gap-40 pt-56 sm:pt-80 pb-56 sm:pb-80\">\n\t<picture\n\t\t\t\tclass=\"_es__call-to-action\/mediaContainer w-full sm:w-1\/2 rounded-xs bg-neutral-10 sm:hidden\"\n\t\t>\n\t\t<img\n\t\t\tsrc=\"https:\/\/ncseproductionsa.blob.core.windows.net\/assets\/2026\/02\/Review.webp\"\n\t\t\talt=\"Hand placing final wooden block in puzzle with the word &quot;REVIEW&quot; and circular arrow\"\n\t\t\tclass=\"_es__image\/base size-full rounded-xs object-cover aspect-3-2 _es__call-to-action\/image rounded-xs size-full\"\n\t\t\tloading=\"lazy\" \/>\n\t<\/picture><div class=\"_es__call-to-action\/content space-y-8 sm:w-3\/8 md:w-1\/2\">\n\t\t\t<p class=\"_es__call-to-action\/eyebrow uppercase tracking-widest text-primary-60 dark:text-neutral-20 font-medium text-base mb-12\">\n\t\t\tAiseolas\t\t<\/p>\n\t\n\t<h2\t\tclass=\"_es__call-to-action\/heading text-primary-90 dark:text-white text-h2 sm:text-h2 text-balance md:max-w-5\/6\"\n\t>\n\t\tMeicn\u00edochta\u00ed athbhreithnithe do thaca\u00edochta\u00ed TOS agus CRS\t<\/h2>\n\n\t\t\t<p class=\"_es__call-to-action\/caption text-primary-90 dark:text-neutral-5 text-balance text-lg mt-12\">\n\t\t\tBa ch\u00f3ir a thabhairt faoi deara go bhfuil meicn\u00edochta\u00ed athbhreithnithe ar leith ann do leithdh\u00e1ilt\u00ed maidir le teagasc oideachais speisialta (TOS) agus c\u00fant\u00f3ir\u00ed riachtanas speisialta (CRS) do scoileanna. Clice\u00e1il ar na cnaip\u00ed th\u00edos chun tuilleadh eolais a fh\u00e1il faoi na hathbhreithnithe seo. \t\t<\/p>\n\t\n\t<div class=\"_es__call-to-action\/buttons flex flex-wrap items-center gap-16 mt-40 sm:mt-56 md:mt-80\">\n\t\t<a\t href='https:\/\/www.ncse.ie\/ga\/?page_id=8806' aria-label='View SNA Review webpage' class='_es__button\/base border border-transparent py-12 focus:outline-hidden focus-visible:outline-solid focus-visible:outline-3 outline-transparent outline-offset-3 transition enabled:cursor-pointer flex items-center gap-12 w-fit text-white bg-primary-60 hover:bg-primary-70 active:bg-primary-80 focus-visible:bg-primary-80 focus-visible:outline-primary-50 disabled:bg-secondary-5 dark:text-primary-90 dark:bg-neutral-5 dark:hover:bg-neutral-30 dark:active:bg-neutral-40 dark:focus-visible:bg-neutral-40 dark:focus-visible:outline-neutral-5 dark:disabled:bg-secondary-40 dark:disabled:text-secondary-80 px-20 rounded-xs button'>\n\t\t\t<span>Athbhreithni\u00fa maidir le C\u00fant\u00f3ir\u00ed Riachtanas Speisialta (CRS) <\/span>\n\t\n\t<svg aria-hidden=\"true\" class=\"_es__icon\/base size-24\" width='24' height='24' viewBox='0 0 24 24' fill='none' xmlns='http:\/\/www.w3.org\/2000\/svg'><path d='M14.283 5 21 12l-6.717 7' stroke='currentColor' stroke-width='2' stroke-linecap='round' stroke-linejoin='round' fill='none'\/><path stroke='currentColor' stroke-width='2' stroke-linecap='round' d='M19.733 12.032H4' fill='none'\/><\/svg><\/a><a\t href='https:\/\/www.ncse.ie\/ga\/ceannairi-scoile\/treoirlinte-agus-iarratais\/athbhreithniu-maidir-le-tos\/' aria-label='View SET Review webpage' class='_es__button\/base border border-transparent py-12 focus:outline-hidden focus-visible:outline-solid focus-visible:outline-3 outline-transparent outline-offset-3 transition enabled:cursor-pointer flex items-center gap-12 w-fit text-primary-90 not-dark:border-primary-20 hover:bg-primary-10 hover:border-primary-60 active:bg-primary-20 active:border-primary-80 focus-visible:bg-primary-10 focus-visible:border-transparent focus-visible:outline-primary-50 disabled:text-secondary-40 disabled:border-secondary-40 disabled:bg-transparent dark:text-neutral-5 dark:bg-transparent dark:border-neutral-5 dark:hover:bg-primary-70 dark:hover:border-neutral-5 dark:active:bg-primary-80 dark:active:border-white dark:focus-visible:bg-primary-80 dark:focus-visible:border-neutral-5 dark:focus-visible:outline-neutral-5 dark:disabled:bg-secondary-5 dark:disabled:border-secondary-5 dark:disabled:bg-transparent px-20 rounded-xs button'>\n\t\t\t<span>Athbhreithni\u00fa maidir le TOS<\/span>\n\t\n\t<svg aria-hidden=\"true\" class=\"_es__icon\/base size-24\" width='24' height='24' viewBox='0 0 24 24' fill='none' xmlns='http:\/\/www.w3.org\/2000\/svg'><path d='M14.283 5 21 12l-6.717 7' stroke='currentColor' stroke-width='2' stroke-linecap='round' stroke-linejoin='round' fill='none'\/><path stroke='currentColor' stroke-width='2' stroke-linecap='round' d='M19.733 12.032H4' fill='none'\/><\/svg><\/a>\t<\/div>\n<\/div>\n\t<picture\n\t\t\t\tclass=\"_es__call-to-action\/mediaContainer w-full sm:w-1\/2 rounded-xs bg-neutral-10 hidden sm:block\"\n\t\t>\n\t\t<img\n\t\t\tsrc=\"https:\/\/ncseproductionsa.blob.core.windows.net\/assets\/2026\/02\/Review.webp\"\n\t\t\talt=\"Hand placing final wooden block in puzzle with the word &quot;REVIEW&quot; and circular arrow\"\n\t\t\tclass=\"_es__image\/base size-full rounded-xs object-cover aspect-3-2 _es__call-to-action\/image rounded-xs size-full\"\n\t\t\tloading=\"lazy\" \/>\n\t<\/picture>\n\t<\/div><\/div>\n\n<div\n\tclass=\"_es__wrapper\/base scroll-my-80 overflow-x-hidden selection:bg-primary-50 selection:text-white dark:selection:bg-neutral-5 dark:selection:text-primary-90 block-inset-x relative isolate bg-neutral-5\"\n\t\t>\n\t<div class=\"_es__call-to-action\/base col-span-full flex flex-col sm:flex-row items-start justify-between gap-24 sm:gap-32 md:gap-40 pt-56 sm:pt-80 pb-56 sm:pb-80\">\n\t\n\t<picture\n\t\t\t\tclass=\"_es__call-to-action\/mediaContainer w-full sm:w-1\/2 rounded-xs bg-neutral-10\"\n\t\t>\n\t\t<img\n\t\t\tsrc=\"https:\/\/ncseproductionsa.blob.core.windows.net\/assets\/2026\/02\/Filling_out_form.webp\"\n\t\t\talt=\"Person writing and flipping through a document\"\n\t\t\tclass=\"_es__image\/base size-full rounded-xs object-cover aspect-3-2 _es__call-to-action\/image rounded-xs size-full\"\n\t\t\tloading=\"lazy\" \/>\n\t<\/picture>\n\t<div class=\"_es__call-to-action\/content space-y-8 sm:w-3\/8 md:w-1\/2\">\n\t\t\t<p class=\"_es__call-to-action\/eyebrow uppercase tracking-widest text-primary-60 dark:text-neutral-20 font-medium text-base mb-12\">\n\t\t\tAiseolas\t\t<\/p>\n\t\n\t<h2\t\tclass=\"_es__call-to-action\/heading text-primary-90 dark:text-white text-h2 sm:text-h2 text-balance md:max-w-5\/6\"\n\t>\n\t\tGear\u00e1in Fhoirmi\u00fala\t<\/h2>\n\n\t\t\t<p class=\"_es__call-to-action\/caption text-primary-90 dark:text-neutral-5 text-balance text-lg mt-12\">\n\t\t\tLean na c\u00e9imeanna sa <a href=\"https:\/\/ncseproductionsa.blob.core.windows.net\/assets\/2026\/02\/NCSE-Feedback-and-Complaints-Procedure-July-2024.pdf\">N\u00f3s Imeachta maidir le hAiseolas agus Gear\u00e1in \u00f3 Chustaim\u00e9ir\u00ed<\/a> m\u00e1s mian leat gear\u00e1n oifigi\u00fail a dh\u00e9anamh. T\u00e1 s\u00e9 le f\u00e1il i gCuid 3. <br><br>Chun gear\u00e1n foirmi\u00fail a dh\u00e9anamh, l\u00edon isteach an \u2018Foirm ghear\u00e1in fhoirmi\u00fail\u2019.<br>Nuair a bheidh an fhoirm comhl\u00e1naithe agat, s\u00ednigh \u00ed agus seol ar ais chugainn \u00ed ar cheachtar de na beala\u00ed seo:<br><br>Ar an bpost:<br>Aiseolas &amp; Gear\u00e1in \u00f3 Chustaim\u00e9ir\u00ed an CNOS<br>An Chomhairle N\u00e1isi\u00fanta um Oideachas Speisialta<br>1\u20132 Sr\u00e1id an Mhuilinn<br>Baile \u00c1tha Troim, <br>Co. na M\u00ed<br>C15 P2KC <br><br>N\u00f3 ar r\u00edomhphost: <a href=\"mailto:feedback@ncse.ie\">feedback@ncse.ie<\/a>\t\t<\/p>\n\t\n\t<div class=\"_es__call-to-action\/buttons flex flex-wrap items-center gap-16 mt-40 sm:mt-56 md:mt-80\">\n\t\t<a\t href='https:\/\/ncseproductionsa.blob.core.windows.net\/assets\/2026\/02\/NCSE-Formal-Complaints-Form-VJuly2024.docx' aria-label='Open formal complaint form' class='_es__button\/base border border-transparent py-12 focus:outline-hidden focus-visible:outline-solid focus-visible:outline-3 outline-transparent outline-offset-3 transition enabled:cursor-pointer flex items-center gap-12 w-fit text-white bg-primary-60 hover:bg-primary-70 active:bg-primary-80 focus-visible:bg-primary-80 focus-visible:outline-primary-50 disabled:bg-secondary-5 dark:text-primary-90 dark:bg-neutral-5 dark:hover:bg-neutral-30 dark:active:bg-neutral-40 dark:focus-visible:bg-neutral-40 dark:focus-visible:outline-neutral-5 dark:disabled:bg-secondary-40 dark:disabled:text-secondary-80 px-20 rounded-xs button'>\n\t\t\t<span>Foirm ghear\u00e1in fhoirmi\u00fail<\/span>\n\t\n\t<svg aria-hidden=\"true\" class=\"_es__icon\/base size-24\" width='24' height='24' viewBox='0 0 24 24' fill='none' xmlns='http:\/\/www.w3.org\/2000\/svg'><path d='M14.283 5 21 12l-6.717 7' stroke='currentColor' stroke-width='2' stroke-linecap='round' stroke-linejoin='round' fill='none'\/><path stroke='currentColor' stroke-width='2' stroke-linecap='round' d='M19.733 12.032H4' fill='none'\/><\/svg><\/a>\t<\/div>\n<\/div><\/div><\/div>\n\n<div\n\tclass=\"_es__wrapper\/base scroll-my-80 overflow-x-hidden selection:bg-primary-50 selection:text-white dark:selection:bg-neutral-5 dark:selection:text-primary-90 block-inset-x relative isolate bg-white\"\n\t\t>\n\t<div class=\"_es__call-to-action\/base col-span-full flex flex-col sm:flex-row items-start justify-between gap-24 sm:gap-32 md:gap-40 pt-56 sm:pt-80 pb-56 sm:pb-80\">\n\t<picture\n\t\t\t\tclass=\"_es__call-to-action\/mediaContainer w-full sm:w-1\/2 rounded-xs bg-neutral-10 sm:hidden\"\n\t\t>\n\t\t<img\n\t\t\tsrc=\"https:\/\/ncseproductionsa.blob.core.windows.net\/assets\/2026\/02\/Quality.webp\"\n\t\t\talt=\"Wooden blocks stacked as steps with upward arrows, hand placing award block on top\"\n\t\t\tclass=\"_es__image\/base size-full rounded-xs object-cover aspect-3-2 _es__call-to-action\/image rounded-xs size-full\"\n\t\t\tloading=\"lazy\" \/>\n\t<\/picture><div class=\"_es__call-to-action\/content space-y-8 sm:w-3\/8 md:w-1\/2\">\n\t\t\t<p class=\"_es__call-to-action\/eyebrow uppercase tracking-widest text-primary-60 dark:text-neutral-20 font-medium text-base mb-12\">\n\t\t\tAiseolas\t\t<\/p>\n\t\n\t<h2\t\tclass=\"_es__call-to-action\/heading text-primary-90 dark:text-white text-h2 sm:text-h2 text-balance md:max-w-5\/6\"\n\t>\n\t\tCairt Custaim\u00e9ir\u00ed \t<\/h2>\n\n\t\t\t<p class=\"_es__call-to-action\/caption text-primary-90 dark:text-neutral-5 text-balance text-lg mt-12\">\n\t\t\tF\u00e9ach Cairt Custaim\u00e9ir\u00ed agus Plean Gn\u00edomha\u00edochta an CNOS.\t\t<\/p>\n\t\n\t<div class=\"_es__call-to-action\/buttons flex flex-wrap items-center gap-16 mt-40 sm:mt-56 md:mt-80\">\n\t\t<a\t href='https:\/\/www.ncse.ie\/ga\/cnos\/foilseachain\/cairt-custaimeiri\/' aria-label='View Customer Charter webpage' class='_es__button\/base border border-transparent py-12 focus:outline-hidden focus-visible:outline-solid focus-visible:outline-3 outline-transparent outline-offset-3 transition enabled:cursor-pointer flex items-center gap-12 w-fit text-white bg-primary-60 hover:bg-primary-70 active:bg-primary-80 focus-visible:bg-primary-80 focus-visible:outline-primary-50 disabled:bg-secondary-5 dark:text-primary-90 dark:bg-neutral-5 dark:hover:bg-neutral-30 dark:active:bg-neutral-40 dark:focus-visible:bg-neutral-40 dark:focus-visible:outline-neutral-5 dark:disabled:bg-secondary-40 dark:disabled:text-secondary-80 px-20 rounded-xs button'>\n\t\t\t<span>Cairt Custaim\u00e9ir\u00ed<\/span>\n\t\n\t<svg aria-hidden=\"true\" class=\"_es__icon\/base size-24\" width='24' height='24' viewBox='0 0 24 24' fill='none' xmlns='http:\/\/www.w3.org\/2000\/svg'><path d='M14.283 5 21 12l-6.717 7' stroke='currentColor' stroke-width='2' stroke-linecap='round' stroke-linejoin='round' fill='none'\/><path stroke='currentColor' stroke-width='2' stroke-linecap='round' d='M19.733 12.032H4' fill='none'\/><\/svg><\/a>\t<\/div>\n<\/div>\n\t<picture\n\t\t\t\tclass=\"_es__call-to-action\/mediaContainer w-full sm:w-1\/2 rounded-xs bg-neutral-10 hidden sm:block\"\n\t\t>\n\t\t<img\n\t\t\tsrc=\"https:\/\/ncseproductionsa.blob.core.windows.net\/assets\/2026\/02\/Quality.webp\"\n\t\t\talt=\"Wooden blocks stacked as steps with upward arrows, hand placing award block on top\"\n\t\t\tclass=\"_es__image\/base size-full rounded-xs object-cover aspect-3-2 _es__call-to-action\/image rounded-xs size-full\"\n\t\t\tloading=\"lazy\" \/>\n\t<\/picture>\n\t<\/div><\/div>","protected":false},"excerpt":{"rendered":"","protected":false},"author":6,"featured_media":0,"parent":5906,"menu_order":0,"comment_status":"closed","ping_status":"closed","template":"","meta":{"es_utils_meta_schema":"","footnotes":""},"class_list":["post-8802","page","type-page","status-publish","hentry"],"yoast_head":"<!-- This site is optimized with the Yoast SEO plugin v27.3 - https:\/\/yoast.com\/product\/yoast-seo-wordpress\/ -->\n<title>Aiseolas - NCSE<\/title>\n<meta name=\"robots\" content=\"index, follow, max-snippet:-1, max-image-preview:large, max-video-preview:-1\" \/>\n<link rel=\"canonical\" href=\"https:\/\/www.ncse.ie\/ga\/cnos\/foilseachain\/cairt-custaimeiri\/aiseolas\/\" \/>\n<meta property=\"og:locale\" content=\"ga_IE\" \/>\n<meta property=\"og:type\" content=\"article\" \/>\n<meta property=\"og:title\" content=\"Aiseolas - NCSE\" \/>\n<meta property=\"og:url\" content=\"https:\/\/www.ncse.ie\/ga\/cnos\/foilseachain\/cairt-custaimeiri\/aiseolas\/\" \/>\n<meta property=\"og:site_name\" content=\"NCSE\" \/>\n<meta property=\"article:modified_time\" content=\"2026-04-09T09:12:16+00:00\" \/>\n<meta name=\"twitter:card\" content=\"summary_large_image\" \/>\n<script type=\"application\/ld+json\" class=\"yoast-schema-graph\">{\"@context\":\"https:\\\/\\\/schema.org\",\"@graph\":[{\"@type\":\"WebPage\",\"@id\":\"https:\\\/\\\/www.ncse.ie\\\/ga\\\/cnos\\\/foilseachain\\\/cairt-custaimeiri\\\/aiseolas\\\/\",\"url\":\"https:\\\/\\\/www.ncse.ie\\\/ga\\\/cnos\\\/foilseachain\\\/cairt-custaimeiri\\\/aiseolas\\\/\",\"name\":\"Aiseolas - NCSE\",\"isPartOf\":{\"@id\":\"https:\\\/\\\/www.ncse.ie\\\/ga\\\/#website\"},\"datePublished\":\"2026-02-24T10:33:07+00:00\",\"dateModified\":\"2026-04-09T09:12:16+00:00\",\"breadcrumb\":{\"@id\":\"https:\\\/\\\/www.ncse.ie\\\/ga\\\/cnos\\\/foilseachain\\\/cairt-custaimeiri\\\/aiseolas\\\/#breadcrumb\"},\"inLanguage\":\"ga-IE\",\"potentialAction\":[{\"@type\":\"ReadAction\",\"target\":[\"https:\\\/\\\/www.ncse.ie\\\/ga\\\/cnos\\\/foilseachain\\\/cairt-custaimeiri\\\/aiseolas\\\/\"]}]},{\"@type\":\"BreadcrumbList\",\"@id\":\"https:\\\/\\\/www.ncse.ie\\\/ga\\\/cnos\\\/foilseachain\\\/cairt-custaimeiri\\\/aiseolas\\\/#breadcrumb\",\"itemListElement\":[{\"@type\":\"ListItem\",\"position\":1,\"name\":\"Home\",\"item\":\"https:\\\/\\\/www.ncse.ie\\\/ga\\\/\"},{\"@type\":\"ListItem\",\"position\":2,\"name\":\"CNOS\",\"item\":\"https:\\\/\\\/www.ncse.ie\\\/ga\\\/ncse\\\/\"},{\"@type\":\"ListItem\",\"position\":3,\"name\":\"Foilseach\u00e1in\",\"item\":\"https:\\\/\\\/www.ncse.ie\\\/ga\\\/ncse\\\/publications\\\/\"},{\"@type\":\"ListItem\",\"position\":4,\"name\":\"Cairt Custaim\u00e9ir\u00ed\",\"item\":\"https:\\\/\\\/www.ncse.ie\\\/ga\\\/ncse\\\/publications\\\/customer-charter\\\/\"},{\"@type\":\"ListItem\",\"position\":5,\"name\":\"Aiseolas\"}]},{\"@type\":\"WebSite\",\"@id\":\"https:\\\/\\\/www.ncse.ie\\\/ga\\\/#website\",\"url\":\"https:\\\/\\\/www.ncse.ie\\\/ga\\\/\",\"name\":\"NCSE\",\"description\":\"National Council for Special Education\",\"potentialAction\":[{\"@type\":\"SearchAction\",\"target\":{\"@type\":\"EntryPoint\",\"urlTemplate\":\"https:\\\/\\\/www.ncse.ie\\\/ga\\\/?s={search_term_string}\"},\"query-input\":{\"@type\":\"PropertyValueSpecification\",\"valueRequired\":true,\"valueName\":\"search_term_string\"}}],\"inLanguage\":\"ga-IE\"}]}<\/script>\n<!-- \/ Yoast SEO plugin. -->","yoast_head_json":{"title":"Aiseolas - NCSE","robots":{"index":"index","follow":"follow","max-snippet":"max-snippet:-1","max-image-preview":"max-image-preview:large","max-video-preview":"max-video-preview:-1"},"canonical":"https:\/\/www.ncse.ie\/ga\/cnos\/foilseachain\/cairt-custaimeiri\/aiseolas\/","og_locale":"ga_IE","og_type":"article","og_title":"Aiseolas - NCSE","og_url":"https:\/\/www.ncse.ie\/ga\/cnos\/foilseachain\/cairt-custaimeiri\/aiseolas\/","og_site_name":"NCSE","article_modified_time":"2026-04-09T09:12:16+00:00","twitter_card":"summary_large_image","schema":{"@context":"https:\/\/schema.org","@graph":[{"@type":"WebPage","@id":"https:\/\/www.ncse.ie\/ga\/cnos\/foilseachain\/cairt-custaimeiri\/aiseolas\/","url":"https:\/\/www.ncse.ie\/ga\/cnos\/foilseachain\/cairt-custaimeiri\/aiseolas\/","name":"Aiseolas - NCSE","isPartOf":{"@id":"https:\/\/www.ncse.ie\/ga\/#website"},"datePublished":"2026-02-24T10:33:07+00:00","dateModified":"2026-04-09T09:12:16+00:00","breadcrumb":{"@id":"https:\/\/www.ncse.ie\/ga\/cnos\/foilseachain\/cairt-custaimeiri\/aiseolas\/#breadcrumb"},"inLanguage":"ga-IE","potentialAction":[{"@type":"ReadAction","target":["https:\/\/www.ncse.ie\/ga\/cnos\/foilseachain\/cairt-custaimeiri\/aiseolas\/"]}]},{"@type":"BreadcrumbList","@id":"https:\/\/www.ncse.ie\/ga\/cnos\/foilseachain\/cairt-custaimeiri\/aiseolas\/#breadcrumb","itemListElement":[{"@type":"ListItem","position":1,"name":"Home","item":"https:\/\/www.ncse.ie\/ga\/"},{"@type":"ListItem","position":2,"name":"CNOS","item":"https:\/\/www.ncse.ie\/ga\/ncse\/"},{"@type":"ListItem","position":3,"name":"Foilseach\u00e1in","item":"https:\/\/www.ncse.ie\/ga\/ncse\/publications\/"},{"@type":"ListItem","position":4,"name":"Cairt Custaim\u00e9ir\u00ed","item":"https:\/\/www.ncse.ie\/ga\/ncse\/publications\/customer-charter\/"},{"@type":"ListItem","position":5,"name":"Aiseolas"}]},{"@type":"WebSite","@id":"https:\/\/www.ncse.ie\/ga\/#website","url":"https:\/\/www.ncse.ie\/ga\/","name":"NCSE","description":"National Council for Special Education","potentialAction":[{"@type":"SearchAction","target":{"@type":"EntryPoint","urlTemplate":"https:\/\/www.ncse.ie\/ga\/?s={search_term_string}"},"query-input":{"@type":"PropertyValueSpecification","valueRequired":true,"valueName":"search_term_string"}}],"inLanguage":"ga-IE"}]}},"_links":{"self":[{"href":"https:\/\/www.ncse.ie\/ga\/wp-json\/wp\/v2\/pages\/8802","targetHints":{"allow":["GET"]}}],"collection":[{"href":"https:\/\/www.ncse.ie\/ga\/wp-json\/wp\/v2\/pages"}],"about":[{"href":"https:\/\/www.ncse.ie\/ga\/wp-json\/wp\/v2\/types\/page"}],"author":[{"embeddable":true,"href":"https:\/\/www.ncse.ie\/ga\/wp-json\/wp\/v2\/users\/6"}],"replies":[{"embeddable":true,"href":"https:\/\/www.ncse.ie\/ga\/wp-json\/wp\/v2\/comments?post=8802"}],"version-history":[{"count":9,"href":"https:\/\/www.ncse.ie\/ga\/wp-json\/wp\/v2\/pages\/8802\/revisions"}],"predecessor-version":[{"id":9217,"href":"https:\/\/www.ncse.ie\/ga\/wp-json\/wp\/v2\/pages\/8802\/revisions\/9217"}],"up":[{"embeddable":true,"href":"https:\/\/www.ncse.ie\/ga\/wp-json\/wp\/v2\/pages\/5906"}],"wp:attachment":[{"href":"https:\/\/www.ncse.ie\/ga\/wp-json\/wp\/v2\/media?parent=8802"}],"curies":[{"name":"wp","href":"https:\/\/api.w.org\/{rel}","templated":true}]}}