{"id":6843,"date":"2025-12-05T10:23:46","date_gmt":"2025-12-05T10:23:46","guid":{"rendered":"https:\/\/ncse.ie\/?page_id=6843"},"modified":"2026-04-10T17:43:03","modified_gmt":"2026-04-10T17:43:03","slug":"an-tacht-um-brustocaireacht-a-rialail-2015","status":"publish","type":"page","link":"https:\/\/www.ncse.ie\/ga\/cnos\/an-tacht-um-brustocaireacht-a-rialail-2015\/","title":{"rendered":"An tAcht um Br\u00fastocaireacht a Rial\u00e1il, 2015"},"content":{"rendered":"<div\n\tclass=\"_es__wrapper\/base scroll-my-80 overflow-x-hidden selection:bg-primary-50 selection:text-white dark:selection:bg-neutral-5 dark:selection:text-primary-90 block-inset-x bg-primary-80 dark\"\n\t\t>\n\t<div class=\"_es__main-section\/base col-span-full pb-20 sm:pb-32 md:pb-40\">\n\t<div class=\"_es__breadcrumbs\/base flex flex-wrap gap-8 text-primary-70 dark:text-neutral-5 _es__main-section\/breadcrumbs py-12 sm:py-16\">\n\t<a\n\t\tclass=\"_es__breadcrumbs\/home hover:text-primary-40 dark:hover:text-neutral-20 focus-visible:text-primary-40 dark:focus-visible:text-neutral-20 focus-visible:outline-3 outline-offset-3 outline-primary-50 dark:outline-neutral-40 rounded-xs transition\"\n\t\thref=\"https:\/\/www.ncse.ie\/ga\/\">\n\t\t<svg width='24' height='24' viewBox='0 0 24 24' fill='none' xmlns='http:\/\/www.w3.org\/2000\/svg'><path d='M19 17.5C19 18.6046 18.1046 19.5 17 19.5H7C5.89543 19.5 5 18.6046 5 17.5V11.8721C5 11.316 5.23156 10.785 5.6391 10.4066L10.6391 5.76369C11.4065 5.05114 12.5935 5.05114 13.3609 5.76369L18.3609 10.4066C18.7684 10.785 19 11.316 19 11.8721L19 17.5Z' stroke='currentColor' stroke-width='1.5' stroke-linejoin='round'\/><\/svg>\t<\/a>\n\n\t<svg class=\"text-neutral-60 dark:text-neutral-40 select-none pointer-events-none\" width='24' height='24' viewBox='0 0 24 24' fill='none' xmlns='http:\/\/www.w3.org\/2000\/svg'><path d='M9 6L15.3667 12.3667L9 18.7333' stroke='currentColor' stroke-width='1.5' stroke-miterlimit='10' stroke-linecap='round' stroke-linejoin='round'\/><\/svg>\n\t\t\t<a\n\t\t\tclass=\"_es__breadcrumbs\/link underline underline-offset-3 hover:text-primary-40 dark:hover:text-neutral-20 focus-visible:text-primary-60 dark:focus-visible:text-neutral-5 focus-visible:outline-3 outline-offset-3 outline-primary-50 dark:outline-neutral-40 rounded-xs transition\"\n\t\t\thref=\"https:\/\/www.ncse.ie\/ga\/cnos\/\">\n\t\t\tCNOS\t\t<\/a>\n\t\n\t\n\t\n\t\n\t\n\t<svg class=\"text-neutral-60 dark:text-neutral-40 select-none pointer-events-none\" width='24' height='24' viewBox='0 0 24 24' fill='none' xmlns='http:\/\/www.w3.org\/2000\/svg'><path d='M9 6L15.3667 12.3667L9 18.7333' stroke='currentColor' stroke-width='1.5' stroke-miterlimit='10' stroke-linecap='round' stroke-linejoin='round'\/><\/svg>\n\t<span class=\"select-none basis-full sm:basis-auto\">\n\t\tAn tAcht um Br\u00fastocaireacht a Rial\u00e1il, 2015\t<\/span>\n<\/div>\n\t<div class=\"_es__main-section\/content space-y-24 sm:space-y-16 sm:w-6\/8 md:w-8\/12 pt-24 sm:pt-32\">\n\t\t<h2\t\t\tclass=\"_es__main-section\/heading text-primary-90 dark:text-white text-balance text-h3 sm:text-h2\"\n\t\t>\n\t\t\tAn tAcht um Br\u00fastocaireacht a Rial\u00e1il, 2015\t\t<\/h2>\n\n\t\t\t<\/div>\n<\/div><\/div>\n\n<div\n\tclass=\"_es__wrapper\/base scroll-my-80 overflow-x-hidden selection:bg-primary-50 selection:text-white dark:selection:bg-neutral-5 dark:selection:text-primary-90 block-inset-x relative isolate bg-primary-60 dark\"\n\t\t>\n\t<div class=\"_es__call-to-action\/base col-span-full flex flex-col sm:flex-row items-start justify-between gap-24 sm:gap-32 md:gap-40 pt-56 sm:pt-80 pb-56 sm:pb-80\">\n\t\n\t<picture\n\t\t\t\tclass=\"_es__call-to-action\/mediaContainer w-full sm:w-1\/2 rounded-xs bg-neutral-10\"\n\t\t>\n\t\t<img\n\t\t\tsrc=\"https:\/\/ncseproductionsa.blob.core.windows.net\/assets\/2026\/02\/Justice_Scales.webp\"\n\t\t\talt=\"A magnifying glass focusing on a small golden justice scale\"\n\t\t\tclass=\"_es__image\/base size-full rounded-xs object-cover aspect-3-2 _es__call-to-action\/image rounded-xs size-full\"\n\t\t\tloading=\"lazy\" \/>\n\t<\/picture>\n\t<div class=\"_es__call-to-action\/content space-y-8 sm:w-3\/8 md:w-1\/2\">\n\t\t\t<p class=\"_es__call-to-action\/eyebrow uppercase tracking-widest text-primary-60 dark:text-neutral-20 font-medium text-base mb-12\">\n\t\t\tAn tAcht um Br\u00fastocaireacht a Rial\u00e1il, 2015\t\t<\/p>\n\t\n\t<h2\t\tclass=\"_es__call-to-action\/heading text-primary-90 dark:text-white text-h2 sm:text-h2 text-balance md:max-w-5\/6\"\n\t>\n\t\tCad is Br\u00fastocaireacht ann? \t<\/h2>\n\n\t\t\t<p class=\"_es__call-to-action\/caption text-primary-90 dark:text-neutral-5 text-balance text-lg mt-12\">\n\t\t\tIs \u00e9ard is br\u00fastocaireacht ann nuair a dh\u00e9anann daoine aonair n\u00f3 eagra\u00edochta\u00ed iarracht tionchar a imirt ar chinnteoir\u00ed amhail polaiteoir\u00ed tr\u00ed chruinnithe a bheith acu leo, tr\u00ed thaighde agus tr\u00ed mhodhanna eile. <br><br>T\u00e1 an tAcht um Br\u00fastocaireacht a Rial\u00e1il, 2015 ceaptha chun eolas a chur ar f\u00e1il don phobal maidir le c\u00e9 at\u00e1 ag d\u00e9anamh br\u00fastocaireachta, c\u00e9 air a bhfuil siad \u00e1 d\u00e9anamh agus cad faoi an bhr\u00fastocaireacht.<br>Is f\u00e9idir tuilleadh eolais agus an cl\u00e1r br\u00fastocaireachta ar l\u00edne a fh\u00e1il \u00f3n gCoimisi\u00fan um Chaighde\u00e1in in Oifig\u00ed Poibl\u00ed ag <a href=\"https:\/\/www.lobbying.ie\/ga\/\" target=\"_blank\" rel=\"noreferrer noopener\">www.lobbying.ie<\/a>. <br><br>Ar an leathanach seo, leagaimid amach conas a chomhl\u00edonann an CNOS a cuid ceanglais dl\u00ed maidir le br\u00fastocaireacht. <br> \t\t<\/p>\n\t\n\t<div class=\"_es__call-to-action\/buttons flex flex-wrap items-center gap-16 mt-40 sm:mt-56 md:mt-80\">\n\t\t<a\t href='https:\/\/www.irishstatutebook.ie\/eli\/2015\/act\/5\/enacted\/en\/html' target='_blank' rel='noopener noreferrer' aria-label='F\u00e9ach ar an tAcht um Br\u00fastocaireacht a Rial\u00e1il, 2015' class='_es__button\/base border border-transparent py-12 focus:outline-hidden focus-visible:outline-solid focus-visible:outline-3 outline-transparent outline-offset-3 transition enabled:cursor-pointer flex items-center gap-12 w-fit text-white bg-primary-60 hover:bg-primary-70 active:bg-primary-80 focus-visible:bg-primary-80 focus-visible:outline-primary-50 disabled:bg-secondary-5 dark:text-primary-90 dark:bg-neutral-5 dark:hover:bg-neutral-30 dark:active:bg-neutral-40 dark:focus-visible:bg-neutral-40 dark:focus-visible:outline-neutral-5 dark:disabled:bg-secondary-40 dark:disabled:text-secondary-80 px-20 rounded-xs button'>\n\t\t\t<span>An tAcht um Br\u00fastocaireacht a Rial\u00e1il, 2015<\/span>\n\t\n\t<svg aria-hidden=\"true\" class=\"_es__icon\/base size-24\" width='24' height='24' viewBox='0 0 24 24' fill='none' xmlns='http:\/\/www.w3.org\/2000\/svg'><path d='M14.283 5 21 12l-6.717 7' stroke='currentColor' stroke-width='2' stroke-linecap='round' stroke-linejoin='round' fill='none'\/><path stroke='currentColor' stroke-width='2' stroke-linecap='round' d='M19.733 12.032H4' fill='none'\/><\/svg><\/a><a\t href='https:\/\/www.lobbying.ie\/ga\/' target='_blank' rel='noopener noreferrer' aria-label='F\u00e9ach ar Su\u00edomh Gr\u00e9as\u00e1in Lobbying.ie' class='_es__button\/base border border-transparent py-12 focus:outline-hidden focus-visible:outline-solid focus-visible:outline-3 outline-transparent outline-offset-3 transition enabled:cursor-pointer flex items-center gap-12 w-fit text-primary-90 not-dark:border-primary-20 hover:bg-primary-10 hover:border-primary-60 active:bg-primary-20 active:border-primary-80 focus-visible:bg-primary-10 focus-visible:border-transparent focus-visible:outline-primary-50 disabled:text-secondary-40 disabled:border-secondary-40 disabled:bg-transparent dark:text-neutral-5 dark:bg-transparent dark:border-neutral-5 dark:hover:bg-primary-70 dark:hover:border-neutral-5 dark:active:bg-primary-80 dark:active:border-white dark:focus-visible:bg-primary-80 dark:focus-visible:border-neutral-5 dark:focus-visible:outline-neutral-5 dark:disabled:bg-secondary-5 dark:disabled:border-secondary-5 dark:disabled:bg-transparent px-20 rounded-xs button'>\n\t\t\t<span>Su\u00edomh Gr\u00e9as\u00e1in Lobbying.ie<\/span>\n\t\n\t<svg aria-hidden=\"true\" class=\"_es__icon\/base size-24\" width='24' height='24' viewBox='0 0 24 24' fill='none' xmlns='http:\/\/www.w3.org\/2000\/svg'><path d='M14.283 5 21 12l-6.717 7' stroke='currentColor' stroke-width='2' stroke-linecap='round' stroke-linejoin='round' fill='none'\/><path stroke='currentColor' stroke-width='2' stroke-linecap='round' d='M19.733 12.032H4' fill='none'\/><\/svg><\/a>\t<\/div>\n<\/div><\/div><\/div>\n\n<div\n\tclass=\"_es__wrapper\/base scroll-my-80 overflow-x-hidden selection:bg-primary-50 selection:text-white dark:selection:bg-neutral-5 dark:selection:text-primary-90 block-inset-x relative isolate bg-neutral-30\"\n\t\t>\n\t<div class=\"_es__call-to-action\/base col-span-full flex flex-col sm:flex-row items-start justify-between gap-24 sm:gap-32 md:gap-40 pt-56 sm:pt-80 pb-56 sm:pb-80\">\n\t<picture\n\t\t\t\tclass=\"_es__call-to-action\/mediaContainer w-full sm:w-1\/2 rounded-xs bg-neutral-10 sm:hidden\"\n\t\t>\n\t\t<img\n\t\t\tsrc=\"https:\/\/ncseproductionsa.blob.core.windows.net\/assets\/2026\/02\/Designated_Person.webp\"\n\t\t\talt=\"Glowing gold human icon standing out among dark icons.\"\n\t\t\tclass=\"_es__image\/base size-full rounded-xs object-cover aspect-3-2 _es__call-to-action\/image rounded-xs size-full\"\n\t\t\tloading=\"lazy\" \/>\n\t<\/picture><div class=\"_es__call-to-action\/content space-y-8 sm:w-3\/8 md:w-1\/2\">\n\t\t\t<p class=\"_es__call-to-action\/eyebrow uppercase tracking-widest text-primary-60 dark:text-neutral-20 font-medium text-base mb-12\">\n\t\t\tAn tAcht um Br\u00fastocaireacht a Rial\u00e1il, 2015\t\t<\/p>\n\t\n\t<h2\t\tclass=\"_es__call-to-action\/heading text-primary-90 dark:text-white text-h2 sm:text-h2 text-balance md:max-w-5\/6\"\n\t>\n\t\tOifigigh Phoibl\u00ed Ainmnithe\t<\/h2>\n\n\t\t\t<p class=\"_es__call-to-action\/caption text-primary-90 dark:text-neutral-5 text-balance text-lg mt-12\">\n\t\t\t<br>Ceangla\u00edtear le hAlt 6(4) den Acht ar gach comhlacht poibl\u00ed liosta d&#8217;oifigigh phoibl\u00ed ainmnithe an chomhlachta a fhoilsi\u00fa.<br><br>T\u00e1 dh\u00e1 phr\u00edomhchusp\u00f3ir leis an liosta seo: <br>1. A chur ar chumas daoine den phobal a aithint c\u00e9 at\u00e1 ina oifigeach poibl\u00ed ainmnithe <br>2. A chur ar chumas br\u00fastocair\u00ed at\u00e1 i mbun tuairisce\u00e1n a chomhd\u00fa chuig an gCl\u00e1r an duine ceart a aithint lena lua. <br>\t\t<\/p>\n\t\n\t<div class=\"_es__call-to-action\/buttons flex flex-wrap items-center gap-16 mt-40 sm:mt-56 md:mt-80\">\n\t\t\t<\/div>\n<\/div>\n\t<picture\n\t\t\t\tclass=\"_es__call-to-action\/mediaContainer w-full sm:w-1\/2 rounded-xs bg-neutral-10 hidden sm:block\"\n\t\t>\n\t\t<img\n\t\t\tsrc=\"https:\/\/ncseproductionsa.blob.core.windows.net\/assets\/2026\/02\/Designated_Person.webp\"\n\t\t\talt=\"Glowing gold human icon standing out among dark icons.\"\n\t\t\tclass=\"_es__image\/base size-full rounded-xs object-cover aspect-3-2 _es__call-to-action\/image rounded-xs size-full\"\n\t\t\tloading=\"lazy\" \/>\n\t<\/picture>\n\t<\/div><\/div>\n\n<div\n\tclass=\"_es__wrapper\/base scroll-my-80 overflow-x-hidden selection:bg-primary-50 selection:text-white dark:selection:bg-neutral-5 dark:selection:text-primary-90 block-inset-x relative isolate bg-neutral-5\"\n\t\t>\n\t<div class=\"_es__call-to-action\/base col-span-full flex flex-col sm:flex-row items-start justify-between gap-24 sm:gap-32 md:gap-40 pt-56 sm:pt-80 pb-56 sm:pb-80\">\n\t\n\t<picture\n\t\t\t\tclass=\"_es__call-to-action\/mediaContainer w-full sm:w-1\/2 rounded-xs bg-neutral-10\"\n\t\t>\n\t\t<img\n\t\t\tsrc=\"https:\/\/ncseproductionsa.blob.core.windows.net\/assets\/2026\/02\/CEO.webp\"\n\t\t\talt=\"Wooden blocks stacked vertically spelling &quot;CEO&quot;.\"\n\t\t\tclass=\"_es__image\/base size-full rounded-xs object-cover aspect-3-2 _es__call-to-action\/image rounded-xs size-full\"\n\t\t\tloading=\"lazy\" \/>\n\t<\/picture>\n\t<div class=\"_es__call-to-action\/content space-y-8 sm:w-3\/8 md:w-1\/2\">\n\t\t\t<p class=\"_es__call-to-action\/eyebrow uppercase tracking-widest text-primary-60 dark:text-neutral-20 font-medium text-base mb-12\">\n\t\t\tAn tAcht um Br\u00fastocaireacht a Rial\u00e1il, 2015\t\t<\/p>\n\t\n\t<h2\t\tclass=\"_es__call-to-action\/heading text-primary-90 dark:text-white text-h2 sm:text-h2 text-balance md:max-w-5\/6\"\n\t>\n\t\tC\u00e9 h\u00e9 an tOifigeach Poibl\u00ed Ainmnithe san CNOS?\t<\/h2>\n\n\t\t\t<p class=\"_es__call-to-action\/caption text-primary-90 dark:text-neutral-5 text-balance text-lg mt-12\">\n\t\t\tIs \u00e9 an tOifigeach Poibl\u00ed Ainmnithe (OPA) laistigh den Chomhairle N\u00e1isi\u00fanta um Oideachas Speisialta:<br>John Kearney, Pr\u00edomhfheidhmeannach, An Chomhairle N\u00e1isi\u00fanta um Oideachas Speisialta<br><br>D\u00e9antar an ceapach\u00e1n seo <a href=\"https:\/\/www.irishstatutebook.ie\/eli\/2004\/act\/30\/section\/24\/enacted\/en\/html#:~:text=The%20Chief%20Executive%20Officer%20shall%20manage%20and%20control%20generally%20the%20staff%2C%20administration%20and%20business%20of%20the%20Council%2C%20and%20shall%20perform%20such%20other%20functions%20as%20may%20be%20conferred%20on%20him%20or%20her%20by%20the%20Council.\" target=\"_blank\" rel=\"noreferrer noopener\">faoi Alt 24 den Acht um Oideachas do Dhaoine a bhfuil Riachtanais Speisialta Oideachais Acu, 2004. <\/a>Luaitear ann go nd\u00e9anfaidh an Pr\u00edomhfheidhmeannach bainisti\u00fa agus rial\u00fa ginear\u00e1lta ar fhoireann, ar riarach\u00e1n agus ar ghn\u00f3 na Comhairle, agus go gcomhl\u00edonfaidh s\u00e9 n\u00f3 s\u00ed feidhmeanna eile a fh\u00e9adfaidh an Chomhairle a thabhairt d\u00f3 n\u00f3 di.\t\t<\/p>\n\t\n\t<div class=\"_es__call-to-action\/buttons flex flex-wrap items-center gap-16 mt-40 sm:mt-56 md:mt-80\">\n\t\t\t<\/div>\n<\/div><\/div><\/div>\n\n<div\n\tclass=\"_es__wrapper\/base scroll-my-80 overflow-x-hidden selection:bg-primary-50 selection:text-white dark:selection:bg-neutral-5 dark:selection:text-primary-90 block-inset-x relative isolate bg-white\"\n\t\t>\n\t<div class=\"_es__call-to-action\/base col-span-full flex flex-col sm:flex-row items-start justify-between gap-24 sm:gap-32 md:gap-40 pt-56 sm:pt-80 pb-56 sm:pb-80\">\n\t<picture\n\t\t\t\tclass=\"_es__call-to-action\/mediaContainer w-full sm:w-1\/2 rounded-xs bg-neutral-10 sm:hidden\"\n\t\t>\n\t\t<img\n\t\t\tsrc=\"https:\/\/ncseproductionsa.blob.core.windows.net\/assets\/2026\/02\/Group_Meeting.webp\"\n\t\t\talt=\"Four people sitting at a conference table engaged in a business meeting.\"\n\t\t\tclass=\"_es__image\/base size-full rounded-xs object-cover aspect-3-2 _es__call-to-action\/image rounded-xs size-full\"\n\t\t\tloading=\"lazy\" \/>\n\t<\/picture><div class=\"_es__call-to-action\/content space-y-8 sm:w-3\/8 md:w-1\/2\">\n\t\t\t<p class=\"_es__call-to-action\/eyebrow uppercase tracking-widest text-primary-60 dark:text-neutral-20 font-medium text-base mb-12\">\n\t\t\tAn tAcht um Br\u00fastocaireacht a Rial\u00e1il, 2015\t\t<\/p>\n\t\n\t<h2\t\tclass=\"_es__call-to-action\/heading text-primary-90 dark:text-white text-h2 sm:text-h2 text-balance md:max-w-5\/6\"\n\t>\n\t\tGr\u00fapa\u00ed Oibre at\u00e1 ag Feidhmi\u00fa faoin gC\u00f3d Tr\u00e9dhearcachta\t<\/h2>\n\n\t\t\t<p class=\"_es__call-to-action\/caption text-primary-90 dark:text-neutral-5 text-balance text-lg mt-12\">\n\t\t\t<br>Faoin Acht um Br\u00fastocaireacht a Rial\u00e1il, n\u00ed m\u00f3r faisn\u00e9is a bhaineann le haon ghr\u00fapa\u00ed oibre at\u00e1 ag feidhmi\u00fa faoin gC\u00f3d Tr\u00e9dhearcachta a fhoilsi\u00fa. <br> <br>Maidir leis na gr\u00fapa\u00ed oibre seo, ar a dtugtar \u201ccomhlachta\u00ed iomchu\u00ed\u201d, c\u00e1il\u00edonn siad do chumars\u00e1id dh\u00edolmhaithe \u00f3n Acht um Br\u00fastocaireacht a Rial\u00e1il agus n\u00ed m\u00f3r d\u00f3ibh a gcuid gn\u00edomha\u00edochta\u00ed a dh\u00e9anamh de r\u00e9ir na gcrit\u00e9ar at\u00e1 leagtha amach sa Ch\u00f3d Tr\u00e9dhearcachta. <br> <br>N\u00edl aon Ghr\u00fapa\u00ed Oibre ag feidhmi\u00fa faoin CNOS faoi l\u00e1thair. \t\t<\/p>\n\t\n\t<div class=\"_es__call-to-action\/buttons flex flex-wrap items-center gap-16 mt-40 sm:mt-56 md:mt-80\">\n\t\t\t<\/div>\n<\/div>\n\t<picture\n\t\t\t\tclass=\"_es__call-to-action\/mediaContainer w-full sm:w-1\/2 rounded-xs bg-neutral-10 hidden sm:block\"\n\t\t>\n\t\t<img\n\t\t\tsrc=\"https:\/\/ncseproductionsa.blob.core.windows.net\/assets\/2026\/02\/Group_Meeting.webp\"\n\t\t\talt=\"Four people sitting at a conference table engaged in a business meeting.\"\n\t\t\tclass=\"_es__image\/base size-full rounded-xs object-cover aspect-3-2 _es__call-to-action\/image rounded-xs size-full\"\n\t\t\tloading=\"lazy\" \/>\n\t<\/picture>\n\t<\/div><\/div>","protected":false},"excerpt":{"rendered":"","protected":false},"author":6,"featured_media":0,"parent":6082,"menu_order":0,"comment_status":"closed","ping_status":"closed","template":"","meta":{"es_utils_meta_schema":"","footnotes":""},"class_list":["post-6843","page","type-page","status-publish","hentry"],"yoast_head":"<!-- This site is optimized with the Yoast SEO plugin v27.3 - https:\/\/yoast.com\/product\/yoast-seo-wordpress\/ -->\n<title>An tAcht um Br\u00fastocaireacht a Rial\u00e1il, 2015 - NCSE<\/title>\n<meta name=\"robots\" content=\"index, follow, max-snippet:-1, max-image-preview:large, max-video-preview:-1\" \/>\n<link rel=\"canonical\" href=\"https:\/\/www.ncse.ie\/ga\/cnos\/an-tacht-um-brustocaireacht-a-rialail-2015\/\" \/>\n<meta property=\"og:locale\" content=\"ga_IE\" \/>\n<meta property=\"og:type\" content=\"article\" \/>\n<meta property=\"og:title\" content=\"An tAcht um Br\u00fastocaireacht a Rial\u00e1il, 2015 - NCSE\" \/>\n<meta property=\"og:url\" content=\"https:\/\/www.ncse.ie\/ga\/cnos\/an-tacht-um-brustocaireacht-a-rialail-2015\/\" \/>\n<meta property=\"og:site_name\" content=\"NCSE\" \/>\n<meta property=\"article:modified_time\" content=\"2026-04-10T17:43:03+00:00\" \/>\n<meta name=\"twitter:card\" content=\"summary_large_image\" \/>\n<script type=\"application\/ld+json\" class=\"yoast-schema-graph\">{\"@context\":\"https:\\\/\\\/schema.org\",\"@graph\":[{\"@type\":\"WebPage\",\"@id\":\"https:\\\/\\\/www.ncse.ie\\\/ga\\\/cnos\\\/an-tacht-um-brustocaireacht-a-rialail-2015\\\/\",\"url\":\"https:\\\/\\\/www.ncse.ie\\\/ga\\\/cnos\\\/an-tacht-um-brustocaireacht-a-rialail-2015\\\/\",\"name\":\"An tAcht um Br\u00fastocaireacht a Rial\u00e1il, 2015 - NCSE\",\"isPartOf\":{\"@id\":\"https:\\\/\\\/www.ncse.ie\\\/ga\\\/#website\"},\"datePublished\":\"2025-12-05T10:23:46+00:00\",\"dateModified\":\"2026-04-10T17:43:03+00:00\",\"breadcrumb\":{\"@id\":\"https:\\\/\\\/www.ncse.ie\\\/ga\\\/cnos\\\/an-tacht-um-brustocaireacht-a-rialail-2015\\\/#breadcrumb\"},\"inLanguage\":\"ga-IE\",\"potentialAction\":[{\"@type\":\"ReadAction\",\"target\":[\"https:\\\/\\\/www.ncse.ie\\\/ga\\\/cnos\\\/an-tacht-um-brustocaireacht-a-rialail-2015\\\/\"]}]},{\"@type\":\"BreadcrumbList\",\"@id\":\"https:\\\/\\\/www.ncse.ie\\\/ga\\\/cnos\\\/an-tacht-um-brustocaireacht-a-rialail-2015\\\/#breadcrumb\",\"itemListElement\":[{\"@type\":\"ListItem\",\"position\":1,\"name\":\"Home\",\"item\":\"https:\\\/\\\/www.ncse.ie\\\/ga\\\/\"},{\"@type\":\"ListItem\",\"position\":2,\"name\":\"CNOS\",\"item\":\"https:\\\/\\\/www.ncse.ie\\\/ga\\\/ncse\\\/\"},{\"@type\":\"ListItem\",\"position\":3,\"name\":\"An tAcht um Br\u00fastocaireacht a Rial\u00e1il, 2015\"}]},{\"@type\":\"WebSite\",\"@id\":\"https:\\\/\\\/www.ncse.ie\\\/ga\\\/#website\",\"url\":\"https:\\\/\\\/www.ncse.ie\\\/ga\\\/\",\"name\":\"NCSE\",\"description\":\"National Council for Special Education\",\"potentialAction\":[{\"@type\":\"SearchAction\",\"target\":{\"@type\":\"EntryPoint\",\"urlTemplate\":\"https:\\\/\\\/www.ncse.ie\\\/ga\\\/?s={search_term_string}\"},\"query-input\":{\"@type\":\"PropertyValueSpecification\",\"valueRequired\":true,\"valueName\":\"search_term_string\"}}],\"inLanguage\":\"ga-IE\"}]}<\/script>\n<!-- \/ Yoast SEO plugin. -->","yoast_head_json":{"title":"An tAcht um Br\u00fastocaireacht a Rial\u00e1il, 2015 - NCSE","robots":{"index":"index","follow":"follow","max-snippet":"max-snippet:-1","max-image-preview":"max-image-preview:large","max-video-preview":"max-video-preview:-1"},"canonical":"https:\/\/www.ncse.ie\/ga\/cnos\/an-tacht-um-brustocaireacht-a-rialail-2015\/","og_locale":"ga_IE","og_type":"article","og_title":"An tAcht um Br\u00fastocaireacht a Rial\u00e1il, 2015 - NCSE","og_url":"https:\/\/www.ncse.ie\/ga\/cnos\/an-tacht-um-brustocaireacht-a-rialail-2015\/","og_site_name":"NCSE","article_modified_time":"2026-04-10T17:43:03+00:00","twitter_card":"summary_large_image","schema":{"@context":"https:\/\/schema.org","@graph":[{"@type":"WebPage","@id":"https:\/\/www.ncse.ie\/ga\/cnos\/an-tacht-um-brustocaireacht-a-rialail-2015\/","url":"https:\/\/www.ncse.ie\/ga\/cnos\/an-tacht-um-brustocaireacht-a-rialail-2015\/","name":"An tAcht um Br\u00fastocaireacht a Rial\u00e1il, 2015 - NCSE","isPartOf":{"@id":"https:\/\/www.ncse.ie\/ga\/#website"},"datePublished":"2025-12-05T10:23:46+00:00","dateModified":"2026-04-10T17:43:03+00:00","breadcrumb":{"@id":"https:\/\/www.ncse.ie\/ga\/cnos\/an-tacht-um-brustocaireacht-a-rialail-2015\/#breadcrumb"},"inLanguage":"ga-IE","potentialAction":[{"@type":"ReadAction","target":["https:\/\/www.ncse.ie\/ga\/cnos\/an-tacht-um-brustocaireacht-a-rialail-2015\/"]}]},{"@type":"BreadcrumbList","@id":"https:\/\/www.ncse.ie\/ga\/cnos\/an-tacht-um-brustocaireacht-a-rialail-2015\/#breadcrumb","itemListElement":[{"@type":"ListItem","position":1,"name":"Home","item":"https:\/\/www.ncse.ie\/ga\/"},{"@type":"ListItem","position":2,"name":"CNOS","item":"https:\/\/www.ncse.ie\/ga\/ncse\/"},{"@type":"ListItem","position":3,"name":"An tAcht um Br\u00fastocaireacht a Rial\u00e1il, 2015"}]},{"@type":"WebSite","@id":"https:\/\/www.ncse.ie\/ga\/#website","url":"https:\/\/www.ncse.ie\/ga\/","name":"NCSE","description":"National Council for Special Education","potentialAction":[{"@type":"SearchAction","target":{"@type":"EntryPoint","urlTemplate":"https:\/\/www.ncse.ie\/ga\/?s={search_term_string}"},"query-input":{"@type":"PropertyValueSpecification","valueRequired":true,"valueName":"search_term_string"}}],"inLanguage":"ga-IE"}]}},"_links":{"self":[{"href":"https:\/\/www.ncse.ie\/ga\/wp-json\/wp\/v2\/pages\/6843","targetHints":{"allow":["GET"]}}],"collection":[{"href":"https:\/\/www.ncse.ie\/ga\/wp-json\/wp\/v2\/pages"}],"about":[{"href":"https:\/\/www.ncse.ie\/ga\/wp-json\/wp\/v2\/types\/page"}],"author":[{"embeddable":true,"href":"https:\/\/www.ncse.ie\/ga\/wp-json\/wp\/v2\/users\/6"}],"replies":[{"embeddable":true,"href":"https:\/\/www.ncse.ie\/ga\/wp-json\/wp\/v2\/comments?post=6843"}],"version-history":[{"count":17,"href":"https:\/\/www.ncse.ie\/ga\/wp-json\/wp\/v2\/pages\/6843\/revisions"}],"predecessor-version":[{"id":9493,"href":"https:\/\/www.ncse.ie\/ga\/wp-json\/wp\/v2\/pages\/6843\/revisions\/9493"}],"up":[{"embeddable":true,"href":"https:\/\/www.ncse.ie\/ga\/wp-json\/wp\/v2\/pages\/6082"}],"wp:attachment":[{"href":"https:\/\/www.ncse.ie\/ga\/wp-json\/wp\/v2\/media?parent=6843"}],"curies":[{"name":"wp","href":"https:\/\/api.w.org\/{rel}","templated":true}]}}