{"id":6758,"date":"2025-10-20T13:05:34","date_gmt":"2025-10-20T13:05:34","guid":{"rendered":"https:\/\/ncse.ie\/?page_id=6758"},"modified":"2026-04-13T11:12:23","modified_gmt":"2026-04-13T11:12:23","slug":"nuacht","status":"publish","type":"page","link":"https:\/\/www.ncse.ie\/ga\/cnos\/maidir-linne\/nuacht\/","title":{"rendered":"Nuacht"},"content":{"rendered":"<div\n\tclass=\"_es__wrapper\/base scroll-my-80 overflow-x-hidden selection:bg-primary-50 selection:text-white dark:selection:bg-neutral-5 dark:selection:text-primary-90 block-inset-x bg-primary-80 dark\"\n\t\t>\n\t<div class=\"_es__main-section\/base col-span-full pb-20 sm:pb-32 md:pb-40\">\n\t<div class=\"_es__breadcrumbs\/base flex flex-wrap gap-8 text-primary-70 dark:text-neutral-5 _es__main-section\/breadcrumbs py-12 sm:py-16\">\n\t<a\n\t\tclass=\"_es__breadcrumbs\/home hover:text-primary-40 dark:hover:text-neutral-20 focus-visible:text-primary-40 dark:focus-visible:text-neutral-20 focus-visible:outline-3 outline-offset-3 outline-primary-50 dark:outline-neutral-40 rounded-xs transition\"\n\t\thref=\"https:\/\/www.ncse.ie\/ga\/\">\n\t\t<svg width='24' height='24' viewBox='0 0 24 24' fill='none' xmlns='http:\/\/www.w3.org\/2000\/svg'><path d='M19 17.5C19 18.6046 18.1046 19.5 17 19.5H7C5.89543 19.5 5 18.6046 5 17.5V11.8721C5 11.316 5.23156 10.785 5.6391 10.4066L10.6391 5.76369C11.4065 5.05114 12.5935 5.05114 13.3609 5.76369L18.3609 10.4066C18.7684 10.785 19 11.316 19 11.8721L19 17.5Z' stroke='currentColor' stroke-width='1.5' stroke-linejoin='round'\/><\/svg>\t<\/a>\n\n\t<svg class=\"text-neutral-60 dark:text-neutral-40 select-none pointer-events-none\" width='24' height='24' viewBox='0 0 24 24' fill='none' xmlns='http:\/\/www.w3.org\/2000\/svg'><path d='M9 6L15.3667 12.3667L9 18.7333' stroke='currentColor' stroke-width='1.5' stroke-miterlimit='10' stroke-linecap='round' stroke-linejoin='round'\/><\/svg>\n\t\t\t<a\n\t\t\tclass=\"_es__breadcrumbs\/link underline underline-offset-3 hover:text-primary-40 dark:hover:text-neutral-20 focus-visible:text-primary-60 dark:focus-visible:text-neutral-5 focus-visible:outline-3 outline-offset-3 outline-primary-50 dark:outline-neutral-40 rounded-xs transition\"\n\t\t\thref=\"https:\/\/www.ncse.ie\/ga\/cnos\/\">\n\t\t\tCNOS\t\t<\/a>\n\t\n\t<svg class=\"text-neutral-60 dark:text-neutral-40 select-none pointer-events-none\" width='24' height='24' viewBox='0 0 24 24' fill='none' xmlns='http:\/\/www.w3.org\/2000\/svg'><path d='M9 6L15.3667 12.3667L9 18.7333' stroke='currentColor' stroke-width='1.5' stroke-miterlimit='10' stroke-linecap='round' stroke-linejoin='round'\/><\/svg>\n\t\n\t\n\t\t\t<a\n\t\t\tclass=\"_es__breadcrumbs\/link underline underline-offset-3 hover:text-primary-40 dark:hover:text-neutral-20 focus-visible:text-primary-60 dark:focus-visible:text-neutral-5 focus-visible:outline-3 outline-offset-3 outline-primary-50 dark:outline-neutral-40 rounded-xs transition\"\n\t\t\thref=\"https:\/\/www.ncse.ie\/ga\/cnos\/maidir-linne\/\">\n\t\t\tMaidir Linne\t\t<\/a>\n\t\n\t<svg class=\"text-neutral-60 dark:text-neutral-40 select-none pointer-events-none\" width='24' height='24' viewBox='0 0 24 24' fill='none' xmlns='http:\/\/www.w3.org\/2000\/svg'><path d='M9 6L15.3667 12.3667L9 18.7333' stroke='currentColor' stroke-width='1.5' stroke-miterlimit='10' stroke-linecap='round' stroke-linejoin='round'\/><\/svg>\n\t<span class=\"select-none basis-full sm:basis-auto\">\n\t\tNuacht\t<\/span>\n<\/div>\n\t<div class=\"_es__main-section\/content space-y-24 sm:space-y-16 sm:w-6\/8 md:w-8\/12 pt-24 sm:pt-32\">\n\t\t<h2\t\t\tclass=\"_es__main-section\/heading text-primary-90 dark:text-white text-balance text-h3 sm:text-h2\"\n\t\t>\n\t\t\tNuacht\t\t<\/h2>\n\n\t\t\t\t\t<p class=\"_es__main-section\/caption uppercase tracking-widest text-black dark:text-neutral-5 font-medium text-sm sm:text-base\">\n\t\t\t\tAn t-eolas is d\u00e9ana\u00ed maidir len\u00e1r gcuid oibre agus \u00f3n\u00e1r bpobal\t\t\t<\/p>\n\t\t\t<\/div>\n<\/div><\/div>\n\n<div\n\tclass=\"_es__wrapper\/base scroll-my-80 overflow-x-hidden selection:bg-primary-50 selection:text-white dark:selection:bg-neutral-5 dark:selection:text-primary-90\"\n\t\t>\n\t<div\n\tclass=\"_es__content-listing\/base pb-80 js-block-content-listing\"\n\tdata-attrs=\"{&quot;contentListingButtonContent&quot;:&quot;N\\u00edos m\\u00f3&quot;,&quot;contentListingTaxonomies&quot;:[&quot;category&quot;],&quot;contentListingPerPage&quot;:12,&quot;blockName&quot;:&quot;content-listing&quot;,&quot;blockTopLevelId&quot;:&quot;es-11&quot;,&quot;blockFullName&quot;:&quot;eightshift-boilerplate\\\/content-listing&quot;,&quot;blockClass&quot;:&quot;block-content-listing&quot;,&quot;blockJsClass&quot;:&quot;js-block-content-listing&quot;,&quot;blockSsr&quot;:false,&quot;wrapperUse&quot;:true,&quot;wrapperNoControls&quot;:false,&quot;wrapperHide&quot;:false,&quot;wrapperRelative&quot;:false,&quot;wrapperBaseGrid&quot;:false,&quot;wrapperFullWidth&quot;:true,&quot;contentListingButtonIconName&quot;:&quot;forward-arrow&quot;,&quot;contentListingButtonIconSize&quot;:&quot;24&quot;,&quot;contentListingButtonIconUse&quot;:true,&quot;contentListingButtonIconAriaHidden&quot;:true,&quot;contentListingButtonVariant&quot;:&quot;primary&quot;,&quot;contentListingButtonSize&quot;:&quot;base&quot;,&quot;contentListingButtonIsAnchor&quot;:false,&quot;contentListingButtonIsNewTab&quot;:false,&quot;contentListingButtonUse&quot;:true,&quot;contentListingButtonLabelUse&quot;:true,&quot;contentListingPostType&quot;:{&quot;label&quot;:&quot;Post&quot;,&quot;value&quot;:&quot;post&quot;,&quot;api&quot;:&quot;posts&quot;,&quot;taxonomies&quot;:[&quot;category&quot;]},&quot;contentListingLayout&quot;:&quot;three-cols&quot;,&quot;contentListingPaginationType&quot;:&quot;load-more&quot;,&quot;contentListingShowSearch&quot;:true,&quot;contentListingShowItemCount&quot;:true,&quot;contentListingPaddingTop&quot;:&quot;none&quot;,&quot;contentListingPaddingBottom&quot;:&quot;full&quot;}\"\n\tdata-filters=\"{&quot;category&quot;:{&quot;taxonomy&quot;:{&quot;name&quot;:&quot;Categories&quot;,&quot;slug&quot;:&quot;category&quot;},&quot;terms&quot;:[{&quot;id&quot;:353,&quot;name&quot;:&quot;Nuacht&quot;,&quot;slug&quot;:&quot;nuacht&quot;,&quot;count&quot;:6},{&quot;id&quot;:33,&quot;name&quot;:&quot;Uncategorized @ga&quot;,&quot;slug&quot;:&quot;uncategorized-ga&quot;,&quot;count&quot;:0}]}}\"\n\tdata-current-id=\"6758\"\n\t\t\tdata-search\n\t\t\t\tdata-item-count\n\t>\n\t<div class=\"flex items-center gap-8 py-24 block-inset-x\">\n\t\t<svg class=\"animate-spin text-primary-60 text-base\" width=\"20\" height=\"20\" viewBox=\"0 0 20 20\" fill=\"none\" xmlns=\"http:\/\/www.w3.org\/2000\/svg\" aria-hidden=\"true\">\n\t\t\t<path d=\"M10 19V17\" stroke=\"currentColor\" stroke-linecap=\"round\"\/>\n\t\t\t<path d=\"M1 10L3 10\" stroke=\"currentColor\" stroke-linecap=\"round\"\/>\n\t\t\t<path d=\"M16.3639 16.364L14.9497 14.9498\" stroke=\"currentColor\" stroke-linecap=\"round\"\/>\n\t\t\t<path d=\"M3.63608 16.364L5.05029 14.9498\" stroke=\"currentColor\" stroke-linecap=\"round\"\/>\n\t\t\t<path d=\"M10 3V1\" stroke=\"currentColor\" stroke-linecap=\"round\"\/>\n\t\t\t<path d=\"M17 10L19 10\" stroke=\"currentColor\" stroke-linecap=\"round\"\/>\n\t\t\t<path d=\"M5.05044 5.05026L3.63623 3.63605\" stroke=\"currentColor\" stroke-linecap=\"round\"\/>\n\t\t\t<path d=\"M14.95 5.05025L16.3643 3.63603\" stroke=\"currentColor\" stroke-linecap=\"round\"\/>\n\t\t<\/svg>\n\n\t\t<span>Loading&#8230;<\/span>\n\t<\/div>\n<\/div><\/div>","protected":false},"excerpt":{"rendered":"","protected":false},"author":6,"featured_media":0,"parent":6942,"menu_order":0,"comment_status":"closed","ping_status":"closed","template":"","meta":{"es_utils_meta_schema":"","footnotes":""},"class_list":["post-6758","page","type-page","status-publish","hentry"],"yoast_head":"<!-- This site is optimized with the Yoast SEO plugin v27.3 - https:\/\/yoast.com\/product\/yoast-seo-wordpress\/ -->\n<title>Nuacht - NCSE<\/title>\n<meta name=\"robots\" content=\"index, follow, max-snippet:-1, max-image-preview:large, max-video-preview:-1\" \/>\n<link rel=\"canonical\" href=\"https:\/\/www.ncse.ie\/ga\/cnos\/maidir-linne\/nuacht\/\" \/>\n<meta property=\"og:locale\" content=\"ga_IE\" \/>\n<meta property=\"og:type\" content=\"article\" \/>\n<meta property=\"og:title\" content=\"Nuacht - NCSE\" \/>\n<meta property=\"og:url\" content=\"https:\/\/www.ncse.ie\/ga\/cnos\/maidir-linne\/nuacht\/\" \/>\n<meta property=\"og:site_name\" content=\"NCSE\" \/>\n<meta property=\"article:modified_time\" content=\"2026-04-13T11:12:23+00:00\" \/>\n<meta name=\"twitter:card\" content=\"summary_large_image\" \/>\n<script type=\"application\/ld+json\" class=\"yoast-schema-graph\">{\"@context\":\"https:\\\/\\\/schema.org\",\"@graph\":[{\"@type\":\"WebPage\",\"@id\":\"https:\\\/\\\/www.ncse.ie\\\/ga\\\/cnos\\\/maidir-linne\\\/nuacht\\\/\",\"url\":\"https:\\\/\\\/www.ncse.ie\\\/ga\\\/cnos\\\/maidir-linne\\\/nuacht\\\/\",\"name\":\"Nuacht - NCSE\",\"isPartOf\":{\"@id\":\"https:\\\/\\\/www.ncse.ie\\\/ga\\\/#website\"},\"datePublished\":\"2025-10-20T13:05:34+00:00\",\"dateModified\":\"2026-04-13T11:12:23+00:00\",\"breadcrumb\":{\"@id\":\"https:\\\/\\\/www.ncse.ie\\\/ga\\\/cnos\\\/maidir-linne\\\/nuacht\\\/#breadcrumb\"},\"inLanguage\":\"ga-IE\",\"potentialAction\":[{\"@type\":\"ReadAction\",\"target\":[\"https:\\\/\\\/www.ncse.ie\\\/ga\\\/cnos\\\/maidir-linne\\\/nuacht\\\/\"]}]},{\"@type\":\"BreadcrumbList\",\"@id\":\"https:\\\/\\\/www.ncse.ie\\\/ga\\\/cnos\\\/maidir-linne\\\/nuacht\\\/#breadcrumb\",\"itemListElement\":[{\"@type\":\"ListItem\",\"position\":1,\"name\":\"Home\",\"item\":\"https:\\\/\\\/www.ncse.ie\\\/ga\\\/\"},{\"@type\":\"ListItem\",\"position\":2,\"name\":\"CNOS\",\"item\":\"https:\\\/\\\/www.ncse.ie\\\/ga\\\/ncse\\\/\"},{\"@type\":\"ListItem\",\"position\":3,\"name\":\"Maidir Linne\",\"item\":\"https:\\\/\\\/www.ncse.ie\\\/ga\\\/ncse\\\/about-us\\\/\"},{\"@type\":\"ListItem\",\"position\":4,\"name\":\"Nuacht\"}]},{\"@type\":\"WebSite\",\"@id\":\"https:\\\/\\\/www.ncse.ie\\\/ga\\\/#website\",\"url\":\"https:\\\/\\\/www.ncse.ie\\\/ga\\\/\",\"name\":\"NCSE\",\"description\":\"National Council for Special Education\",\"potentialAction\":[{\"@type\":\"SearchAction\",\"target\":{\"@type\":\"EntryPoint\",\"urlTemplate\":\"https:\\\/\\\/www.ncse.ie\\\/ga\\\/?s={search_term_string}\"},\"query-input\":{\"@type\":\"PropertyValueSpecification\",\"valueRequired\":true,\"valueName\":\"search_term_string\"}}],\"inLanguage\":\"ga-IE\"}]}<\/script>\n<!-- \/ Yoast SEO plugin. -->","yoast_head_json":{"title":"Nuacht - NCSE","robots":{"index":"index","follow":"follow","max-snippet":"max-snippet:-1","max-image-preview":"max-image-preview:large","max-video-preview":"max-video-preview:-1"},"canonical":"https:\/\/www.ncse.ie\/ga\/cnos\/maidir-linne\/nuacht\/","og_locale":"ga_IE","og_type":"article","og_title":"Nuacht - NCSE","og_url":"https:\/\/www.ncse.ie\/ga\/cnos\/maidir-linne\/nuacht\/","og_site_name":"NCSE","article_modified_time":"2026-04-13T11:12:23+00:00","twitter_card":"summary_large_image","schema":{"@context":"https:\/\/schema.org","@graph":[{"@type":"WebPage","@id":"https:\/\/www.ncse.ie\/ga\/cnos\/maidir-linne\/nuacht\/","url":"https:\/\/www.ncse.ie\/ga\/cnos\/maidir-linne\/nuacht\/","name":"Nuacht - NCSE","isPartOf":{"@id":"https:\/\/www.ncse.ie\/ga\/#website"},"datePublished":"2025-10-20T13:05:34+00:00","dateModified":"2026-04-13T11:12:23+00:00","breadcrumb":{"@id":"https:\/\/www.ncse.ie\/ga\/cnos\/maidir-linne\/nuacht\/#breadcrumb"},"inLanguage":"ga-IE","potentialAction":[{"@type":"ReadAction","target":["https:\/\/www.ncse.ie\/ga\/cnos\/maidir-linne\/nuacht\/"]}]},{"@type":"BreadcrumbList","@id":"https:\/\/www.ncse.ie\/ga\/cnos\/maidir-linne\/nuacht\/#breadcrumb","itemListElement":[{"@type":"ListItem","position":1,"name":"Home","item":"https:\/\/www.ncse.ie\/ga\/"},{"@type":"ListItem","position":2,"name":"CNOS","item":"https:\/\/www.ncse.ie\/ga\/ncse\/"},{"@type":"ListItem","position":3,"name":"Maidir Linne","item":"https:\/\/www.ncse.ie\/ga\/ncse\/about-us\/"},{"@type":"ListItem","position":4,"name":"Nuacht"}]},{"@type":"WebSite","@id":"https:\/\/www.ncse.ie\/ga\/#website","url":"https:\/\/www.ncse.ie\/ga\/","name":"NCSE","description":"National Council for Special Education","potentialAction":[{"@type":"SearchAction","target":{"@type":"EntryPoint","urlTemplate":"https:\/\/www.ncse.ie\/ga\/?s={search_term_string}"},"query-input":{"@type":"PropertyValueSpecification","valueRequired":true,"valueName":"search_term_string"}}],"inLanguage":"ga-IE"}]}},"_links":{"self":[{"href":"https:\/\/www.ncse.ie\/ga\/wp-json\/wp\/v2\/pages\/6758","targetHints":{"allow":["GET"]}}],"collection":[{"href":"https:\/\/www.ncse.ie\/ga\/wp-json\/wp\/v2\/pages"}],"about":[{"href":"https:\/\/www.ncse.ie\/ga\/wp-json\/wp\/v2\/types\/page"}],"author":[{"embeddable":true,"href":"https:\/\/www.ncse.ie\/ga\/wp-json\/wp\/v2\/users\/6"}],"replies":[{"embeddable":true,"href":"https:\/\/www.ncse.ie\/ga\/wp-json\/wp\/v2\/comments?post=6758"}],"version-history":[{"count":6,"href":"https:\/\/www.ncse.ie\/ga\/wp-json\/wp\/v2\/pages\/6758\/revisions"}],"predecessor-version":[{"id":9576,"href":"https:\/\/www.ncse.ie\/ga\/wp-json\/wp\/v2\/pages\/6758\/revisions\/9576"}],"up":[{"embeddable":true,"href":"https:\/\/www.ncse.ie\/ga\/wp-json\/wp\/v2\/pages\/6942"}],"wp:attachment":[{"href":"https:\/\/www.ncse.ie\/ga\/wp-json\/wp\/v2\/media?parent=6758"}],"curies":[{"name":"wp","href":"https:\/\/api.w.org\/{rel}","templated":true}]}}