{"id":6403,"date":"2025-10-17T08:51:10","date_gmt":"2025-10-17T08:51:10","guid":{"rendered":"https:\/\/ncse.ie\/?page_id=6403"},"modified":"2026-04-10T14:44:56","modified_gmt":"2026-04-10T14:44:56","slug":"iompar-scoile","status":"publish","type":"page","link":"https:\/\/www.ncse.ie\/ga\/ceannairi-scoile\/treoirlinte-agus-iarratais\/iompar-scoile\/","title":{"rendered":"Iompar Scoile"},"content":{"rendered":"<div\n\tclass=\"_es__wrapper\/base scroll-my-80 overflow-x-hidden selection:bg-primary-50 selection:text-white dark:selection:bg-neutral-5 dark:selection:text-primary-90 block-inset-x bg-primary-80 dark\"\n\t\t>\n\t<div class=\"_es__main-section\/base col-span-full pb-20 sm:pb-32 md:pb-40\">\n\t<div class=\"_es__breadcrumbs\/base flex flex-wrap gap-8 text-primary-70 dark:text-neutral-5 _es__main-section\/breadcrumbs py-12 sm:py-16\">\n\t<a\n\t\tclass=\"_es__breadcrumbs\/home hover:text-primary-40 dark:hover:text-neutral-20 focus-visible:text-primary-40 dark:focus-visible:text-neutral-20 focus-visible:outline-3 outline-offset-3 outline-primary-50 dark:outline-neutral-40 rounded-xs transition\"\n\t\thref=\"https:\/\/www.ncse.ie\/ga\/\">\n\t\t<svg width='24' height='24' viewBox='0 0 24 24' fill='none' xmlns='http:\/\/www.w3.org\/2000\/svg'><path d='M19 17.5C19 18.6046 18.1046 19.5 17 19.5H7C5.89543 19.5 5 18.6046 5 17.5V11.8721C5 11.316 5.23156 10.785 5.6391 10.4066L10.6391 5.76369C11.4065 5.05114 12.5935 5.05114 13.3609 5.76369L18.3609 10.4066C18.7684 10.785 19 11.316 19 11.8721L19 17.5Z' stroke='currentColor' stroke-width='1.5' stroke-linejoin='round'\/><\/svg>\t<\/a>\n\n\t<svg class=\"text-neutral-60 dark:text-neutral-40 select-none pointer-events-none\" width='24' height='24' viewBox='0 0 24 24' fill='none' xmlns='http:\/\/www.w3.org\/2000\/svg'><path d='M9 6L15.3667 12.3667L9 18.7333' stroke='currentColor' stroke-width='1.5' stroke-miterlimit='10' stroke-linecap='round' stroke-linejoin='round'\/><\/svg>\n\t\t\t<a\n\t\t\tclass=\"_es__breadcrumbs\/link underline underline-offset-3 hover:text-primary-40 dark:hover:text-neutral-20 focus-visible:text-primary-60 dark:focus-visible:text-neutral-5 focus-visible:outline-3 outline-offset-3 outline-primary-50 dark:outline-neutral-40 rounded-xs transition\"\n\t\t\thref=\"https:\/\/www.ncse.ie\/ga\/ceannairi-scoile\/\">\n\t\t\tCeannair\u00ed Scoile\t\t<\/a>\n\t\n\t<svg class=\"text-neutral-60 dark:text-neutral-40 select-none pointer-events-none\" width='24' height='24' viewBox='0 0 24 24' fill='none' xmlns='http:\/\/www.w3.org\/2000\/svg'><path d='M9 6L15.3667 12.3667L9 18.7333' stroke='currentColor' stroke-width='1.5' stroke-miterlimit='10' stroke-linecap='round' stroke-linejoin='round'\/><\/svg>\n\t\n\t\n\t\t\t<a\n\t\t\tclass=\"_es__breadcrumbs\/link underline underline-offset-3 hover:text-primary-40 dark:hover:text-neutral-20 focus-visible:text-primary-60 dark:focus-visible:text-neutral-5 focus-visible:outline-3 outline-offset-3 outline-primary-50 dark:outline-neutral-40 rounded-xs transition\"\n\t\t\thref=\"https:\/\/www.ncse.ie\/ga\/ceannairi-scoile\/treoirlinte-agus-iarratais\/\">\n\t\t\tTreoirl\u00ednte agus Iarratais\t\t<\/a>\n\t\n\t<svg class=\"text-neutral-60 dark:text-neutral-40 select-none pointer-events-none\" width='24' height='24' viewBox='0 0 24 24' fill='none' xmlns='http:\/\/www.w3.org\/2000\/svg'><path d='M9 6L15.3667 12.3667L9 18.7333' stroke='currentColor' stroke-width='1.5' stroke-miterlimit='10' stroke-linecap='round' stroke-linejoin='round'\/><\/svg>\n\t<span class=\"select-none basis-full sm:basis-auto\">\n\t\tIompar Scoile\t<\/span>\n<\/div>\n\t<div class=\"_es__main-section\/content space-y-24 sm:space-y-16 sm:w-6\/8 md:w-8\/12 pt-24 sm:pt-32\">\n\t\t<h2\t\t\tclass=\"_es__main-section\/heading text-primary-90 dark:text-white text-balance text-h3 sm:text-h2\"\n\t\t>\n\t\t\tIompar Scoile\t\t<\/h2>\n\n\t\t\t<\/div>\n<\/div><\/div>\n\n<div\n\tclass=\"_es__wrapper\/base scroll-my-80 overflow-x-hidden selection:bg-primary-50 selection:text-white dark:selection:bg-neutral-5 dark:selection:text-primary-90 block-inset-x relative isolate bg-primary-60 dark\"\n\t\t>\n\t<div class=\"_es__call-to-action\/base col-span-full flex flex-col sm:flex-row items-start justify-between gap-24 sm:gap-32 md:gap-40 pt-56 sm:pt-80 pb-56 sm:pb-80\">\n\t<picture\n\t\t\t\tclass=\"_es__call-to-action\/mediaContainer w-full sm:w-1\/2 rounded-xs bg-neutral-10 sm:hidden\"\n\t\t>\n\t\t<img\n\t\t\tsrc=\"https:\/\/ncseproductionsa.blob.core.windows.net\/assets\/2026\/01\/School_Transport_New.webp\"\n\t\t\talt=\"White wheelchair-accessible minibus with door open and person seated inside\"\n\t\t\tclass=\"_es__image\/base size-full rounded-xs object-cover aspect-3-2 _es__call-to-action\/image rounded-xs size-full\"\n\t\t\tloading=\"lazy\" \/>\n\t<\/picture><div class=\"_es__call-to-action\/content space-y-8 sm:w-3\/8 md:w-1\/2\">\n\t\t\t<p class=\"_es__call-to-action\/eyebrow uppercase tracking-widest text-primary-60 dark:text-neutral-20 font-medium text-base mb-12\">\n\t\t\tIompar Scoile\t\t<\/p>\n\t\n\t<h2\t\tclass=\"_es__call-to-action\/heading text-primary-90 dark:text-white text-h2 sm:text-h2 text-balance md:max-w-5\/6\"\n\t>\n\t\tIompar Scoile &#8211; Treoirl\u00ednte\t<\/h2>\n\n\t\t\t<p class=\"_es__call-to-action\/caption text-primary-90 dark:text-neutral-5 text-balance text-lg mt-12 sm:max-w-3\/4 md:max-w-4\/6\">\n\t\t\tPr\u00f3ise\u00e1lann CNOS iarratais ar iompar scoile do dhalta\u00ed a bhfuil riachtanais speisialta oideachais acu. Na scoileanna at\u00e1 freagrach as iarratas a dh\u00e9anamh.  <br><br>Is f\u00e9idir leat f\u00e9achaint ar threoirl\u00ednte na Roinne Oideachais agus \u00d3ige th\u00edos. <br>Cuims\u00edtear eolas sna treoirl\u00ednte ar: <br>&#8211; C\u00e9 at\u00e1 inch\u00e1ilithe<br>&#8211; Conas iarratas a dh\u00e9anamh <br>&#8211; Na spriocdh\u00e1ta\u00ed agus na haml\u00ednte at\u00e1 le lean\u00faint <br><br>M\u00edn\u00edmid an pr\u00f3iseas go hachomair th\u00edos. \t\t<\/p>\n\t\n\t<div class=\"_es__call-to-action\/buttons flex flex-wrap items-center gap-16 mt-40 sm:mt-56 md:mt-80\">\n\t\t<a\t href='https:\/\/ncseproductionsa.blob.core.windows.net\/assets\/2025\/12\/School-transport-Information-GA.pdf' aria-label='F\u00e9ach ar Threoirl\u00ednte Iompair Scoile' class='_es__button\/base border border-transparent py-12 focus:outline-hidden focus-visible:outline-solid focus-visible:outline-3 outline-transparent outline-offset-3 transition enabled:cursor-pointer flex items-center gap-12 w-fit text-white bg-primary-60 hover:bg-primary-70 active:bg-primary-80 focus-visible:bg-primary-80 focus-visible:outline-primary-50 disabled:bg-secondary-5 dark:text-primary-90 dark:bg-neutral-5 dark:hover:bg-neutral-30 dark:active:bg-neutral-40 dark:focus-visible:bg-neutral-40 dark:focus-visible:outline-neutral-5 dark:disabled:bg-secondary-40 dark:disabled:text-secondary-80 px-20 rounded-xs button'>\n\t\t\t<span>F\u00e9ach ar Threoirl\u00ednte Iompair Scoile<\/span>\n\t\n\t<svg aria-hidden=\"true\" class=\"_es__icon\/base size-24\" width='24' height='24' viewBox='0 0 24 24' fill='none' xmlns='http:\/\/www.w3.org\/2000\/svg'><path d='M14.283 5 21 12l-6.717 7' stroke='currentColor' stroke-width='2' stroke-linecap='round' stroke-linejoin='round' fill='none'\/><path stroke='currentColor' stroke-width='2' stroke-linecap='round' d='M19.733 12.032H4' fill='none'\/><\/svg><\/a>\t<\/div>\n<\/div>\n\t<picture\n\t\t\t\tclass=\"_es__call-to-action\/mediaContainer w-full sm:w-1\/2 rounded-xs bg-neutral-10 hidden sm:block\"\n\t\t>\n\t\t<img\n\t\t\tsrc=\"https:\/\/ncseproductionsa.blob.core.windows.net\/assets\/2026\/01\/School_Transport_New.webp\"\n\t\t\talt=\"White wheelchair-accessible minibus with door open and person seated inside\"\n\t\t\tclass=\"_es__image\/base size-full rounded-xs object-cover aspect-3-2 _es__call-to-action\/image rounded-xs size-full\"\n\t\t\tloading=\"lazy\" \/>\n\t<\/picture>\n\t<\/div><\/div>\n\n<div\n\tclass=\"_es__wrapper\/base scroll-my-80 overflow-x-hidden selection:bg-primary-50 selection:text-white dark:selection:bg-neutral-5 dark:selection:text-primary-90 block-inset-x relative isolate bg-neutral-30\"\n\t\t>\n\t<div class=\"_es__call-to-action\/base col-span-full flex flex-col sm:flex-row items-start justify-between gap-24 sm:gap-32 md:gap-40 pt-56 sm:pt-80 pb-56 sm:pb-80\">\n\t\n\t<picture\n\t\t\t\tclass=\"_es__call-to-action\/mediaContainer w-full sm:w-1\/2 rounded-xs bg-neutral-10\"\n\t\t>\n\t\t<img\n\t\t\tsrc=\"https:\/\/ncseproductionsa.blob.core.windows.net\/assets\/2026\/01\/Form_Filling.webp\"\n\t\t\talt=\"Person writing on a page\"\n\t\t\tclass=\"_es__image\/base size-full rounded-xs object-cover aspect-3-2 _es__call-to-action\/image rounded-xs size-full\"\n\t\t\tloading=\"lazy\" \/>\n\t<\/picture>\n\t<div class=\"_es__call-to-action\/content space-y-8 sm:w-3\/8 md:w-1\/2\">\n\t\t\t<p class=\"_es__call-to-action\/eyebrow uppercase tracking-widest text-primary-60 dark:text-neutral-20 font-medium text-base mb-12\">\n\t\t\tIompar Scoile\t\t<\/p>\n\t\n\t<h2\t\tclass=\"_es__call-to-action\/heading text-primary-90 dark:text-white text-h2 sm:text-h2 text-balance md:max-w-5\/6\"\n\t>\n\t\tConas iarratas a dh\u00e9anamh \t<\/h2>\n\n\t\t\t<p class=\"_es__call-to-action\/caption text-primary-90 dark:text-neutral-5 text-balance text-lg mt-12 sm:max-w-3\/4 md:max-w-4\/6\">\n\t\t\tT\u00e1 tusa, i do cheannaire scoile duit, freagrach as an iarratas a dh\u00e9anamh. <br>Ba cheart duit iarratas a dh\u00e9anamh chuig do ERSO le:<br>&#8211; Foirm iarratais chomhl\u00e1naithe <br>&#8211; Tuairisc\u00ed gairmi\u00fala taca\u00edochta <br><br>Seolfaidh an ERSO an t-iarratas ansin chuig an Roinn Iompair Scoile sa Roinn Oideachais agus \u00d3ige. An Roinn a chinneann gach iarratas.  <br> \t\t<\/p>\n\t\n\t<div class=\"_es__call-to-action\/buttons flex flex-wrap items-center gap-16 mt-40 sm:mt-56 md:mt-80\">\n\t\t<a\t href='https:\/\/ncseproductionsa.blob.core.windows.net\/assets\/2026\/04\/SEN-School-Transport-Application-Form_GA1-Form-2-69d90ccf0a64b.doc' aria-label='\u00cdosl\u00f3d\u00e1il Foirm 2 - Foirm Iarratais ar Iompar Scoile' class='_es__button\/base border border-transparent py-12 focus:outline-hidden focus-visible:outline-solid focus-visible:outline-3 outline-transparent outline-offset-3 transition enabled:cursor-pointer flex items-center gap-12 w-fit text-white bg-primary-60 hover:bg-primary-70 active:bg-primary-80 focus-visible:bg-primary-80 focus-visible:outline-primary-50 disabled:bg-secondary-5 dark:text-primary-90 dark:bg-neutral-5 dark:hover:bg-neutral-30 dark:active:bg-neutral-40 dark:focus-visible:bg-neutral-40 dark:focus-visible:outline-neutral-5 dark:disabled:bg-secondary-40 dark:disabled:text-secondary-80 px-20 rounded-xs button'>\n\t\t\t<span>\u00cdosl\u00f3d\u00e1il Foirm 2 &#8211; Foirm Iarratais ar Iompar Scoile<\/span>\n\t\n\t<svg aria-hidden=\"true\" class=\"_es__icon\/base size-24\" width='24' height='24' viewBox='0 0 24 24' fill='none' xmlns='http:\/\/www.w3.org\/2000\/svg'><path d='M2.5 12C2 10.5 2 9 2 7.956 2 4.478 5.114 1 8.956 1a6.954 6.954 0 0 1 6.026 3.478h.93C18.795 4.478 21.5 6.5 21.5 9c0 1 0 2-.5 3M7.417 18.332 11.5 22.25l4.083-3.918' stroke='currentColor' stroke-width='2' stroke-linecap='round' stroke-linejoin='round' fill='none'\/><path d='M11.5 21.22V10.124' stroke='currentColor' stroke-width='2' stroke-linecap='round' fill='none'\/><\/svg><\/a>\t<\/div>\n<\/div><\/div><\/div>\n\n<div\n\tclass=\"_es__wrapper\/base scroll-my-80 overflow-x-hidden selection:bg-primary-50 selection:text-white dark:selection:bg-neutral-5 dark:selection:text-primary-90 block-inset-x relative isolate bg-neutral-5\"\n\t\t>\n\t<div class=\"_es__call-to-action\/base col-span-full flex flex-col sm:flex-row items-start justify-between gap-24 sm:gap-32 md:gap-40 pt-56 sm:pt-80 pb-56 sm:pb-80\">\n\t<picture\n\t\t\t\tclass=\"_es__call-to-action\/mediaContainer w-full sm:w-1\/2 rounded-xs bg-neutral-10 sm:hidden\"\n\t\t>\n\t\t<img\n\t\t\tsrc=\"https:\/\/ncseproductionsa.blob.core.windows.net\/assets\/2026\/02\/SENO.webp\"\n\t\t\talt=\"Two people are seated across from each other at a desk in a office setting\"\n\t\t\tclass=\"_es__image\/base size-full rounded-xs object-cover aspect-3-2 _es__call-to-action\/image rounded-xs size-full\"\n\t\t\tloading=\"lazy\" \/>\n\t<\/picture><div class=\"_es__call-to-action\/content space-y-8 sm:w-3\/8 md:w-1\/2\">\n\t\t\t<p class=\"_es__call-to-action\/eyebrow uppercase tracking-widest text-primary-60 dark:text-neutral-20 font-medium text-base mb-12\">\n\t\t\tIompar Scoile\t\t<\/p>\n\t\n\t<h2\t\tclass=\"_es__call-to-action\/heading text-primary-90 dark:text-white text-h2 sm:text-h2 text-balance md:max-w-5\/6\"\n\t>\n\t\tEagra\u00ed Riachtanais Speisialta Oideachais (ERSO)\t<\/h2>\n\n\t\t\t<p class=\"_es__call-to-action\/caption text-primary-90 dark:text-neutral-5 text-balance text-lg mt-12 sm:max-w-3\/4 md:max-w-4\/6\">\n\t\t\tF\u00e9ach ar \u00e1r leathanach gr\u00e9as\u00e1in ERSO chun tuilleadh a fh\u00e1il amach faoi r\u00f3l an ERSO. <br><br>Is f\u00e9idir leat eolas a fh\u00e1il freisin faoin ERSO at\u00e1 sannta do do scoil tr\u00ed chuardach a dh\u00e9anamh ar an L\u00e9arsc\u00e1il ar a bhfuil Eolas faoi Scoileanna. <br>\t\t<\/p>\n\t\n\t<div class=\"_es__call-to-action\/buttons flex flex-wrap items-center gap-16 mt-40 sm:mt-56 md:mt-80\">\n\t\t<a\t href='https:\/\/www.ncse.ie\/ga\/tuismitheoiri-caomhnoiri\/lionra-tacaiochta\/erso\/' aria-label='Tuilleadh faoi ERSOnna' class='_es__button\/base border border-transparent py-12 focus:outline-hidden focus-visible:outline-solid focus-visible:outline-3 outline-transparent outline-offset-3 transition enabled:cursor-pointer flex items-center gap-12 w-fit text-white bg-primary-60 hover:bg-primary-70 active:bg-primary-80 focus-visible:bg-primary-80 focus-visible:outline-primary-50 disabled:bg-secondary-5 dark:text-primary-90 dark:bg-neutral-5 dark:hover:bg-neutral-30 dark:active:bg-neutral-40 dark:focus-visible:bg-neutral-40 dark:focus-visible:outline-neutral-5 dark:disabled:bg-secondary-40 dark:disabled:text-secondary-80 px-20 rounded-xs button'>\n\t\t\t<span>Tuilleadh faoi ERSOnna<\/span>\n\t\n\t<svg aria-hidden=\"true\" class=\"_es__icon\/base size-24\" width='24' height='24' viewBox='0 0 24 24' fill='none' xmlns='http:\/\/www.w3.org\/2000\/svg'><path d='M14.283 5 21 12l-6.717 7' stroke='currentColor' stroke-width='2' stroke-linecap='round' stroke-linejoin='round' fill='none'\/><path stroke='currentColor' stroke-width='2' stroke-linecap='round' d='M19.733 12.032H4' fill='none'\/><\/svg><\/a><a\t href='https:\/\/experience.arcgis.com\/experience\/ce221b6abf0149e0b55c004dcbaadc8a' aria-label='L\u00e9arsc\u00e1il ar a bhfuil Eolas faoi Scoileanna' class='_es__button\/base border border-transparent py-12 focus:outline-hidden focus-visible:outline-solid focus-visible:outline-3 outline-transparent outline-offset-3 transition enabled:cursor-pointer flex items-center gap-12 w-fit text-primary-90 not-dark:border-primary-20 hover:bg-primary-10 hover:border-primary-60 active:bg-primary-20 active:border-primary-80 focus-visible:bg-primary-10 focus-visible:border-transparent focus-visible:outline-primary-50 disabled:text-secondary-40 disabled:border-secondary-40 disabled:bg-transparent dark:text-neutral-5 dark:bg-transparent dark:border-neutral-5 dark:hover:bg-primary-70 dark:hover:border-neutral-5 dark:active:bg-primary-80 dark:active:border-white dark:focus-visible:bg-primary-80 dark:focus-visible:border-neutral-5 dark:focus-visible:outline-neutral-5 dark:disabled:bg-secondary-5 dark:disabled:border-secondary-5 dark:disabled:bg-transparent px-20 rounded-xs button'>\n\t\t\t<span>L\u00e9arsc\u00e1il ar a bhfuil Eolas faoi Scoileanna<\/span>\n\t\n\t<svg aria-hidden=\"true\" class=\"_es__icon\/base size-24\" width='24' height='24' viewBox='0 0 24 24' fill='none' xmlns='http:\/\/www.w3.org\/2000\/svg'><path d='M14.283 5 21 12l-6.717 7' stroke='currentColor' stroke-width='2' stroke-linecap='round' stroke-linejoin='round' fill='none'\/><path stroke='currentColor' stroke-width='2' stroke-linecap='round' d='M19.733 12.032H4' fill='none'\/><\/svg><\/a>\t<\/div>\n<\/div>\n\t<picture\n\t\t\t\tclass=\"_es__call-to-action\/mediaContainer w-full sm:w-1\/2 rounded-xs bg-neutral-10 hidden sm:block\"\n\t\t>\n\t\t<img\n\t\t\tsrc=\"https:\/\/ncseproductionsa.blob.core.windows.net\/assets\/2026\/02\/SENO.webp\"\n\t\t\talt=\"Two people are seated across from each other at a desk in a office setting\"\n\t\t\tclass=\"_es__image\/base size-full rounded-xs object-cover aspect-3-2 _es__call-to-action\/image rounded-xs size-full\"\n\t\t\tloading=\"lazy\" \/>\n\t<\/picture>\n\t<\/div><\/div>","protected":false},"excerpt":{"rendered":"","protected":false},"author":6,"featured_media":0,"parent":6677,"menu_order":0,"comment_status":"closed","ping_status":"closed","template":"","meta":{"es_utils_meta_schema":"","footnotes":""},"class_list":["post-6403","page","type-page","status-publish","hentry"],"yoast_head":"<!-- This site is optimized with the Yoast SEO plugin v27.3 - https:\/\/yoast.com\/product\/yoast-seo-wordpress\/ -->\n<title>Iompar Scoile - NCSE<\/title>\n<meta name=\"robots\" content=\"index, follow, max-snippet:-1, max-image-preview:large, max-video-preview:-1\" \/>\n<link rel=\"canonical\" href=\"https:\/\/www.ncse.ie\/ga\/ceannairi-scoile\/treoirlinte-agus-iarratais\/iompar-scoile\/\" \/>\n<meta property=\"og:locale\" content=\"ga_IE\" \/>\n<meta property=\"og:type\" content=\"article\" \/>\n<meta property=\"og:title\" content=\"Iompar Scoile - NCSE\" \/>\n<meta property=\"og:url\" content=\"https:\/\/www.ncse.ie\/ga\/ceannairi-scoile\/treoirlinte-agus-iarratais\/iompar-scoile\/\" \/>\n<meta property=\"og:site_name\" content=\"NCSE\" \/>\n<meta property=\"article:modified_time\" content=\"2026-04-10T14:44:56+00:00\" \/>\n<meta name=\"twitter:card\" content=\"summary_large_image\" \/>\n<script type=\"application\/ld+json\" class=\"yoast-schema-graph\">{\"@context\":\"https:\\\/\\\/schema.org\",\"@graph\":[{\"@type\":\"WebPage\",\"@id\":\"https:\\\/\\\/www.ncse.ie\\\/ga\\\/ceannairi-scoile\\\/treoirlinte-agus-iarratais\\\/iompar-scoile\\\/\",\"url\":\"https:\\\/\\\/www.ncse.ie\\\/ga\\\/ceannairi-scoile\\\/treoirlinte-agus-iarratais\\\/iompar-scoile\\\/\",\"name\":\"Iompar Scoile - NCSE\",\"isPartOf\":{\"@id\":\"https:\\\/\\\/www.ncse.ie\\\/ga\\\/#website\"},\"datePublished\":\"2025-10-17T08:51:10+00:00\",\"dateModified\":\"2026-04-10T14:44:56+00:00\",\"breadcrumb\":{\"@id\":\"https:\\\/\\\/www.ncse.ie\\\/ga\\\/ceannairi-scoile\\\/treoirlinte-agus-iarratais\\\/iompar-scoile\\\/#breadcrumb\"},\"inLanguage\":\"ga-IE\",\"potentialAction\":[{\"@type\":\"ReadAction\",\"target\":[\"https:\\\/\\\/www.ncse.ie\\\/ga\\\/ceannairi-scoile\\\/treoirlinte-agus-iarratais\\\/iompar-scoile\\\/\"]}]},{\"@type\":\"BreadcrumbList\",\"@id\":\"https:\\\/\\\/www.ncse.ie\\\/ga\\\/ceannairi-scoile\\\/treoirlinte-agus-iarratais\\\/iompar-scoile\\\/#breadcrumb\",\"itemListElement\":[{\"@type\":\"ListItem\",\"position\":1,\"name\":\"Home\",\"item\":\"https:\\\/\\\/www.ncse.ie\\\/ga\\\/\"},{\"@type\":\"ListItem\",\"position\":2,\"name\":\"Ceannair\u00ed Scoile\",\"item\":\"https:\\\/\\\/www.ncse.ie\\\/ga\\\/ceannairi-scoile\\\/\"},{\"@type\":\"ListItem\",\"position\":3,\"name\":\"Treoirl\u00ednte agus Iarratais\",\"item\":\"https:\\\/\\\/www.ncse.ie\\\/ga\\\/school-leaders\\\/guidelines-and-applications\\\/\"},{\"@type\":\"ListItem\",\"position\":4,\"name\":\"Iompar Scoile\"}]},{\"@type\":\"WebSite\",\"@id\":\"https:\\\/\\\/www.ncse.ie\\\/ga\\\/#website\",\"url\":\"https:\\\/\\\/www.ncse.ie\\\/ga\\\/\",\"name\":\"NCSE\",\"description\":\"National Council for Special Education\",\"potentialAction\":[{\"@type\":\"SearchAction\",\"target\":{\"@type\":\"EntryPoint\",\"urlTemplate\":\"https:\\\/\\\/www.ncse.ie\\\/ga\\\/?s={search_term_string}\"},\"query-input\":{\"@type\":\"PropertyValueSpecification\",\"valueRequired\":true,\"valueName\":\"search_term_string\"}}],\"inLanguage\":\"ga-IE\"}]}<\/script>\n<!-- \/ Yoast SEO plugin. -->","yoast_head_json":{"title":"Iompar Scoile - NCSE","robots":{"index":"index","follow":"follow","max-snippet":"max-snippet:-1","max-image-preview":"max-image-preview:large","max-video-preview":"max-video-preview:-1"},"canonical":"https:\/\/www.ncse.ie\/ga\/ceannairi-scoile\/treoirlinte-agus-iarratais\/iompar-scoile\/","og_locale":"ga_IE","og_type":"article","og_title":"Iompar Scoile - NCSE","og_url":"https:\/\/www.ncse.ie\/ga\/ceannairi-scoile\/treoirlinte-agus-iarratais\/iompar-scoile\/","og_site_name":"NCSE","article_modified_time":"2026-04-10T14:44:56+00:00","twitter_card":"summary_large_image","schema":{"@context":"https:\/\/schema.org","@graph":[{"@type":"WebPage","@id":"https:\/\/www.ncse.ie\/ga\/ceannairi-scoile\/treoirlinte-agus-iarratais\/iompar-scoile\/","url":"https:\/\/www.ncse.ie\/ga\/ceannairi-scoile\/treoirlinte-agus-iarratais\/iompar-scoile\/","name":"Iompar Scoile - NCSE","isPartOf":{"@id":"https:\/\/www.ncse.ie\/ga\/#website"},"datePublished":"2025-10-17T08:51:10+00:00","dateModified":"2026-04-10T14:44:56+00:00","breadcrumb":{"@id":"https:\/\/www.ncse.ie\/ga\/ceannairi-scoile\/treoirlinte-agus-iarratais\/iompar-scoile\/#breadcrumb"},"inLanguage":"ga-IE","potentialAction":[{"@type":"ReadAction","target":["https:\/\/www.ncse.ie\/ga\/ceannairi-scoile\/treoirlinte-agus-iarratais\/iompar-scoile\/"]}]},{"@type":"BreadcrumbList","@id":"https:\/\/www.ncse.ie\/ga\/ceannairi-scoile\/treoirlinte-agus-iarratais\/iompar-scoile\/#breadcrumb","itemListElement":[{"@type":"ListItem","position":1,"name":"Home","item":"https:\/\/www.ncse.ie\/ga\/"},{"@type":"ListItem","position":2,"name":"Ceannair\u00ed Scoile","item":"https:\/\/www.ncse.ie\/ga\/ceannairi-scoile\/"},{"@type":"ListItem","position":3,"name":"Treoirl\u00ednte agus Iarratais","item":"https:\/\/www.ncse.ie\/ga\/school-leaders\/guidelines-and-applications\/"},{"@type":"ListItem","position":4,"name":"Iompar Scoile"}]},{"@type":"WebSite","@id":"https:\/\/www.ncse.ie\/ga\/#website","url":"https:\/\/www.ncse.ie\/ga\/","name":"NCSE","description":"National Council for Special Education","potentialAction":[{"@type":"SearchAction","target":{"@type":"EntryPoint","urlTemplate":"https:\/\/www.ncse.ie\/ga\/?s={search_term_string}"},"query-input":{"@type":"PropertyValueSpecification","valueRequired":true,"valueName":"search_term_string"}}],"inLanguage":"ga-IE"}]}},"_links":{"self":[{"href":"https:\/\/www.ncse.ie\/ga\/wp-json\/wp\/v2\/pages\/6403","targetHints":{"allow":["GET"]}}],"collection":[{"href":"https:\/\/www.ncse.ie\/ga\/wp-json\/wp\/v2\/pages"}],"about":[{"href":"https:\/\/www.ncse.ie\/ga\/wp-json\/wp\/v2\/types\/page"}],"author":[{"embeddable":true,"href":"https:\/\/www.ncse.ie\/ga\/wp-json\/wp\/v2\/users\/6"}],"replies":[{"embeddable":true,"href":"https:\/\/www.ncse.ie\/ga\/wp-json\/wp\/v2\/comments?post=6403"}],"version-history":[{"count":11,"href":"https:\/\/www.ncse.ie\/ga\/wp-json\/wp\/v2\/pages\/6403\/revisions"}],"predecessor-version":[{"id":9437,"href":"https:\/\/www.ncse.ie\/ga\/wp-json\/wp\/v2\/pages\/6403\/revisions\/9437"}],"up":[{"embeddable":true,"href":"https:\/\/www.ncse.ie\/ga\/wp-json\/wp\/v2\/pages\/6677"}],"wp:attachment":[{"href":"https:\/\/www.ncse.ie\/ga\/wp-json\/wp\/v2\/media?parent=6403"}],"curies":[{"name":"wp","href":"https:\/\/api.w.org\/{rel}","templated":true}]}}