{"id":5850,"date":"2026-01-16T12:36:25","date_gmt":"2026-01-16T12:36:25","guid":{"rendered":"https:\/\/ncse.ie\/?page_id=5850"},"modified":"2026-04-14T15:19:15","modified_gmt":"2026-04-14T15:19:15","slug":"acmhainni-do-cheannairi-scoile","status":"publish","type":"page","link":"https:\/\/www.ncse.ie\/ga\/ceannairi-scoile\/acmhainni-do-cheannairi-scoile\/","title":{"rendered":"Acmhainn\u00ed do Cheannair\u00ed Scoile"},"content":{"rendered":"<div\n\tclass=\"_es__wrapper\/base scroll-my-80 overflow-x-hidden selection:bg-primary-50 selection:text-white dark:selection:bg-neutral-5 dark:selection:text-primary-90 block-inset-x bg-primary-80 dark\"\n\t\t>\n\t<div class=\"_es__main-section\/base col-span-full pb-20 sm:pb-32 md:pb-40\">\n\t<div class=\"_es__breadcrumbs\/base flex flex-wrap gap-8 text-primary-70 dark:text-neutral-5 _es__main-section\/breadcrumbs py-12 sm:py-16\">\n\t<a\n\t\tclass=\"_es__breadcrumbs\/home hover:text-primary-40 dark:hover:text-neutral-20 focus-visible:text-primary-40 dark:focus-visible:text-neutral-20 focus-visible:outline-3 outline-offset-3 outline-primary-50 dark:outline-neutral-40 rounded-xs transition\"\n\t\thref=\"https:\/\/www.ncse.ie\/ga\/\">\n\t\t<svg width='24' height='24' viewBox='0 0 24 24' fill='none' xmlns='http:\/\/www.w3.org\/2000\/svg'><path d='M19 17.5C19 18.6046 18.1046 19.5 17 19.5H7C5.89543 19.5 5 18.6046 5 17.5V11.8721C5 11.316 5.23156 10.785 5.6391 10.4066L10.6391 5.76369C11.4065 5.05114 12.5935 5.05114 13.3609 5.76369L18.3609 10.4066C18.7684 10.785 19 11.316 19 11.8721L19 17.5Z' stroke='currentColor' stroke-width='1.5' stroke-linejoin='round'\/><\/svg>\t<\/a>\n\n\t<svg class=\"text-neutral-60 dark:text-neutral-40 select-none pointer-events-none\" width='24' height='24' viewBox='0 0 24 24' fill='none' xmlns='http:\/\/www.w3.org\/2000\/svg'><path d='M9 6L15.3667 12.3667L9 18.7333' stroke='currentColor' stroke-width='1.5' stroke-miterlimit='10' stroke-linecap='round' stroke-linejoin='round'\/><\/svg>\n\t\t\t<a\n\t\t\tclass=\"_es__breadcrumbs\/link underline underline-offset-3 hover:text-primary-40 dark:hover:text-neutral-20 focus-visible:text-primary-60 dark:focus-visible:text-neutral-5 focus-visible:outline-3 outline-offset-3 outline-primary-50 dark:outline-neutral-40 rounded-xs transition\"\n\t\t\thref=\"https:\/\/www.ncse.ie\/ga\/ceannairi-scoile\/\">\n\t\t\tCeannair\u00ed Scoile\t\t<\/a>\n\t\n\t\n\t\n\t\n\t\n\t<svg class=\"text-neutral-60 dark:text-neutral-40 select-none pointer-events-none\" width='24' height='24' viewBox='0 0 24 24' fill='none' xmlns='http:\/\/www.w3.org\/2000\/svg'><path d='M9 6L15.3667 12.3667L9 18.7333' stroke='currentColor' stroke-width='1.5' stroke-miterlimit='10' stroke-linecap='round' stroke-linejoin='round'\/><\/svg>\n\t<span class=\"select-none basis-full sm:basis-auto\">\n\t\tAcmhainn\u00ed do Cheannair\u00ed Scoile\t<\/span>\n<\/div>\n\t<div class=\"_es__main-section\/content space-y-24 sm:space-y-16 sm:w-6\/8 md:w-8\/12 pt-24 sm:pt-32\">\n\t\t<h2\t\t\tclass=\"_es__main-section\/heading text-primary-90 dark:text-white text-balance text-h3 sm:text-h2\"\n\t\t>\n\t\t\tAcmhainn\u00ed do Cheannair\u00ed Scoile\t\t<\/h2>\n\n\t\t\t<\/div>\n<\/div><\/div>\n\n<div\n\tclass=\"_es__wrapper\/base scroll-my-80 overflow-x-hidden selection:bg-primary-50 selection:text-white dark:selection:bg-neutral-5 dark:selection:text-primary-90 block-inset-x relative isolate bg-primary-60 dark\"\n\t\t>\n\t<div class=\"_es__call-to-action\/base col-span-full flex flex-col sm:flex-row items-start justify-between gap-24 sm:gap-32 md:gap-40 pt-56 sm:pt-80 pb-56 sm:pb-80\">\n\t\n\t<picture\n\t\t\t\tclass=\"_es__call-to-action\/mediaContainer w-full sm:w-1\/2 rounded-xs bg-neutral-10\"\n\t\t>\n\t\t<img\n\t\t\tsrc=\"https:\/\/ncseproductionsa.blob.core.windows.net\/assets\/2025\/12\/Education-Therapy-Service.webp\"\n\t\t\talt=\"NCSE Education Therapy Service logo with two blue hands holding a plant\"\n\t\t\tclass=\"_es__image\/base size-full rounded-xs object-cover aspect-3-2 _es__call-to-action\/image rounded-xs size-full\"\n\t\t\tloading=\"lazy\" \/>\n\t<\/picture>\n\t<div class=\"_es__call-to-action\/content space-y-8 sm:w-3\/8 md:w-1\/2\">\n\t\t\t<p class=\"_es__call-to-action\/eyebrow uppercase tracking-widest text-primary-60 dark:text-neutral-20 font-medium text-base mb-12\">\n\t\t\tAcmhainn\u00ed do Cheannair\u00ed Scoile\t\t<\/p>\n\t\n\t<h2\t\tclass=\"_es__call-to-action\/heading text-primary-90 dark:text-white text-h2 sm:text-h2 text-balance md:max-w-5\/6\"\n\t>\n\t\tSeirbh\u00eds Teiripe Oideachais\t<\/h2>\n\n\t\t\t<p class=\"_es__call-to-action\/caption text-primary-90 dark:text-neutral-5 text-balance text-lg mt-12 sm:max-w-3\/4 md:max-w-4\/6\">\n\t\t\tCuireann an tSeirbh\u00eds Teiripe Oideachais tr\u00ed leibh\u00e9al taca\u00edochta ar f\u00e1il ag brath ar riachtanas an dalta. Glactar cur chuige comhoibr\u00edoch ina n-oibr\u00edonn \u00e1r dteiripeoir\u00ed go dl\u00fath le scoileanna agus le gairmithe eile.  \t\t<\/p>\n\t\n\t<div class=\"_es__call-to-action\/buttons flex flex-wrap items-center gap-16 mt-40 sm:mt-56 md:mt-80\">\n\t\t<a\t href='https:\/\/www.ncse.ie\/ga\/ceannairi-scoile\/acmhainni-do-cheannairi-scoile\/seirbhis-teiripe-oideachais\/' aria-label='Seirbh\u00eds Teiripe Oideachais' class='_es__button\/base border border-transparent py-12 focus:outline-hidden focus-visible:outline-solid focus-visible:outline-3 outline-transparent outline-offset-3 transition enabled:cursor-pointer flex items-center gap-12 w-fit text-white bg-primary-60 hover:bg-primary-70 active:bg-primary-80 focus-visible:bg-primary-80 focus-visible:outline-primary-50 disabled:bg-secondary-5 dark:text-primary-90 dark:bg-neutral-5 dark:hover:bg-neutral-30 dark:active:bg-neutral-40 dark:focus-visible:bg-neutral-40 dark:focus-visible:outline-neutral-5 dark:disabled:bg-secondary-40 dark:disabled:text-secondary-80 px-20 rounded-xs button'>\n\t\t\t<span>Seirbh\u00eds Teiripe Oideachais<\/span>\n\t\n\t<svg aria-hidden=\"true\" class=\"_es__icon\/base size-24\" width='24' height='24' viewBox='0 0 24 24' fill='none' xmlns='http:\/\/www.w3.org\/2000\/svg'><path d='M14.283 5 21 12l-6.717 7' stroke='currentColor' stroke-width='2' stroke-linecap='round' stroke-linejoin='round' fill='none'\/><path stroke='currentColor' stroke-width='2' stroke-linecap='round' d='M19.733 12.032H4' fill='none'\/><\/svg><\/a>\t<\/div>\n<\/div><\/div><\/div>\n\n<div\n\tclass=\"_es__wrapper\/base scroll-my-80 overflow-x-hidden selection:bg-primary-50 selection:text-white dark:selection:bg-neutral-5 dark:selection:text-primary-90 block-inset-x relative isolate bg-neutral-30\"\n\t\t>\n\t<div class=\"_es__call-to-action\/base col-span-full flex flex-col sm:flex-row items-start justify-between gap-24 sm:gap-32 md:gap-40 pt-56 sm:pt-80 pb-56 sm:pb-80\">\n\t<picture\n\t\t\t\tclass=\"_es__call-to-action\/mediaContainer w-full sm:w-1\/2 rounded-xs bg-neutral-10 sm:hidden\"\n\t\t>\n\t\t<img\n\t\t\tsrc=\"https:\/\/ncseproductionsa.blob.core.windows.net\/assets\/2026\/01\/Autism_Good_Practice_New.webp\"\n\t\t\talt=\"Colorful spiral pattern with pink, purple, and blue gradients on a dark background\"\n\t\t\tclass=\"_es__image\/base size-full rounded-xs object-cover aspect-video _es__call-to-action\/image rounded-xs size-full\"\n\t\t\tloading=\"lazy\" \/>\n\t<\/picture><div class=\"_es__call-to-action\/content space-y-8 sm:w-3\/8 md:w-1\/2\">\n\t\t\t<p class=\"_es__call-to-action\/eyebrow uppercase tracking-widest text-primary-60 dark:text-neutral-20 font-medium text-base mb-12\">\n\t\t\tAcmhainn\u00ed do Cheannair\u00ed Scoile\t\t<\/p>\n\t\n\t<h2\t\tclass=\"_es__call-to-action\/heading text-primary-90 dark:text-white text-h2 sm:text-h2 text-balance md:max-w-5\/6\"\n\t>\n\t\tTreoir Dea-Chleachtais do Scoileanna maidir le hUathachas \u2013 Ag Tac\u00fa le Leana\u00ed agus le Daoine<br>\u00d3ga\t<\/h2>\n\n\t\t\t<p class=\"_es__call-to-action\/caption text-primary-90 dark:text-neutral-5 text-balance text-lg mt-12\">\n\t\t\tIs acmhainn \u00ed seo do scoileanna agus do ghairmithe eile chun tac\u00fa le foll\u00e1ine, foghlaim agus rannph\u00e1irt\u00edocht leana\u00ed agus daoine \u00f3ga a bhfuil uathachas orthu i gc\u00farsa\u00ed oideachais <br>  <br>An Roinn Oideachais a bh\u00ed ina bun. \t\t<\/p>\n\t\n\t<div class=\"_es__call-to-action\/buttons flex flex-wrap items-center gap-16 mt-40 sm:mt-56 md:mt-80\">\n\t\t<a\t href='https:\/\/www.ncse.ie\/ga\/ceannairi-scoile\/acmhainni-do-cheannairi-scoile\/treoir-dea-chleachtais-do-scoileanna-maidir-le-huathachas\/' aria-label='Treoir Dea-Chleachtais do Scoileanna maidir le hUathachas' class='_es__button\/base border border-transparent py-12 focus:outline-hidden focus-visible:outline-solid focus-visible:outline-3 outline-transparent outline-offset-3 transition enabled:cursor-pointer flex items-center gap-12 w-fit text-white bg-primary-60 hover:bg-primary-70 active:bg-primary-80 focus-visible:bg-primary-80 focus-visible:outline-primary-50 disabled:bg-secondary-5 dark:text-primary-90 dark:bg-neutral-5 dark:hover:bg-neutral-30 dark:active:bg-neutral-40 dark:focus-visible:bg-neutral-40 dark:focus-visible:outline-neutral-5 dark:disabled:bg-secondary-40 dark:disabled:text-secondary-80 px-20 rounded-xs button'>\n\t\t\t<span>Treoir Dea-Chleachtais do Scoileanna maidir le hUathachas<\/span>\n\t\n\t<svg aria-hidden=\"true\" class=\"_es__icon\/base size-24\" width='24' height='24' viewBox='0 0 24 24' fill='none' xmlns='http:\/\/www.w3.org\/2000\/svg'><path d='M14.283 5 21 12l-6.717 7' stroke='currentColor' stroke-width='2' stroke-linecap='round' stroke-linejoin='round' fill='none'\/><path stroke='currentColor' stroke-width='2' stroke-linecap='round' d='M19.733 12.032H4' fill='none'\/><\/svg><\/a>\t<\/div>\n<\/div>\n\t<picture\n\t\t\t\tclass=\"_es__call-to-action\/mediaContainer w-full sm:w-1\/2 rounded-xs bg-neutral-10 hidden sm:block\"\n\t\t>\n\t\t<img\n\t\t\tsrc=\"https:\/\/ncseproductionsa.blob.core.windows.net\/assets\/2026\/01\/Autism_Good_Practice_New.webp\"\n\t\t\talt=\"Colorful spiral pattern with pink, purple, and blue gradients on a dark background\"\n\t\t\tclass=\"_es__image\/base size-full rounded-xs object-cover aspect-video _es__call-to-action\/image rounded-xs size-full\"\n\t\t\tloading=\"lazy\" \/>\n\t<\/picture>\n\t<\/div><\/div>\n\n<div\n\tclass=\"_es__wrapper\/base scroll-my-80 overflow-x-hidden selection:bg-primary-50 selection:text-white dark:selection:bg-neutral-5 dark:selection:text-primary-90 block-inset-x relative isolate bg-neutral-5\"\n\t\t>\n\t<div class=\"_es__call-to-action\/base col-span-full flex flex-col sm:flex-row items-start justify-between gap-24 sm:gap-32 md:gap-40 pt-56 sm:pt-80 pb-56 sm:pb-80\">\n\t\n\t<picture\n\t\t\t\tclass=\"_es__call-to-action\/mediaContainer w-full sm:w-1\/2 rounded-xs bg-neutral-10\"\n\t\t>\n\t\t<img\n\t\t\tsrc=\"https:\/\/ncseproductionsa.blob.core.windows.net\/assets\/2025\/09\/Triskelion.png\"\n\t\t\talt=\"Triskelion symbol surrounded by various activity icons\"\n\t\t\tclass=\"_es__image\/base size-full rounded-xs object-cover aspect-square _es__call-to-action\/image rounded-xs size-full\"\n\t\t\tloading=\"lazy\" \/>\n\t<\/picture>\n\t<div class=\"_es__call-to-action\/content space-y-8 sm:w-3\/8 md:w-1\/2\">\n\t\t\t<p class=\"_es__call-to-action\/eyebrow uppercase tracking-widest text-primary-60 dark:text-neutral-20 font-medium text-base mb-12\">\n\t\t\tAcmhainn\u00ed do Cheannair\u00ed Scoile\t\t<\/p>\n\t\n\t<h2\t\tclass=\"_es__call-to-action\/heading text-primary-90 dark:text-white text-h2 sm:text-h2 text-balance md:max-w-5\/6\"\n\t>\n\t\tRelate an CNOS\t<\/h2>\n\n\t\t\t<p class=\"_es__call-to-action\/caption text-primary-90 dark:text-neutral-5 text-balance text-lg mt-12\">\n\t\t\tT\u00e1 \u00e1r n-acmhainn ionhuimsitheach Relate curtha i dtoll a ch\u00e9ile d&#8217;fhoireann na scoile chun tuiscint n\u00edos fearr a fh\u00e1il ar iompar agus chun an t-iompar a athr\u00fa. Cuireann s\u00e9 caidrimh i gcro\u00edl\u00e1r gach taca\u00edochta.  <br> <br>Cuireann Relate cur chuige rial\u00e1la i bhfeidhm ar dt\u00fas chun dalta\u00ed a thuiscint agus tac\u00fa leo. Cialla\u00edonn rial\u00fa na facht\u00f3ir\u00ed a aithint a th\u00e9ann i bhfeidhm ar \u00e1r:<br>&#8211; Leibh\u00e9al fuinnimh<br>&#8211; Moth\u00fach\u00e1in<br>&#8211; Aird<br>&#8211; Iompar  \t\t<\/p>\n\t\n\t<div class=\"_es__call-to-action\/buttons flex flex-wrap items-center gap-16 mt-40 sm:mt-56 md:mt-80\">\n\t\t<a\t href='https:\/\/www.ncse.ie\/ga\/ceannairi-scoile\/acmhainni-do-cheannairi-scoile\/relate-an-cnos\/' aria-label='Relate an CNOS' class='_es__button\/base border border-transparent py-12 focus:outline-hidden focus-visible:outline-solid focus-visible:outline-3 outline-transparent outline-offset-3 transition enabled:cursor-pointer flex items-center gap-12 w-fit text-white bg-primary-60 hover:bg-primary-70 active:bg-primary-80 focus-visible:bg-primary-80 focus-visible:outline-primary-50 disabled:bg-secondary-5 dark:text-primary-90 dark:bg-neutral-5 dark:hover:bg-neutral-30 dark:active:bg-neutral-40 dark:focus-visible:bg-neutral-40 dark:focus-visible:outline-neutral-5 dark:disabled:bg-secondary-40 dark:disabled:text-secondary-80 px-20 rounded-xs button'>\n\t\t\t<span>Relate an CNOS<\/span>\n\t\n\t<svg aria-hidden=\"true\" class=\"_es__icon\/base size-24\" width='24' height='24' viewBox='0 0 24 24' fill='none' xmlns='http:\/\/www.w3.org\/2000\/svg'><path d='M14.283 5 21 12l-6.717 7' stroke='currentColor' stroke-width='2' stroke-linecap='round' stroke-linejoin='round' fill='none'\/><path stroke='currentColor' stroke-width='2' stroke-linecap='round' d='M19.733 12.032H4' fill='none'\/><\/svg><\/a>\t<\/div>\n<\/div><\/div><\/div>","protected":false},"excerpt":{"rendered":"","protected":false},"author":6,"featured_media":0,"parent":5604,"menu_order":0,"comment_status":"closed","ping_status":"closed","template":"","meta":{"es_utils_meta_schema":"","footnotes":""},"class_list":["post-5850","page","type-page","status-publish","hentry"],"yoast_head":"<!-- This site is optimized with the Yoast SEO plugin v27.3 - https:\/\/yoast.com\/product\/yoast-seo-wordpress\/ -->\n<title>Acmhainn\u00ed do Cheannair\u00ed Scoile - NCSE<\/title>\n<meta name=\"robots\" content=\"index, follow, max-snippet:-1, max-image-preview:large, max-video-preview:-1\" \/>\n<link rel=\"canonical\" href=\"https:\/\/www.ncse.ie\/ga\/ceannairi-scoile\/acmhainni-do-cheannairi-scoile\/\" \/>\n<meta property=\"og:locale\" content=\"ga_IE\" \/>\n<meta property=\"og:type\" content=\"article\" \/>\n<meta property=\"og:title\" content=\"Acmhainn\u00ed do Cheannair\u00ed Scoile - NCSE\" \/>\n<meta property=\"og:url\" content=\"https:\/\/www.ncse.ie\/ga\/ceannairi-scoile\/acmhainni-do-cheannairi-scoile\/\" \/>\n<meta property=\"og:site_name\" content=\"NCSE\" \/>\n<meta property=\"article:modified_time\" content=\"2026-04-14T15:19:15+00:00\" \/>\n<meta name=\"twitter:card\" content=\"summary_large_image\" \/>\n<script type=\"application\/ld+json\" class=\"yoast-schema-graph\">{\"@context\":\"https:\\\/\\\/schema.org\",\"@graph\":[{\"@type\":\"WebPage\",\"@id\":\"https:\\\/\\\/www.ncse.ie\\\/ga\\\/ceannairi-scoile\\\/acmhainni-do-cheannairi-scoile\\\/\",\"url\":\"https:\\\/\\\/www.ncse.ie\\\/ga\\\/ceannairi-scoile\\\/acmhainni-do-cheannairi-scoile\\\/\",\"name\":\"Acmhainn\u00ed do Cheannair\u00ed Scoile - NCSE\",\"isPartOf\":{\"@id\":\"https:\\\/\\\/www.ncse.ie\\\/ga\\\/#website\"},\"datePublished\":\"2026-01-16T12:36:25+00:00\",\"dateModified\":\"2026-04-14T15:19:15+00:00\",\"breadcrumb\":{\"@id\":\"https:\\\/\\\/www.ncse.ie\\\/ga\\\/ceannairi-scoile\\\/acmhainni-do-cheannairi-scoile\\\/#breadcrumb\"},\"inLanguage\":\"ga-IE\",\"potentialAction\":[{\"@type\":\"ReadAction\",\"target\":[\"https:\\\/\\\/www.ncse.ie\\\/ga\\\/ceannairi-scoile\\\/acmhainni-do-cheannairi-scoile\\\/\"]}]},{\"@type\":\"BreadcrumbList\",\"@id\":\"https:\\\/\\\/www.ncse.ie\\\/ga\\\/ceannairi-scoile\\\/acmhainni-do-cheannairi-scoile\\\/#breadcrumb\",\"itemListElement\":[{\"@type\":\"ListItem\",\"position\":1,\"name\":\"Home\",\"item\":\"https:\\\/\\\/www.ncse.ie\\\/ga\\\/\"},{\"@type\":\"ListItem\",\"position\":2,\"name\":\"Ceannair\u00ed Scoile\",\"item\":\"https:\\\/\\\/www.ncse.ie\\\/ga\\\/ceannairi-scoile\\\/\"},{\"@type\":\"ListItem\",\"position\":3,\"name\":\"Acmhainn\u00ed do Cheannair\u00ed Scoile\"}]},{\"@type\":\"WebSite\",\"@id\":\"https:\\\/\\\/www.ncse.ie\\\/ga\\\/#website\",\"url\":\"https:\\\/\\\/www.ncse.ie\\\/ga\\\/\",\"name\":\"NCSE\",\"description\":\"National Council for Special Education\",\"potentialAction\":[{\"@type\":\"SearchAction\",\"target\":{\"@type\":\"EntryPoint\",\"urlTemplate\":\"https:\\\/\\\/www.ncse.ie\\\/ga\\\/?s={search_term_string}\"},\"query-input\":{\"@type\":\"PropertyValueSpecification\",\"valueRequired\":true,\"valueName\":\"search_term_string\"}}],\"inLanguage\":\"ga-IE\"}]}<\/script>\n<!-- \/ Yoast SEO plugin. -->","yoast_head_json":{"title":"Acmhainn\u00ed do Cheannair\u00ed Scoile - NCSE","robots":{"index":"index","follow":"follow","max-snippet":"max-snippet:-1","max-image-preview":"max-image-preview:large","max-video-preview":"max-video-preview:-1"},"canonical":"https:\/\/www.ncse.ie\/ga\/ceannairi-scoile\/acmhainni-do-cheannairi-scoile\/","og_locale":"ga_IE","og_type":"article","og_title":"Acmhainn\u00ed do Cheannair\u00ed Scoile - NCSE","og_url":"https:\/\/www.ncse.ie\/ga\/ceannairi-scoile\/acmhainni-do-cheannairi-scoile\/","og_site_name":"NCSE","article_modified_time":"2026-04-14T15:19:15+00:00","twitter_card":"summary_large_image","schema":{"@context":"https:\/\/schema.org","@graph":[{"@type":"WebPage","@id":"https:\/\/www.ncse.ie\/ga\/ceannairi-scoile\/acmhainni-do-cheannairi-scoile\/","url":"https:\/\/www.ncse.ie\/ga\/ceannairi-scoile\/acmhainni-do-cheannairi-scoile\/","name":"Acmhainn\u00ed do Cheannair\u00ed Scoile - NCSE","isPartOf":{"@id":"https:\/\/www.ncse.ie\/ga\/#website"},"datePublished":"2026-01-16T12:36:25+00:00","dateModified":"2026-04-14T15:19:15+00:00","breadcrumb":{"@id":"https:\/\/www.ncse.ie\/ga\/ceannairi-scoile\/acmhainni-do-cheannairi-scoile\/#breadcrumb"},"inLanguage":"ga-IE","potentialAction":[{"@type":"ReadAction","target":["https:\/\/www.ncse.ie\/ga\/ceannairi-scoile\/acmhainni-do-cheannairi-scoile\/"]}]},{"@type":"BreadcrumbList","@id":"https:\/\/www.ncse.ie\/ga\/ceannairi-scoile\/acmhainni-do-cheannairi-scoile\/#breadcrumb","itemListElement":[{"@type":"ListItem","position":1,"name":"Home","item":"https:\/\/www.ncse.ie\/ga\/"},{"@type":"ListItem","position":2,"name":"Ceannair\u00ed Scoile","item":"https:\/\/www.ncse.ie\/ga\/ceannairi-scoile\/"},{"@type":"ListItem","position":3,"name":"Acmhainn\u00ed do Cheannair\u00ed Scoile"}]},{"@type":"WebSite","@id":"https:\/\/www.ncse.ie\/ga\/#website","url":"https:\/\/www.ncse.ie\/ga\/","name":"NCSE","description":"National Council for Special Education","potentialAction":[{"@type":"SearchAction","target":{"@type":"EntryPoint","urlTemplate":"https:\/\/www.ncse.ie\/ga\/?s={search_term_string}"},"query-input":{"@type":"PropertyValueSpecification","valueRequired":true,"valueName":"search_term_string"}}],"inLanguage":"ga-IE"}]}},"_links":{"self":[{"href":"https:\/\/www.ncse.ie\/ga\/wp-json\/wp\/v2\/pages\/5850","targetHints":{"allow":["GET"]}}],"collection":[{"href":"https:\/\/www.ncse.ie\/ga\/wp-json\/wp\/v2\/pages"}],"about":[{"href":"https:\/\/www.ncse.ie\/ga\/wp-json\/wp\/v2\/types\/page"}],"author":[{"embeddable":true,"href":"https:\/\/www.ncse.ie\/ga\/wp-json\/wp\/v2\/users\/6"}],"replies":[{"embeddable":true,"href":"https:\/\/www.ncse.ie\/ga\/wp-json\/wp\/v2\/comments?post=5850"}],"version-history":[{"count":11,"href":"https:\/\/www.ncse.ie\/ga\/wp-json\/wp\/v2\/pages\/5850\/revisions"}],"predecessor-version":[{"id":9609,"href":"https:\/\/www.ncse.ie\/ga\/wp-json\/wp\/v2\/pages\/5850\/revisions\/9609"}],"up":[{"embeddable":true,"href":"https:\/\/www.ncse.ie\/ga\/wp-json\/wp\/v2\/pages\/5604"}],"wp:attachment":[{"href":"https:\/\/www.ncse.ie\/ga\/wp-json\/wp\/v2\/media?parent=5850"}],"curies":[{"name":"wp","href":"https:\/\/api.w.org\/{rel}","templated":true}]}}