{"id":5614,"date":"2025-11-26T11:01:15","date_gmt":"2025-11-26T11:01:15","guid":{"rendered":"https:\/\/ncse.ie\/?page_id=5614"},"modified":"2026-04-09T13:07:23","modified_gmt":"2026-04-09T13:07:23","slug":"na-proisis-iarratais-reatha","status":"publish","type":"page","link":"https:\/\/www.ncse.ie\/ga\/tuismitheoiri-caomhnoiri\/na-proisis-iarratais-reatha\/","title":{"rendered":"Na Pr\u00f3isis Iarratais Reatha"},"content":{"rendered":"<div\n\tclass=\"_es__wrapper\/base scroll-my-80 overflow-x-hidden selection:bg-primary-50 selection:text-white dark:selection:bg-neutral-5 dark:selection:text-primary-90 block-inset-x bg-primary-80 dark\"\n\t\t>\n\t<div class=\"_es__main-section\/base col-span-full pb-20 sm:pb-32 md:pb-40\">\n\t<div class=\"_es__breadcrumbs\/base flex flex-wrap gap-8 text-primary-70 dark:text-neutral-5 _es__main-section\/breadcrumbs py-12 sm:py-16\">\n\t<a\n\t\tclass=\"_es__breadcrumbs\/home hover:text-primary-40 dark:hover:text-neutral-20 focus-visible:text-primary-40 dark:focus-visible:text-neutral-20 focus-visible:outline-3 outline-offset-3 outline-primary-50 dark:outline-neutral-40 rounded-xs transition\"\n\t\thref=\"https:\/\/www.ncse.ie\/ga\/\">\n\t\t<svg width='24' height='24' viewBox='0 0 24 24' fill='none' xmlns='http:\/\/www.w3.org\/2000\/svg'><path d='M19 17.5C19 18.6046 18.1046 19.5 17 19.5H7C5.89543 19.5 5 18.6046 5 17.5V11.8721C5 11.316 5.23156 10.785 5.6391 10.4066L10.6391 5.76369C11.4065 5.05114 12.5935 5.05114 13.3609 5.76369L18.3609 10.4066C18.7684 10.785 19 11.316 19 11.8721L19 17.5Z' stroke='currentColor' stroke-width='1.5' stroke-linejoin='round'\/><\/svg>\t<\/a>\n\n\t<svg class=\"text-neutral-60 dark:text-neutral-40 select-none pointer-events-none\" width='24' height='24' viewBox='0 0 24 24' fill='none' xmlns='http:\/\/www.w3.org\/2000\/svg'><path d='M9 6L15.3667 12.3667L9 18.7333' stroke='currentColor' stroke-width='1.5' stroke-miterlimit='10' stroke-linecap='round' stroke-linejoin='round'\/><\/svg>\n\t\t\t<a\n\t\t\tclass=\"_es__breadcrumbs\/link underline underline-offset-3 hover:text-primary-40 dark:hover:text-neutral-20 focus-visible:text-primary-60 dark:focus-visible:text-neutral-5 focus-visible:outline-3 outline-offset-3 outline-primary-50 dark:outline-neutral-40 rounded-xs transition\"\n\t\t\thref=\"https:\/\/www.ncse.ie\/ga\/tuismitheoiri-caomhnoiri\/\">\n\t\t\tTuismitheoir\u00ed\/Caomhn\u00f3ir\u00ed\t\t<\/a>\n\t\n\t\n\t\n\t\n\t\n\t<svg class=\"text-neutral-60 dark:text-neutral-40 select-none pointer-events-none\" width='24' height='24' viewBox='0 0 24 24' fill='none' xmlns='http:\/\/www.w3.org\/2000\/svg'><path d='M9 6L15.3667 12.3667L9 18.7333' stroke='currentColor' stroke-width='1.5' stroke-miterlimit='10' stroke-linecap='round' stroke-linejoin='round'\/><\/svg>\n\t<span class=\"select-none basis-full sm:basis-auto\">\n\t\tNa Pr\u00f3isis Iarratais Reatha\t<\/span>\n<\/div>\n\t<div class=\"_es__main-section\/content space-y-24 sm:space-y-16 sm:w-6\/8 md:w-8\/12 pt-24 sm:pt-32\">\n\t\t<h2\t\t\tclass=\"_es__main-section\/heading text-primary-90 dark:text-white text-balance text-h3 sm:text-h2\"\n\t\t>\n\t\t\tNa Pr\u00f3isis Iarratais Reatha\t\t<\/h2>\n\n\t\t\t<\/div>\n<\/div><\/div>\n\n<div\n\tclass=\"_es__wrapper\/base scroll-my-80 overflow-x-hidden selection:bg-primary-50 selection:text-white dark:selection:bg-neutral-5 dark:selection:text-primary-90 block-inset-x relative isolate bg-primary-60 dark hidden\"\n\t\t>\n\t<div class=\"_es__call-to-action\/base col-span-full flex flex-col sm:flex-row items-start justify-between gap-24 sm:gap-32 md:gap-40 pt-56 sm:pt-80 pb-56 sm:pb-80\">\n\t\n\t<picture\n\t\t\t\tclass=\"_es__call-to-action\/mediaContainer w-full sm:w-1\/2 rounded-xs bg-neutral-10\"\n\t\t>\n\t\t<img\n\t\t\tsrc=\"https:\/\/ncseproductionsa.blob.core.windows.net\/assets\/2026\/02\/Teacher_Pupil_on_mat_playing_with_blocks.webp\"\n\t\t\talt=\"An adult and a young child are sitting on a colorful foam mat in a classroom setting playing\"\n\t\t\tclass=\"_es__image\/base size-full rounded-xs object-cover aspect-3-2 _es__call-to-action\/image rounded-xs size-full\"\n\t\t\tloading=\"lazy\" \/>\n\t<\/picture>\n\t<div class=\"_es__call-to-action\/content space-y-8 sm:w-3\/8 md:w-1\/2\">\n\t\t\t<p class=\"_es__call-to-action\/eyebrow uppercase tracking-widest text-primary-60 dark:text-neutral-20 font-medium text-base mb-12\">\n\t\t\tNa Pr\u00f3isis Iarratais Reatha\t\t<\/p>\n\t\n\t<h2\t\tclass=\"_es__call-to-action\/heading text-primary-90 dark:text-white text-h2 sm:text-h2 text-balance md:max-w-5\/6\"\n\t>\n\t\tD15 ACAT: Cl\u00e1r p\u00edol\u00f3tach chun rochtain a fh\u00e1il ar ranganna uathachais\t<\/h2>\n\n\t\t\t<p class=\"_es__call-to-action\/caption text-primary-90 dark:text-neutral-5 text-balance text-lg mt-12\">\n\t\t\tM\u00e1s tuismitheoir n\u00f3 caomhn\u00f3ir t\u00fa at\u00e1 ag lorg \u00e1it i rang uathachais i mBaile \u00c1tha Cliath 15 do do leanbh, is f\u00e9idir leat iarratas a dh\u00e9anamh tr\u00ed D15 ACAT. <br><br>Leis an bpr\u00f3iseas iarratais l\u00e1rnach seo, is f\u00e9idir leat foirm iarratais amh\u00e1in a sheoladh go d\u00edreach chuig CNOS seachas ceann a chur chuig gach scoil. <br><br>Is f\u00e9idir leat a insint d\u00fainn ar an bhfoirm c\u00e9 acu de na 18 scoil rannph\u00e1irteacha ar mhaith leat iarratas a dh\u00e9anamh orthu. <br><br>Ba \u00e9 an 31 Deireadh F\u00f3mhair 2025 an spriocdh\u00e1ta chun iarratas a dh\u00e9anamh ar 2026-2027. <br><br><strong>N\u00f3ta: <\/strong>N\u00ed r\u00e1tha\u00edonn rannph\u00e1irt\u00edocht sa tionscadal p\u00edol\u00f3ta seo \u00e1it scoile do do leanbh. \t\t<\/p>\n\t\n\t<div class=\"_es__call-to-action\/buttons flex flex-wrap items-center gap-16 mt-40 sm:mt-56 md:mt-80\">\n\t\t<a\t href='https:\/\/www.ncse.ie\/current-application-processes\/d15acat\/' aria-label='View how to enrol in the Dublin 15 Pilot Programme for Autism Classes access' class='_es__button\/base border border-transparent py-12 focus:outline-hidden focus-visible:outline-solid focus-visible:outline-3 outline-transparent outline-offset-3 transition enabled:cursor-pointer flex items-center gap-12 w-fit text-white bg-primary-60 hover:bg-primary-70 active:bg-primary-80 focus-visible:bg-primary-80 focus-visible:outline-primary-50 disabled:bg-secondary-5 dark:text-primary-90 dark:bg-neutral-5 dark:hover:bg-neutral-30 dark:active:bg-neutral-40 dark:focus-visible:bg-neutral-40 dark:focus-visible:outline-neutral-5 dark:disabled:bg-secondary-40 dark:disabled:text-secondary-80 px-20 rounded-xs button'>\n\t\t\t<span>D15 ACAT<\/span>\n\t\n\t<svg aria-hidden=\"true\" class=\"_es__icon\/base size-24\" width='24' height='24' viewBox='0 0 24 24' fill='none' xmlns='http:\/\/www.w3.org\/2000\/svg'><path d='M14.283 5 21 12l-6.717 7' stroke='currentColor' stroke-width='2' stroke-linecap='round' stroke-linejoin='round' fill='none'\/><path stroke='currentColor' stroke-width='2' stroke-linecap='round' d='M19.733 12.032H4' fill='none'\/><\/svg><\/a>\t<\/div>\n<\/div><\/div><\/div>\n\n<div\n\tclass=\"_es__wrapper\/base scroll-my-80 overflow-x-hidden selection:bg-primary-50 selection:text-white dark:selection:bg-neutral-5 dark:selection:text-primary-90 block-inset-x relative isolate bg-neutral-30\"\n\t\t>\n\t<div class=\"_es__call-to-action\/base col-span-full flex flex-col sm:flex-row items-start justify-between gap-24 sm:gap-32 md:gap-40 pt-56 sm:pt-80 pb-56 sm:pb-80\">\n\t<picture\n\t\t\t\tclass=\"_es__call-to-action\/mediaContainer w-full sm:w-1\/2 rounded-xs bg-neutral-10 sm:hidden\"\n\t\t>\n\t\t<img\n\t\t\tsrc=\"https:\/\/ncseproductionsa.blob.core.windows.net\/assets\/2025\/09\/Parents_Notify_Logo_1_.png\"\n\t\t\talt=\"Parents Notify logo featuring two figures, a document with a checkmark, and a schoolhouse icon\"\n\t\t\tclass=\"_es__image\/base size-full rounded-xs object-cover aspect-square _es__call-to-action\/image rounded-xs size-full\"\n\t\t\tloading=\"lazy\" \/>\n\t<\/picture><div class=\"_es__call-to-action\/content space-y-8 sm:w-3\/8 md:w-1\/2\">\n\t\t\t<p class=\"_es__call-to-action\/eyebrow uppercase tracking-widest text-primary-60 dark:text-neutral-20 font-medium text-base mb-12\">\n\t\t\tNa Pr\u00f3isis Iarratais Reatha\t\t<\/p>\n\t\n\t<h2\t\tclass=\"_es__call-to-action\/heading text-primary-90 dark:text-white text-h2 sm:text-h2 text-balance md:max-w-5\/6\"\n\t>\n\t\tF\u00f3gra \u00f3 Thuismitheoir\u00ed \u2013 Socr\u00fach\u00e1n i Rang Speisialta\/Scoil Speisialta\t<\/h2>\n\n\t\t\t<p class=\"_es__call-to-action\/caption text-primary-90 dark:text-neutral-5 text-balance text-lg mt-12\">\n\t\t\tM\u00e1s tuismitheoir n\u00f3 caomhn\u00f3ir t\u00fa at\u00e1 ag lorg \u00e1ite do do leanbh i scoil speisialta n\u00f3 i rang speisialta, bain \u00fas\u00e1id as F\u00f3gra \u00f3 Thuismitheoir\u00ed chun CNOS a chur ar an eolas. <br><br><strong>Chuaigh an tr\u00e9imhse chun F\u00f3gra \u00f3 Thuismitheoir\u00ed a dh\u00e9anamh an 1 Deireadh F\u00f3mhair 2025.<\/strong><br><br>Tar \u00e9is breithni\u00fa c\u00faramach a dh\u00e9anamh, t\u00e1 s\u00e9 deimhnithe ag an Roinn go bhfuil CNOS in ann tuilleadh litreacha inch\u00e1ilitheachta a eisi\u00faint sa ch\u00e1s go bhfuil an t-eolas riachtanach curtha ar f\u00e1il d\u00fainn agus go bhfuil crit\u00e9ir na Roinne Oideachais agus \u00d3ige comhl\u00edonta.\t\t<\/p>\n\t\n\t<div class=\"_es__call-to-action\/buttons flex flex-wrap items-center gap-16 mt-40 sm:mt-56 md:mt-80\">\n\t\t<a\t href='https:\/\/www.ncse.ie\/ga\/tuismitheoiri-caomhnoiri\/na-proisis-iarratais-reatha\/fogra-o-thuismitheoiri-socruchan-i-rang-speisialta-scoil-speisialta\/' aria-label='View the Parents Notify page' class='_es__button\/base border border-transparent py-12 focus:outline-hidden focus-visible:outline-solid focus-visible:outline-3 outline-transparent outline-offset-3 transition enabled:cursor-pointer flex items-center gap-12 w-fit text-white bg-primary-60 hover:bg-primary-70 active:bg-primary-80 focus-visible:bg-primary-80 focus-visible:outline-primary-50 disabled:bg-secondary-5 dark:text-primary-90 dark:bg-neutral-5 dark:hover:bg-neutral-30 dark:active:bg-neutral-40 dark:focus-visible:bg-neutral-40 dark:focus-visible:outline-neutral-5 dark:disabled:bg-secondary-40 dark:disabled:text-secondary-80 px-20 rounded-xs button'>\n\t\t\t<span>F\u00f3gra \u00f3 Thuismitheoir\u00ed<\/span>\n\t\n\t<svg aria-hidden=\"true\" class=\"_es__icon\/base size-24\" width='24' height='24' viewBox='0 0 24 24' fill='none' xmlns='http:\/\/www.w3.org\/2000\/svg'><path d='M14.283 5 21 12l-6.717 7' stroke='currentColor' stroke-width='2' stroke-linecap='round' stroke-linejoin='round' fill='none'\/><path stroke='currentColor' stroke-width='2' stroke-linecap='round' d='M19.733 12.032H4' fill='none'\/><\/svg><\/a>\t<\/div>\n<\/div>\n\t<picture\n\t\t\t\tclass=\"_es__call-to-action\/mediaContainer w-full sm:w-1\/2 rounded-xs bg-neutral-10 hidden sm:block\"\n\t\t>\n\t\t<img\n\t\t\tsrc=\"https:\/\/ncseproductionsa.blob.core.windows.net\/assets\/2025\/09\/Parents_Notify_Logo_1_.png\"\n\t\t\talt=\"Parents Notify logo featuring two figures, a document with a checkmark, and a schoolhouse icon\"\n\t\t\tclass=\"_es__image\/base size-full rounded-xs object-cover aspect-square _es__call-to-action\/image rounded-xs size-full\"\n\t\t\tloading=\"lazy\" \/>\n\t<\/picture>\n\t<\/div><\/div>","protected":false},"excerpt":{"rendered":"","protected":false},"author":6,"featured_media":0,"parent":5653,"menu_order":0,"comment_status":"closed","ping_status":"closed","template":"","meta":{"es_utils_meta_schema":"","footnotes":""},"class_list":["post-5614","page","type-page","status-publish","hentry"],"yoast_head":"<!-- This site is optimized with the Yoast SEO plugin v27.3 - https:\/\/yoast.com\/product\/yoast-seo-wordpress\/ -->\n<title>Na Pr\u00f3isis Iarratais Reatha - NCSE<\/title>\n<meta name=\"robots\" content=\"index, follow, max-snippet:-1, max-image-preview:large, max-video-preview:-1\" \/>\n<link rel=\"canonical\" href=\"https:\/\/www.ncse.ie\/ga\/tuismitheoiri-caomhnoiri\/na-proisis-iarratais-reatha\/\" \/>\n<meta property=\"og:locale\" content=\"ga_IE\" \/>\n<meta property=\"og:type\" content=\"article\" \/>\n<meta property=\"og:title\" content=\"Na Pr\u00f3isis Iarratais Reatha - NCSE\" \/>\n<meta property=\"og:url\" content=\"https:\/\/www.ncse.ie\/ga\/tuismitheoiri-caomhnoiri\/na-proisis-iarratais-reatha\/\" \/>\n<meta property=\"og:site_name\" content=\"NCSE\" \/>\n<meta property=\"article:modified_time\" content=\"2026-04-09T13:07:23+00:00\" \/>\n<meta name=\"twitter:card\" content=\"summary_large_image\" \/>\n<script type=\"application\/ld+json\" class=\"yoast-schema-graph\">{\"@context\":\"https:\\\/\\\/schema.org\",\"@graph\":[{\"@type\":\"WebPage\",\"@id\":\"https:\\\/\\\/www.ncse.ie\\\/ga\\\/tuismitheoiri-caomhnoiri\\\/na-proisis-iarratais-reatha\\\/\",\"url\":\"https:\\\/\\\/www.ncse.ie\\\/ga\\\/tuismitheoiri-caomhnoiri\\\/na-proisis-iarratais-reatha\\\/\",\"name\":\"Na Pr\u00f3isis Iarratais Reatha - NCSE\",\"isPartOf\":{\"@id\":\"https:\\\/\\\/www.ncse.ie\\\/ga\\\/#website\"},\"datePublished\":\"2025-11-26T11:01:15+00:00\",\"dateModified\":\"2026-04-09T13:07:23+00:00\",\"breadcrumb\":{\"@id\":\"https:\\\/\\\/www.ncse.ie\\\/ga\\\/tuismitheoiri-caomhnoiri\\\/na-proisis-iarratais-reatha\\\/#breadcrumb\"},\"inLanguage\":\"ga-IE\",\"potentialAction\":[{\"@type\":\"ReadAction\",\"target\":[\"https:\\\/\\\/www.ncse.ie\\\/ga\\\/tuismitheoiri-caomhnoiri\\\/na-proisis-iarratais-reatha\\\/\"]}]},{\"@type\":\"BreadcrumbList\",\"@id\":\"https:\\\/\\\/www.ncse.ie\\\/ga\\\/tuismitheoiri-caomhnoiri\\\/na-proisis-iarratais-reatha\\\/#breadcrumb\",\"itemListElement\":[{\"@type\":\"ListItem\",\"position\":1,\"name\":\"Home\",\"item\":\"https:\\\/\\\/www.ncse.ie\\\/ga\\\/\"},{\"@type\":\"ListItem\",\"position\":2,\"name\":\"Tuismitheoir\u00ed\\\/Caomhn\u00f3ir\u00ed\",\"item\":\"https:\\\/\\\/www.ncse.ie\\\/ga\\\/parents\\\/\"},{\"@type\":\"ListItem\",\"position\":3,\"name\":\"Na Pr\u00f3isis Iarratais Reatha\"}]},{\"@type\":\"WebSite\",\"@id\":\"https:\\\/\\\/www.ncse.ie\\\/ga\\\/#website\",\"url\":\"https:\\\/\\\/www.ncse.ie\\\/ga\\\/\",\"name\":\"NCSE\",\"description\":\"National Council for Special Education\",\"potentialAction\":[{\"@type\":\"SearchAction\",\"target\":{\"@type\":\"EntryPoint\",\"urlTemplate\":\"https:\\\/\\\/www.ncse.ie\\\/ga\\\/?s={search_term_string}\"},\"query-input\":{\"@type\":\"PropertyValueSpecification\",\"valueRequired\":true,\"valueName\":\"search_term_string\"}}],\"inLanguage\":\"ga-IE\"}]}<\/script>\n<!-- \/ Yoast SEO plugin. -->","yoast_head_json":{"title":"Na Pr\u00f3isis Iarratais Reatha - NCSE","robots":{"index":"index","follow":"follow","max-snippet":"max-snippet:-1","max-image-preview":"max-image-preview:large","max-video-preview":"max-video-preview:-1"},"canonical":"https:\/\/www.ncse.ie\/ga\/tuismitheoiri-caomhnoiri\/na-proisis-iarratais-reatha\/","og_locale":"ga_IE","og_type":"article","og_title":"Na Pr\u00f3isis Iarratais Reatha - NCSE","og_url":"https:\/\/www.ncse.ie\/ga\/tuismitheoiri-caomhnoiri\/na-proisis-iarratais-reatha\/","og_site_name":"NCSE","article_modified_time":"2026-04-09T13:07:23+00:00","twitter_card":"summary_large_image","schema":{"@context":"https:\/\/schema.org","@graph":[{"@type":"WebPage","@id":"https:\/\/www.ncse.ie\/ga\/tuismitheoiri-caomhnoiri\/na-proisis-iarratais-reatha\/","url":"https:\/\/www.ncse.ie\/ga\/tuismitheoiri-caomhnoiri\/na-proisis-iarratais-reatha\/","name":"Na Pr\u00f3isis Iarratais Reatha - NCSE","isPartOf":{"@id":"https:\/\/www.ncse.ie\/ga\/#website"},"datePublished":"2025-11-26T11:01:15+00:00","dateModified":"2026-04-09T13:07:23+00:00","breadcrumb":{"@id":"https:\/\/www.ncse.ie\/ga\/tuismitheoiri-caomhnoiri\/na-proisis-iarratais-reatha\/#breadcrumb"},"inLanguage":"ga-IE","potentialAction":[{"@type":"ReadAction","target":["https:\/\/www.ncse.ie\/ga\/tuismitheoiri-caomhnoiri\/na-proisis-iarratais-reatha\/"]}]},{"@type":"BreadcrumbList","@id":"https:\/\/www.ncse.ie\/ga\/tuismitheoiri-caomhnoiri\/na-proisis-iarratais-reatha\/#breadcrumb","itemListElement":[{"@type":"ListItem","position":1,"name":"Home","item":"https:\/\/www.ncse.ie\/ga\/"},{"@type":"ListItem","position":2,"name":"Tuismitheoir\u00ed\/Caomhn\u00f3ir\u00ed","item":"https:\/\/www.ncse.ie\/ga\/parents\/"},{"@type":"ListItem","position":3,"name":"Na Pr\u00f3isis Iarratais Reatha"}]},{"@type":"WebSite","@id":"https:\/\/www.ncse.ie\/ga\/#website","url":"https:\/\/www.ncse.ie\/ga\/","name":"NCSE","description":"National Council for Special Education","potentialAction":[{"@type":"SearchAction","target":{"@type":"EntryPoint","urlTemplate":"https:\/\/www.ncse.ie\/ga\/?s={search_term_string}"},"query-input":{"@type":"PropertyValueSpecification","valueRequired":true,"valueName":"search_term_string"}}],"inLanguage":"ga-IE"}]}},"_links":{"self":[{"href":"https:\/\/www.ncse.ie\/ga\/wp-json\/wp\/v2\/pages\/5614","targetHints":{"allow":["GET"]}}],"collection":[{"href":"https:\/\/www.ncse.ie\/ga\/wp-json\/wp\/v2\/pages"}],"about":[{"href":"https:\/\/www.ncse.ie\/ga\/wp-json\/wp\/v2\/types\/page"}],"author":[{"embeddable":true,"href":"https:\/\/www.ncse.ie\/ga\/wp-json\/wp\/v2\/users\/6"}],"replies":[{"embeddable":true,"href":"https:\/\/www.ncse.ie\/ga\/wp-json\/wp\/v2\/comments?post=5614"}],"version-history":[{"count":10,"href":"https:\/\/www.ncse.ie\/ga\/wp-json\/wp\/v2\/pages\/5614\/revisions"}],"predecessor-version":[{"id":9315,"href":"https:\/\/www.ncse.ie\/ga\/wp-json\/wp\/v2\/pages\/5614\/revisions\/9315"}],"up":[{"embeddable":true,"href":"https:\/\/www.ncse.ie\/ga\/wp-json\/wp\/v2\/pages\/5653"}],"wp:attachment":[{"href":"https:\/\/www.ncse.ie\/ga\/wp-json\/wp\/v2\/media?parent=5614"}],"curies":[{"name":"wp","href":"https:\/\/api.w.org\/{rel}","templated":true}]}}