{"id":4851,"date":"2025-10-21T11:51:10","date_gmt":"2025-10-21T11:51:10","guid":{"rendered":"https:\/\/ncse.ie\/?page_id=4851"},"modified":"2026-04-10T15:19:08","modified_gmt":"2026-04-10T15:19:08","slug":"ranganna-speisialta","status":"publish","type":"page","link":"https:\/\/www.ncse.ie\/ga\/ceannairi-scoile\/ranganna-speisialta\/","title":{"rendered":"Ranganna Speisialta"},"content":{"rendered":"<div\n\tclass=\"_es__wrapper\/base scroll-my-80 overflow-x-hidden selection:bg-primary-50 selection:text-white dark:selection:bg-neutral-5 dark:selection:text-primary-90 block-inset-x bg-primary-80 dark\"\n\t\t>\n\t<div class=\"_es__main-section\/base col-span-full pb-20 sm:pb-32 md:pb-40\">\n\t<div class=\"_es__breadcrumbs\/base flex flex-wrap gap-8 text-primary-70 dark:text-neutral-5 _es__main-section\/breadcrumbs py-12 sm:py-16\">\n\t<a\n\t\tclass=\"_es__breadcrumbs\/home hover:text-primary-40 dark:hover:text-neutral-20 focus-visible:text-primary-40 dark:focus-visible:text-neutral-20 focus-visible:outline-3 outline-offset-3 outline-primary-50 dark:outline-neutral-40 rounded-xs transition\"\n\t\thref=\"https:\/\/www.ncse.ie\/ga\/\">\n\t\t<svg width='24' height='24' viewBox='0 0 24 24' fill='none' xmlns='http:\/\/www.w3.org\/2000\/svg'><path d='M19 17.5C19 18.6046 18.1046 19.5 17 19.5H7C5.89543 19.5 5 18.6046 5 17.5V11.8721C5 11.316 5.23156 10.785 5.6391 10.4066L10.6391 5.76369C11.4065 5.05114 12.5935 5.05114 13.3609 5.76369L18.3609 10.4066C18.7684 10.785 19 11.316 19 11.8721L19 17.5Z' stroke='currentColor' stroke-width='1.5' stroke-linejoin='round'\/><\/svg>\t<\/a>\n\n\t<svg class=\"text-neutral-60 dark:text-neutral-40 select-none pointer-events-none\" width='24' height='24' viewBox='0 0 24 24' fill='none' xmlns='http:\/\/www.w3.org\/2000\/svg'><path d='M9 6L15.3667 12.3667L9 18.7333' stroke='currentColor' stroke-width='1.5' stroke-miterlimit='10' stroke-linecap='round' stroke-linejoin='round'\/><\/svg>\n\t\t\t<a\n\t\t\tclass=\"_es__breadcrumbs\/link underline underline-offset-3 hover:text-primary-40 dark:hover:text-neutral-20 focus-visible:text-primary-60 dark:focus-visible:text-neutral-5 focus-visible:outline-3 outline-offset-3 outline-primary-50 dark:outline-neutral-40 rounded-xs transition\"\n\t\t\thref=\"https:\/\/www.ncse.ie\/ga\/ceannairi-scoile\/\">\n\t\t\tCeannair\u00ed Scoile\t\t<\/a>\n\t\n\t\n\t\n\t\n\t\n\t<svg class=\"text-neutral-60 dark:text-neutral-40 select-none pointer-events-none\" width='24' height='24' viewBox='0 0 24 24' fill='none' xmlns='http:\/\/www.w3.org\/2000\/svg'><path d='M9 6L15.3667 12.3667L9 18.7333' stroke='currentColor' stroke-width='1.5' stroke-miterlimit='10' stroke-linecap='round' stroke-linejoin='round'\/><\/svg>\n\t<span class=\"select-none basis-full sm:basis-auto\">\n\t\tRanganna Speisialta\t<\/span>\n<\/div>\n\t<div class=\"_es__main-section\/content space-y-24 sm:space-y-16 sm:w-6\/8 md:w-8\/12 pt-24 sm:pt-32\">\n\t\t<h2\t\t\tclass=\"_es__main-section\/heading text-primary-90 dark:text-white text-balance text-h3 sm:text-h2\"\n\t\t>\n\t\t\tRanganna Speisialta\t\t<\/h2>\n\n\t\t\t<\/div>\n<\/div><\/div>\n\n<div\n\tclass=\"_es__wrapper\/base scroll-my-80 overflow-x-hidden selection:bg-primary-50 selection:text-white dark:selection:bg-neutral-5 dark:selection:text-primary-90 block-inset-x relative isolate bg-primary-60 dark\"\n\t\t>\n\t<div class=\"_es__call-to-action\/base col-span-full flex flex-col sm:flex-row items-start justify-between gap-24 sm:gap-32 md:gap-40 pt-56 sm:pt-80 pb-56 sm:pb-80\">\n\t<picture\n\t\t\t\tclass=\"_es__call-to-action\/mediaContainer w-full sm:w-1\/2 rounded-xs bg-neutral-10 sm:hidden\"\n\t\t>\n\t\t<img\n\t\t\tsrc=\"https:\/\/ncseproductionsa.blob.core.windows.net\/assets\/2026\/02\/Teacher-helping_little_boy_with_writing.webp\"\n\t\t\talt=\"Child writing at a desk with teacher assisting in a classroom\"\n\t\t\tclass=\"_es__image\/base size-full rounded-xs object-cover aspect-5-4 _es__call-to-action\/image rounded-xs size-full\"\n\t\t\tloading=\"lazy\" \/>\n\t<\/picture><div class=\"_es__call-to-action\/content space-y-8 sm:w-3\/8 md:w-1\/2\">\n\t\t\t<p class=\"_es__call-to-action\/eyebrow uppercase tracking-widest text-primary-60 dark:text-neutral-20 font-medium text-base mb-12\">\n\t\t\tRanganna Speisialta\t\t<\/p>\n\t\n\t<h2\t\tclass=\"_es__call-to-action\/heading text-primary-90 dark:text-white text-h2 sm:text-h2 text-balance md:max-w-5\/6\"\n\t>\n\t\tCad is rang speisialta ann?\t<\/h2>\n\n\t\t\t<p class=\"_es__call-to-action\/caption text-primary-90 dark:text-neutral-5 text-balance text-lg mt-12\">\n\t\t\tCuireann ranganna speisialta i scoileanna pr\u00edomhshrutha timpeallacht foghlama thac\u00fail ar f\u00e1il do dhalta\u00ed a bhfuil riachtanais chasta acu. <br><br>Chun \u00e1it a fh\u00e1il i scoil speisialta, n\u00ed m\u00f3r do leanbh tuairisc ghairmi\u00fail a bheith aige ina luaitear: <br>&#8211; Go bhfuil riachtanais speisialta oideachais ag an leanbh <br>&#8211; Go bhfuil rang speisialta molta ag an ngairm\u00ed <br><br>B\u00edonn c\u00f3imheas n\u00edos \u00edsle idir dalta\u00ed agus m\u00fainteoir\u00ed ag ranganna speisialta de r\u00e9ir chatag\u00f3ir an mh\u00edchumais. Cialla\u00edonn s\u00e9 seo go mb\u00edonn l\u00edon n\u00edos l\u00fa dalta\u00ed sna ranganna. <br>Mar shampla: <br>&#8211; B\u00edonn m\u00fainteoir amh\u00e1in in aghaidh gach ochtar leana\u00ed ag rang speisialta do leana\u00ed a bhfuil m\u00edchumais mheasartha foghlama ghinear\u00e1lta acu<br>&#8211; B\u00edonn m\u00fainteoir amh\u00e1in in aghaidh gach seisear leana\u00ed ag rang speisialta do leana\u00ed le huathachas <br><br>D\u00e9antar athbhreithni\u00fa gach bliain ar \u00e1it an dalta sa rang speisialta. Ba cheart go nglacfadh an t-athbhreithni\u00fa seo riachtanais agus dul chun cinn an dalta san \u00e1ireamh. <br><br>Ba cheart go gcuirfeadh ranganna speisialta ar chumas leana\u00ed oideachas a fh\u00e1il in \u00e9ineacht le dalta\u00ed eile tr\u00ed ghr\u00fapa\u00ed \u00f3 ranganna speisialta agus ranganna pr\u00edomhshrutha a mheascadh i rith an lae. <br><br>Cuirtear rang speisialta ar bun tar \u00e9is pl\u00e9 agus comhaont\u00fa \u00f3: <br>&#8211; CNOS <br>&#8211; Scoileanna <br>&#8211; Teaghlaigh dalta\u00ed a bhfuil riachtanais speisialta oideachais acu <br>&#8211; P\u00e1tr\u00fain scoile <br>&#8211; Comhlachta\u00ed bainist\u00edochta <br>&#8211; An Roinn Oideachais <br>&#8211; P\u00e1irtithe leasmhara \u00e1bhartha eile <br><br>\t\t<\/p>\n\t\n\t<div class=\"_es__call-to-action\/buttons flex flex-wrap items-center gap-16 mt-40 sm:mt-56 md:mt-80\">\n\t\t\t<\/div>\n<\/div>\n\t<picture\n\t\t\t\tclass=\"_es__call-to-action\/mediaContainer w-full sm:w-1\/2 rounded-xs bg-neutral-10 hidden sm:block\"\n\t\t>\n\t\t<img\n\t\t\tsrc=\"https:\/\/ncseproductionsa.blob.core.windows.net\/assets\/2026\/02\/Teacher-helping_little_boy_with_writing.webp\"\n\t\t\talt=\"Child writing at a desk with teacher assisting in a classroom\"\n\t\t\tclass=\"_es__image\/base size-full rounded-xs object-cover aspect-5-4 _es__call-to-action\/image rounded-xs size-full\"\n\t\t\tloading=\"lazy\" \/>\n\t<\/picture>\n\t<\/div><\/div>\n\n<div\n\tclass=\"_es__wrapper\/base scroll-my-80 overflow-x-hidden selection:bg-primary-50 selection:text-white dark:selection:bg-neutral-5 dark:selection:text-primary-90 block-inset-x relative isolate bg-neutral-30\"\n\t\t>\n\t<div class=\"_es__call-to-action\/base col-span-full flex flex-col sm:flex-row items-start justify-between gap-24 sm:gap-32 md:gap-40 pt-56 sm:pt-80 pb-56 sm:pb-80\">\n\t\n\t<picture\n\t\t\t\tclass=\"_es__call-to-action\/mediaContainer w-full sm:w-1\/2 rounded-xs bg-neutral-10\"\n\t\t>\n\t\t<img\n\t\t\tsrc=\"https:\/\/ncseproductionsa.blob.core.windows.net\/assets\/2026\/02\/Stack_of_Publications.webp\"\n\t\t\talt=\"Stack of colourful publications fanned out\"\n\t\t\tclass=\"_es__image\/base size-full rounded-xs object-cover aspect-video _es__call-to-action\/image rounded-xs size-full\"\n\t\t\tloading=\"lazy\" \/>\n\t<\/picture>\n\t<div class=\"_es__call-to-action\/content space-y-8 sm:w-3\/8 md:w-1\/2\">\n\t\t\t<p class=\"_es__call-to-action\/eyebrow uppercase tracking-widest text-primary-60 dark:text-neutral-20 font-medium text-base mb-12\">\n\t\t\tRanganna Speisialta\t\t<\/p>\n\t\n\t<h2\t\tclass=\"_es__call-to-action\/heading text-primary-90 dark:text-white text-h2 sm:text-h2 text-balance md:max-w-5\/6\"\n\t>\n\t\tTreoirl\u00ednte agus Foirmeacha Iarratais do Ranganna Speisialta\t<\/h2>\n\n\t\t\t<p class=\"_es__call-to-action\/caption text-primary-90 dark:text-neutral-5 text-balance text-lg mt-12 sm:max-w-3\/4 md:max-w-4\/6\">\n\t\t\tSa chuid seo t\u00e1:<br>&#8211; Treoirl\u00ednte ranganna speisialta do phr\u00edomhoid\u00ed agus do bhoird bhainist\u00edochta <br>&#8211; Foirmeacha a bhaineann le ranganna speisialta a bhainisti\u00fa <br>&#8211; Iarratais ar thaca\u00edocht CRS, ar iompar scoile agus ar theicneola\u00edocht ch\u00fanta \t\t<\/p>\n\t\n\t<div class=\"_es__call-to-action\/buttons flex flex-wrap items-center gap-16 mt-40 sm:mt-56 md:mt-80\">\n\t\t<a\t href='https:\/\/www.ncse.ie\/ga\/ceannairi-scoile\/ranganna-speisialta\/treoirlinte-agus-iarratais-do-scoileanna-priomhshrutha-a-bhfuil-ranganna-speisialta-acu\/' aria-label='F\u00e9ach ar Threoirl\u00ednte agus Foirmeacha Iarratais' class='_es__button\/base border border-transparent py-12 focus:outline-hidden focus-visible:outline-solid focus-visible:outline-3 outline-transparent outline-offset-3 transition enabled:cursor-pointer flex items-center gap-12 w-fit text-white bg-primary-60 hover:bg-primary-70 active:bg-primary-80 focus-visible:bg-primary-80 focus-visible:outline-primary-50 disabled:bg-secondary-5 dark:text-primary-90 dark:bg-neutral-5 dark:hover:bg-neutral-30 dark:active:bg-neutral-40 dark:focus-visible:bg-neutral-40 dark:focus-visible:outline-neutral-5 dark:disabled:bg-secondary-40 dark:disabled:text-secondary-80 px-20 rounded-xs button'>\n\t\t\t<span>F\u00e9ach ar Threoirl\u00ednte agus Foirmeacha Iarratais<\/span>\n\t\n\t<svg aria-hidden=\"true\" class=\"_es__icon\/base size-24\" width='24' height='24' viewBox='0 0 24 24' fill='none' xmlns='http:\/\/www.w3.org\/2000\/svg'><path d='M14.283 5 21 12l-6.717 7' stroke='currentColor' stroke-width='2' stroke-linecap='round' stroke-linejoin='round' fill='none'\/><path stroke='currentColor' stroke-width='2' stroke-linecap='round' d='M19.733 12.032H4' fill='none'\/><\/svg><\/a>\t<\/div>\n<\/div><\/div><\/div>\n\n<div\n\tclass=\"_es__wrapper\/base scroll-my-80 overflow-x-hidden selection:bg-primary-50 selection:text-white dark:selection:bg-neutral-5 dark:selection:text-primary-90 block-inset-x relative isolate bg-neutral-5\"\n\t\t>\n\t<div class=\"_es__call-to-action\/base col-span-full flex flex-col sm:flex-row items-start justify-between gap-24 sm:gap-32 md:gap-40 pt-56 sm:pt-80 pb-56 sm:pb-80\">\n\t<picture\n\t\t\t\tclass=\"_es__call-to-action\/mediaContainer w-full sm:w-1\/2 rounded-xs bg-neutral-10 sm:hidden\"\n\t\t>\n\t\t<img\n\t\t\tsrc=\"https:\/\/ncseproductionsa.blob.core.windows.net\/assets\/2026\/01\/Guidelines_Tickbox.webp\"\n\t\t\talt=\"Person using a stylus to mark items on a digital checklist\"\n\t\t\tclass=\"_es__image\/base size-full rounded-xs object-cover aspect-3-2 _es__call-to-action\/image rounded-xs size-full\"\n\t\t\tloading=\"lazy\" \/>\n\t<\/picture><div class=\"_es__call-to-action\/content space-y-8 sm:w-3\/8 md:w-1\/2\">\n\t\t\t<p class=\"_es__call-to-action\/eyebrow uppercase tracking-widest text-primary-60 dark:text-neutral-20 font-medium text-base mb-12\">\n\t\t\tRanganna Speisialta\t\t<\/p>\n\t\n\t<h2\t\tclass=\"_es__call-to-action\/heading text-primary-90 dark:text-white text-h2 sm:text-h2 text-balance md:max-w-5\/6\"\n\t>\n\t\tTreoirl\u00ednte maidir le Ranganna Speisialta a Bhun\u00fa agus a Eagr\u00fa\t<\/h2>\n\n\t\t\t<p class=\"_es__call-to-action\/caption text-primary-90 dark:text-neutral-5 text-balance text-lg mt-12\">\n\t\t\tTugtar treoir sna treoirl\u00ednte seo do scoileanna nuair at\u00e1 siad ag bun\u00fa, ag eagr\u00fa agus ag cur foireann ar f\u00e1il do ranganna speisialta i mbunscoileanna agus in iar-bhunscoileanna pr\u00edomhshrutha. <br><br>T\u00e1 siad \u00e1bhartha go h\u00e1irithe do bhoird bhainist\u00edochta.<br><br>Ba cheart iad a l\u00e9amh in \u00e9ineacht le Treoirl\u00ednte Aistrithe CNOS <br> \t\t<\/p>\n\t\n\t<div class=\"_es__call-to-action\/buttons flex flex-wrap items-center gap-16 mt-40 sm:mt-56 md:mt-80\">\n\t\t<a\t href='https:\/\/ncseproductionsa.blob.core.windows.net\/assets\/2025\/11\/NCSE-Guidelines-for-Setting-Up-and-Organising-Special-Classes-2024-ENG.pdf' aria-label='F\u00e9ach ar Threoirl\u00ednte maidir le Ranganna Speisialta a Bhun\u00fa agus a Eagr\u00fa' class='_es__button\/base border border-transparent py-12 focus:outline-hidden focus-visible:outline-solid focus-visible:outline-3 outline-transparent outline-offset-3 transition enabled:cursor-pointer flex items-center gap-12 w-fit text-white bg-primary-60 hover:bg-primary-70 active:bg-primary-80 focus-visible:bg-primary-80 focus-visible:outline-primary-50 disabled:bg-secondary-5 dark:text-primary-90 dark:bg-neutral-5 dark:hover:bg-neutral-30 dark:active:bg-neutral-40 dark:focus-visible:bg-neutral-40 dark:focus-visible:outline-neutral-5 dark:disabled:bg-secondary-40 dark:disabled:text-secondary-80 px-20 rounded-xs button'>\n\t\t\t<span>F\u00e9ach ar Threoirl\u00ednte maidir le Ranganna Speisialta a Bhun\u00fa agus a Eagr\u00fa<\/span>\n\t\n\t<svg aria-hidden=\"true\" class=\"_es__icon\/base size-24\" width='24' height='24' viewBox='0 0 24 24' fill='none' xmlns='http:\/\/www.w3.org\/2000\/svg'><path d='M14.283 5 21 12l-6.717 7' stroke='currentColor' stroke-width='2' stroke-linecap='round' stroke-linejoin='round' fill='none'\/><path stroke='currentColor' stroke-width='2' stroke-linecap='round' d='M19.733 12.032H4' fill='none'\/><\/svg><\/a><a\t href='https:\/\/www.ncse.ie\/ga\/tuismitheoiri-caomhnoiri\/acmhainni-do-thuismitheoiri\/aistrithe\/' aria-label='F\u00e9ach ar Threoirl\u00ednte Aistrithe' class='_es__button\/base border border-transparent py-12 focus:outline-hidden focus-visible:outline-solid focus-visible:outline-3 outline-transparent outline-offset-3 transition enabled:cursor-pointer flex items-center gap-12 w-fit text-primary-90 not-dark:border-primary-20 hover:bg-primary-10 hover:border-primary-60 active:bg-primary-20 active:border-primary-80 focus-visible:bg-primary-10 focus-visible:border-transparent focus-visible:outline-primary-50 disabled:text-secondary-40 disabled:border-secondary-40 disabled:bg-transparent dark:text-neutral-5 dark:bg-transparent dark:border-neutral-5 dark:hover:bg-primary-70 dark:hover:border-neutral-5 dark:active:bg-primary-80 dark:active:border-white dark:focus-visible:bg-primary-80 dark:focus-visible:border-neutral-5 dark:focus-visible:outline-neutral-5 dark:disabled:bg-secondary-5 dark:disabled:border-secondary-5 dark:disabled:bg-transparent px-20 rounded-xs button'>\n\t\t\t<span>F\u00e9ach ar Threoirl\u00ednte Aistrithe<\/span>\n\t\n\t<svg aria-hidden=\"true\" class=\"_es__icon\/base size-24\" width='24' height='24' viewBox='0 0 24 24' fill='none' xmlns='http:\/\/www.w3.org\/2000\/svg'><path d='M14.283 5 21 12l-6.717 7' stroke='currentColor' stroke-width='2' stroke-linecap='round' stroke-linejoin='round' fill='none'\/><path stroke='currentColor' stroke-width='2' stroke-linecap='round' d='M19.733 12.032H4' fill='none'\/><\/svg><\/a>\t<\/div>\n<\/div>\n\t<picture\n\t\t\t\tclass=\"_es__call-to-action\/mediaContainer w-full sm:w-1\/2 rounded-xs bg-neutral-10 hidden sm:block\"\n\t\t>\n\t\t<img\n\t\t\tsrc=\"https:\/\/ncseproductionsa.blob.core.windows.net\/assets\/2026\/01\/Guidelines_Tickbox.webp\"\n\t\t\talt=\"Person using a stylus to mark items on a digital checklist\"\n\t\t\tclass=\"_es__image\/base size-full rounded-xs object-cover aspect-3-2 _es__call-to-action\/image rounded-xs size-full\"\n\t\t\tloading=\"lazy\" \/>\n\t<\/picture>\n\t<\/div><\/div>\n\n<div\n\tclass=\"_es__wrapper\/base scroll-my-80 overflow-x-hidden selection:bg-primary-50 selection:text-white dark:selection:bg-neutral-5 dark:selection:text-primary-90 block-inset-x relative isolate bg-white\"\n\t\t>\n\t<div class=\"_es__call-to-action\/base col-span-full flex flex-col sm:flex-row items-start justify-between gap-24 sm:gap-32 md:gap-40 pt-56 sm:pt-80 pb-56 sm:pb-80\">\n\t\n\t<picture\n\t\t\t\tclass=\"_es__call-to-action\/mediaContainer w-full sm:w-1\/2 rounded-xs bg-neutral-10\"\n\t\t>\n\t\t<img\n\t\t\tsrc=\"https:\/\/ncseproductionsa.blob.core.windows.net\/assets\/2026\/01\/Special_Classes_Map-2.webp\"\n\t\t\talt=\"Map of Ireland with numerous location markers distributed across the country depicting special classes\"\n\t\t\tclass=\"_es__image\/base size-full rounded-xs object-cover aspect-video _es__call-to-action\/image rounded-xs size-full\"\n\t\t\tloading=\"lazy\" \/>\n\t<\/picture>\n\t<div class=\"_es__call-to-action\/content space-y-8 sm:w-3\/8 md:w-1\/2\">\n\t\t\t<p class=\"_es__call-to-action\/eyebrow uppercase tracking-widest text-primary-60 dark:text-neutral-20 font-medium text-base mb-12\">\n\t\t\tRanganna Speisialta\t\t<\/p>\n\t\n\t<h2\t\tclass=\"_es__call-to-action\/heading text-primary-90 dark:text-white text-h2 sm:text-h2 text-balance md:max-w-5\/6\"\n\t>\n\t\tLiosta de Scoileanna Pr\u00edomhshrutha a bhfuil Ranganna Speisialta iontu\t<\/h2>\n\n\t\t\t<p class=\"_es__call-to-action\/caption text-primary-90 dark:text-neutral-5 text-balance text-lg mt-12 sm:max-w-3\/4 md:max-w-4\/6\">\n\t\t\tFoils\u00edonn CNOS liosta gach bliain de na bunscoileanna agus de na hiar-bhunscoileanna pr\u00edomhshrutha a bhfuil ranganna speisialta iontu. \t\t<\/p>\n\t\n\t<div class=\"_es__call-to-action\/buttons flex flex-wrap items-center gap-16 mt-40 sm:mt-56 md:mt-80\">\n\t\t<a\t href='https:\/\/www.ncse.ie\/ga\/cnos\/sonrai-agus-staitistici\/liostai-de-scoileanna-priomhshrutha-ina-bhfuil-ranganna-speisialta\/' aria-label='F\u00e9ach ar Liosta\u00ed de Ranganna Speisialta' class='_es__button\/base border border-transparent py-12 focus:outline-hidden focus-visible:outline-solid focus-visible:outline-3 outline-transparent outline-offset-3 transition enabled:cursor-pointer flex items-center gap-12 w-fit text-white bg-primary-60 hover:bg-primary-70 active:bg-primary-80 focus-visible:bg-primary-80 focus-visible:outline-primary-50 disabled:bg-secondary-5 dark:text-primary-90 dark:bg-neutral-5 dark:hover:bg-neutral-30 dark:active:bg-neutral-40 dark:focus-visible:bg-neutral-40 dark:focus-visible:outline-neutral-5 dark:disabled:bg-secondary-40 dark:disabled:text-secondary-80 px-20 rounded-xs button'>\n\t\t\t<span>F\u00e9ach ar Liosta\u00ed de Ranganna Speisialta<\/span>\n\t\n\t<svg aria-hidden=\"true\" class=\"_es__icon\/base size-24\" width='24' height='24' viewBox='0 0 24 24' fill='none' xmlns='http:\/\/www.w3.org\/2000\/svg'><path d='M14.283 5 21 12l-6.717 7' stroke='currentColor' stroke-width='2' stroke-linecap='round' stroke-linejoin='round' fill='none'\/><path stroke='currentColor' stroke-width='2' stroke-linecap='round' d='M19.733 12.032H4' fill='none'\/><\/svg><\/a>\t<\/div>\n<\/div><\/div><\/div>","protected":false},"excerpt":{"rendered":"","protected":false},"author":6,"featured_media":0,"parent":5604,"menu_order":0,"comment_status":"closed","ping_status":"closed","template":"","meta":{"es_utils_meta_schema":"","footnotes":""},"class_list":["post-4851","page","type-page","status-publish","hentry"],"yoast_head":"<!-- This site is optimized with the Yoast SEO plugin v27.3 - https:\/\/yoast.com\/product\/yoast-seo-wordpress\/ -->\n<title>Ranganna Speisialta - NCSE<\/title>\n<meta name=\"robots\" content=\"index, follow, max-snippet:-1, max-image-preview:large, max-video-preview:-1\" \/>\n<link rel=\"canonical\" href=\"https:\/\/www.ncse.ie\/ga\/ceannairi-scoile\/ranganna-speisialta\/\" \/>\n<meta property=\"og:locale\" content=\"ga_IE\" \/>\n<meta property=\"og:type\" content=\"article\" \/>\n<meta property=\"og:title\" content=\"Ranganna Speisialta - NCSE\" \/>\n<meta property=\"og:url\" content=\"https:\/\/www.ncse.ie\/ga\/ceannairi-scoile\/ranganna-speisialta\/\" \/>\n<meta property=\"og:site_name\" content=\"NCSE\" \/>\n<meta property=\"article:modified_time\" content=\"2026-04-10T15:19:08+00:00\" \/>\n<meta name=\"twitter:card\" content=\"summary_large_image\" \/>\n<script type=\"application\/ld+json\" class=\"yoast-schema-graph\">{\"@context\":\"https:\\\/\\\/schema.org\",\"@graph\":[{\"@type\":\"WebPage\",\"@id\":\"https:\\\/\\\/www.ncse.ie\\\/ga\\\/ceannairi-scoile\\\/ranganna-speisialta\\\/\",\"url\":\"https:\\\/\\\/www.ncse.ie\\\/ga\\\/ceannairi-scoile\\\/ranganna-speisialta\\\/\",\"name\":\"Ranganna Speisialta - NCSE\",\"isPartOf\":{\"@id\":\"https:\\\/\\\/www.ncse.ie\\\/ga\\\/#website\"},\"datePublished\":\"2025-10-21T11:51:10+00:00\",\"dateModified\":\"2026-04-10T15:19:08+00:00\",\"breadcrumb\":{\"@id\":\"https:\\\/\\\/www.ncse.ie\\\/ga\\\/ceannairi-scoile\\\/ranganna-speisialta\\\/#breadcrumb\"},\"inLanguage\":\"ga-IE\",\"potentialAction\":[{\"@type\":\"ReadAction\",\"target\":[\"https:\\\/\\\/www.ncse.ie\\\/ga\\\/ceannairi-scoile\\\/ranganna-speisialta\\\/\"]}]},{\"@type\":\"BreadcrumbList\",\"@id\":\"https:\\\/\\\/www.ncse.ie\\\/ga\\\/ceannairi-scoile\\\/ranganna-speisialta\\\/#breadcrumb\",\"itemListElement\":[{\"@type\":\"ListItem\",\"position\":1,\"name\":\"Home\",\"item\":\"https:\\\/\\\/www.ncse.ie\\\/ga\\\/\"},{\"@type\":\"ListItem\",\"position\":2,\"name\":\"Ceannair\u00ed Scoile\",\"item\":\"https:\\\/\\\/www.ncse.ie\\\/ga\\\/ceannairi-scoile\\\/\"},{\"@type\":\"ListItem\",\"position\":3,\"name\":\"Ranganna Speisialta\"}]},{\"@type\":\"WebSite\",\"@id\":\"https:\\\/\\\/www.ncse.ie\\\/ga\\\/#website\",\"url\":\"https:\\\/\\\/www.ncse.ie\\\/ga\\\/\",\"name\":\"NCSE\",\"description\":\"National Council for Special Education\",\"potentialAction\":[{\"@type\":\"SearchAction\",\"target\":{\"@type\":\"EntryPoint\",\"urlTemplate\":\"https:\\\/\\\/www.ncse.ie\\\/ga\\\/?s={search_term_string}\"},\"query-input\":{\"@type\":\"PropertyValueSpecification\",\"valueRequired\":true,\"valueName\":\"search_term_string\"}}],\"inLanguage\":\"ga-IE\"}]}<\/script>\n<!-- \/ Yoast SEO plugin. -->","yoast_head_json":{"title":"Ranganna Speisialta - NCSE","robots":{"index":"index","follow":"follow","max-snippet":"max-snippet:-1","max-image-preview":"max-image-preview:large","max-video-preview":"max-video-preview:-1"},"canonical":"https:\/\/www.ncse.ie\/ga\/ceannairi-scoile\/ranganna-speisialta\/","og_locale":"ga_IE","og_type":"article","og_title":"Ranganna Speisialta - NCSE","og_url":"https:\/\/www.ncse.ie\/ga\/ceannairi-scoile\/ranganna-speisialta\/","og_site_name":"NCSE","article_modified_time":"2026-04-10T15:19:08+00:00","twitter_card":"summary_large_image","schema":{"@context":"https:\/\/schema.org","@graph":[{"@type":"WebPage","@id":"https:\/\/www.ncse.ie\/ga\/ceannairi-scoile\/ranganna-speisialta\/","url":"https:\/\/www.ncse.ie\/ga\/ceannairi-scoile\/ranganna-speisialta\/","name":"Ranganna Speisialta - NCSE","isPartOf":{"@id":"https:\/\/www.ncse.ie\/ga\/#website"},"datePublished":"2025-10-21T11:51:10+00:00","dateModified":"2026-04-10T15:19:08+00:00","breadcrumb":{"@id":"https:\/\/www.ncse.ie\/ga\/ceannairi-scoile\/ranganna-speisialta\/#breadcrumb"},"inLanguage":"ga-IE","potentialAction":[{"@type":"ReadAction","target":["https:\/\/www.ncse.ie\/ga\/ceannairi-scoile\/ranganna-speisialta\/"]}]},{"@type":"BreadcrumbList","@id":"https:\/\/www.ncse.ie\/ga\/ceannairi-scoile\/ranganna-speisialta\/#breadcrumb","itemListElement":[{"@type":"ListItem","position":1,"name":"Home","item":"https:\/\/www.ncse.ie\/ga\/"},{"@type":"ListItem","position":2,"name":"Ceannair\u00ed Scoile","item":"https:\/\/www.ncse.ie\/ga\/ceannairi-scoile\/"},{"@type":"ListItem","position":3,"name":"Ranganna Speisialta"}]},{"@type":"WebSite","@id":"https:\/\/www.ncse.ie\/ga\/#website","url":"https:\/\/www.ncse.ie\/ga\/","name":"NCSE","description":"National Council for Special Education","potentialAction":[{"@type":"SearchAction","target":{"@type":"EntryPoint","urlTemplate":"https:\/\/www.ncse.ie\/ga\/?s={search_term_string}"},"query-input":{"@type":"PropertyValueSpecification","valueRequired":true,"valueName":"search_term_string"}}],"inLanguage":"ga-IE"}]}},"_links":{"self":[{"href":"https:\/\/www.ncse.ie\/ga\/wp-json\/wp\/v2\/pages\/4851","targetHints":{"allow":["GET"]}}],"collection":[{"href":"https:\/\/www.ncse.ie\/ga\/wp-json\/wp\/v2\/pages"}],"about":[{"href":"https:\/\/www.ncse.ie\/ga\/wp-json\/wp\/v2\/types\/page"}],"author":[{"embeddable":true,"href":"https:\/\/www.ncse.ie\/ga\/wp-json\/wp\/v2\/users\/6"}],"replies":[{"embeddable":true,"href":"https:\/\/www.ncse.ie\/ga\/wp-json\/wp\/v2\/comments?post=4851"}],"version-history":[{"count":13,"href":"https:\/\/www.ncse.ie\/ga\/wp-json\/wp\/v2\/pages\/4851\/revisions"}],"predecessor-version":[{"id":8971,"href":"https:\/\/www.ncse.ie\/ga\/wp-json\/wp\/v2\/pages\/4851\/revisions\/8971"}],"up":[{"embeddable":true,"href":"https:\/\/www.ncse.ie\/ga\/wp-json\/wp\/v2\/pages\/5604"}],"wp:attachment":[{"href":"https:\/\/www.ncse.ie\/ga\/wp-json\/wp\/v2\/media?parent=4851"}],"curies":[{"name":"wp","href":"https:\/\/api.w.org\/{rel}","templated":true}]}}